{"id":9117,"date":"2021-05-14T09:18:27","date_gmt":"2021-05-14T09:18:27","guid":{"rendered":"https:\/\/auladeclio.com\/auladeclio\/?page_id=9117"},"modified":"2021-06-11T08:07:47","modified_gmt":"2021-06-11T08:07:47","slug":"comentario-de-una-fotografia-historica","status":"publish","type":"page","link":"https:\/\/auladeclio.com\/auladeclio\/comentario-de-una-fotografia-historica\/","title":{"rendered":"COMENTARIO DE UNA FOTOGRAF\u00cdA HIST\u00d3RICA"},"content":{"rendered":"<div class=\"wpb-content-wrapper\">[vc_row][vc_column width=&#8221;1\/3&#8243; offset=&#8221;vc_col-lg-offset-0 vc_col-md-offset-0 vc_col-sm-offset-0 vc_col-xs-3&#8243;][vc_icon icon_fontawesome=&#8221;fa fa-chevron-left&#8221; color=&#8221;sky&#8221; link=&#8221;|title:EP%C3%8DGRAFE%20ANTERIOR||&#8221;][\/vc_column][vc_column width=&#8221;1\/3&#8243; offset=&#8221;vc_col-lg-offset-0 vc_col-md-offset-0 vc_col-sm-offset-0 vc_col-xs-offset-1 vc_col-xs-3&#8243;][vc_icon icon_fontawesome=&#8221;fa fa-list&#8221; color=&#8221;sky&#8221; align=&#8221;center&#8221; link=&#8221;|title:%C3%8DNDICE%20DE%20EP%C3%8DGRAFES||&#8221;][\/vc_column][vc_column width=&#8221;1\/3&#8243; offset=&#8221;vc_col-lg-offset-0 vc_col-md-offset-0 vc_col-sm-offset-0 vc_col-xs-offset-1 vc_col-xs-3&#8243;][vc_icon icon_fontawesome=&#8221;fa fa-chevron-right&#8221; color=&#8221;sky&#8221; align=&#8221;right&#8221; link=&#8221;|title:EP%C3%8DGRAFE%20SIGUIENTE||&#8221;][\/vc_column][\/vc_row][vc_row][vc_column][vc_tta_tabs style=&#8221;outline&#8221; shape=&#8221;square&#8221; color=&#8221;sky&#8221; active_section=&#8221;1&#8243; pagination_style=&#8221;flat-rounded&#8221; pagination_color=&#8221;blue&#8221;][vc_tta_section i_icon_fontawesome=&#8221;fas fa-graduation-cap&#8221; add_icon=&#8221;true&#8221; title=&#8221;TEOR\u00cdA&#8221; tab_id=&#8221;1509006569048-f59e903e-56d1&#8243;][vc_wp_text]\n<h2>LA FOTOGRAF\u00cdA Y LA HISTORIA<\/h2>\n<p>El siglo XIX vio nacer un nuevo m\u00e9todo para capturar la realidad, la fotograf\u00eda. Hasta entonces hab\u00edan sido los artistas los encargados de intentar conseguir plasmar en una escultura o en una pintura la realidad que nuestros ojos ve\u00edan en un instante concreto en un lugar determinado.<\/p>\n<div class=\"row\"><div class=\"col-lg-6 col-md-12 col-sm-12 col-12\">\n<p>Fue el f\u00edsico franc\u00e9s Joseph Nic\u00e9phore Niepce en 1827 quien hizo las primeras fotograf\u00edas, conocidas como heliograf\u00edas, se sucedieron a lo largo del siglo los experimentos que perfeccionaron el nuevo invento.<\/p>\n<p>A finales del siglo XIX en Espa\u00f1a, los productos fotogr\u00e1ficos a\u00fan constitu\u00edan elementos de tecnolog\u00eda punta importados del extranjero, y eran unos pocos fot\u00f3grafos profesionales los que los utilizaban, ya que se requer\u00edan grandes c\u00e1maras y placas fotogr\u00e1ficas de cristal. En las primeras d\u00e9cadas del siglo XX, con la introducci\u00f3n de la pel\u00edcula y la c\u00e1mara port\u00e1til, la situaci\u00f3n empez\u00f3 a cambiar y la fotograf\u00eda se puso, poco a poco, al alcance del p\u00fablico en general. Paralelamente, las fotos dejaron de ser algo singular y extraordinario, reservado a los grandes acontecimientos, para convertirse en objetos habituales en el entorno familiar.<\/p>\n<p>\u00bfQu\u00e9 informaci\u00f3n proporcionan las fotograf\u00edas? Desde la perspectiva de la historia familiar, estas permiten establecer y datar efem\u00e9rides como nacimientos, enlaces, celebraciones, viajes u otros, e identificar a las personas que participaron en ellas.<\/p>\n<\/div>\n<div class=\"col-lg-6 col-md-12 col-sm-12 col-12\">\n<figure id=\"attachment_9491\" class=\"thumbnail wp-caption aligncenter\" style=\"width: 1210px\"><a href=\"https:\/\/auladeclio.com\/auladeclio\/wp-content\/uploads\/2021\/06\/LA-PRIMERA-FOTOGRAFIA-DE-LA-HISTORIA.jpg\"><img loading=\"lazy\" decoding=\"async\" class=\"size-full wp-image-9491\" src=\"https:\/\/auladeclio.com\/auladeclio\/wp-content\/uploads\/2021\/06\/LA-PRIMERA-FOTOGRAFIA-DE-LA-HISTORIA.jpg\" alt=\"\" width=\"1200\" height=\"677\" srcset=\"https:\/\/auladeclio.com\/auladeclio\/wp-content\/uploads\/2021\/06\/LA-PRIMERA-FOTOGRAFIA-DE-LA-HISTORIA.jpg 1200w, https:\/\/auladeclio.com\/auladeclio\/wp-content\/uploads\/2021\/06\/LA-PRIMERA-FOTOGRAFIA-DE-LA-HISTORIA-300x169.jpg 300w, https:\/\/auladeclio.com\/auladeclio\/wp-content\/uploads\/2021\/06\/LA-PRIMERA-FOTOGRAFIA-DE-LA-HISTORIA-1024x578.jpg 1024w, https:\/\/auladeclio.com\/auladeclio\/wp-content\/uploads\/2021\/06\/LA-PRIMERA-FOTOGRAFIA-DE-LA-HISTORIA-768x433.jpg 768w\" sizes=\"auto, (max-width: 1200px) 100vw, 1200px\" \/><\/a><figcaption class=\"caption wp-caption-text\"><span style=\"font-size: 10pt;\">LA PRIMERA FOTOGRAF\u00cdA DE LA HISTORIA QUE SE CONSERVA FUE TOMADA EN 1826 POR EL INGENIERO FRANC\u00c9S NIC\u00c9PHORE NI\u00c9PCE DESDE LA VENTANA DE SU GRANERO DE SAINT LOUP DE VARENNES, EN FRANCIA.<\/span><\/figcaption><\/figure>\n<\/div><\/div>Pero su valor hist\u00f3rico es otro. La informaci\u00f3n gr\u00e1fica que proporcionan las fotos es un claro indicador del cambio social, econ\u00f3mico y cultural, as\u00ed como de la progresiva modernizaci\u00f3n del pa\u00eds. Por lo tanto, una mirada desde la historia convierte a las fotograf\u00edas familiares en documentos valiosos, en testimonios del cambio social.[\/vc_wp_text][\/vc_tta_section][vc_tta_section i_position=&#8221;right&#8221; i_type=&#8221;material&#8221; i_icon_material=&#8221;vc-material vc-material-filter_1&#8243; add_icon=&#8221;true&#8221; title=&#8221;EJEMPLO&#8221; tab_id=&#8221;1509006579146-16897097-dde9&#8243;][vc_cta h2=&#8221;PRIMERA FOTO EN LA QUE APARECE UN SER HUMANO (1839 PAR\u00cdS)&#8221; h4=&#8221;Louis Daguerre&#8221;]<figure id=\"attachment_3505\" class=\"thumbnail wp-caption aligncenter\" style=\"width: 2510px\"><a href=\"https:\/\/auladeclio.com\/auladeclio\/wp-content\/uploads\/2018\/08\/PRIMERA-FOTO-DE-LA-HISTORIA-EN-LA-QUE-APARECE-UN-SER-HUMANO-EN-EL-BOULEVARD-DU-TEMPLE-EN-PAR\u00cdS-1838.jpg\"><img loading=\"lazy\" decoding=\"async\" class=\"size-full wp-image-3505\" src=\"https:\/\/auladeclio.com\/auladeclio\/wp-content\/uploads\/2018\/08\/PRIMERA-FOTO-DE-LA-HISTORIA-EN-LA-QUE-APARECE-UN-SER-HUMANO-EN-EL-BOULEVARD-DU-TEMPLE-EN-PAR\u00cdS-1838.jpg\" alt=\"\" width=\"2500\" height=\"1796\" srcset=\"https:\/\/auladeclio.com\/auladeclio\/wp-content\/uploads\/2018\/08\/PRIMERA-FOTO-DE-LA-HISTORIA-EN-LA-QUE-APARECE-UN-SER-HUMANO-EN-EL-BOULEVARD-DU-TEMPLE-EN-PAR\u00cdS-1838.jpg 2500w, https:\/\/auladeclio.com\/auladeclio\/wp-content\/uploads\/2018\/08\/PRIMERA-FOTO-DE-LA-HISTORIA-EN-LA-QUE-APARECE-UN-SER-HUMANO-EN-EL-BOULEVARD-DU-TEMPLE-EN-PAR\u00cdS-1838-300x216.jpg 300w, https:\/\/auladeclio.com\/auladeclio\/wp-content\/uploads\/2018\/08\/PRIMERA-FOTO-DE-LA-HISTORIA-EN-LA-QUE-APARECE-UN-SER-HUMANO-EN-EL-BOULEVARD-DU-TEMPLE-EN-PAR\u00cdS-1838-768x552.jpg 768w, https:\/\/auladeclio.com\/auladeclio\/wp-content\/uploads\/2018\/08\/PRIMERA-FOTO-DE-LA-HISTORIA-EN-LA-QUE-APARECE-UN-SER-HUMANO-EN-EL-BOULEVARD-DU-TEMPLE-EN-PAR\u00cdS-1838-1024x736.jpg 1024w\" sizes=\"auto, (max-width: 2500px) 100vw, 2500px\" \/><\/a><figcaption class=\"caption wp-caption-text\"><span style=\"font-size: 10pt;\">PRIMERA FOTO DE LA HISTORIA EN LA QUE APARECE UN SER HUMANO EN EL BOULEVARD DU TEMPLE EN PAR\u00cdS (1838)<\/span><\/figcaption><\/figure>[\/vc_cta][\/vc_tta_section][vc_tta_section i_position=&#8221;right&#8221; i_type=&#8221;material&#8221; i_icon_material=&#8221;vc-material vc-material-filter_2&#8243; add_icon=&#8221;true&#8221; title=&#8221;EJEMPLO&#8221; tab_id=&#8221;1520438215273-bfb2598c-dd88&#8243;][vc_cta h2=&#8221;NAPOLE\u00d3N III Y LA REINA VICTORIA EN EL CRYSTAL PALACE (1855)&#8221; h4=&#8221;An\u00f3nimo&#8221;]<div class=\"row\"><div class=\"col-lg-6 col-md-12 col-sm-12 col-12\">\n<figure id=\"attachment_9482\" class=\"thumbnail wp-caption aligncenter\" style=\"width: 462px\"><a href=\"https:\/\/auladeclio.com\/auladeclio\/wp-content\/uploads\/2021\/06\/NAPOLEON-III-Y-LA-REINA-VICTORIA-EN-1855-LONDRES.jpg\"><img loading=\"lazy\" decoding=\"async\" class=\"size-full wp-image-9482\" src=\"https:\/\/auladeclio.com\/auladeclio\/wp-content\/uploads\/2021\/06\/NAPOLEON-III-Y-LA-REINA-VICTORIA-EN-1855-LONDRES.jpg\" alt=\"\" width=\"452\" height=\"508\" srcset=\"https:\/\/auladeclio.com\/auladeclio\/wp-content\/uploads\/2021\/06\/NAPOLEON-III-Y-LA-REINA-VICTORIA-EN-1855-LONDRES.jpg 452w, https:\/\/auladeclio.com\/auladeclio\/wp-content\/uploads\/2021\/06\/NAPOLEON-III-Y-LA-REINA-VICTORIA-EN-1855-LONDRES-267x300.jpg 267w\" sizes=\"auto, (max-width: 452px) 100vw, 452px\" \/><\/a><figcaption class=\"caption wp-caption-text\"><span style=\"font-size: 10pt;\">NAPOLE\u00d3N III Y LA REINA VICTORIA EN EL CRYSTAL PALACE (LONDRES) 1855<\/span><\/figcaption><\/figure>\n<\/div>\n<div class=\"col-lg-6 col-md-12 col-sm-12 col-12\">\n<p><span style=\"color: #ffffff;\">.<\/span><\/p>\n<p><span style=\"color: #ffffff;\">.<\/span><\/p>\n<figure id=\"attachment_5695\" class=\"thumbnail wp-caption aligncenter\" style=\"width: 972px\"><a href=\"https:\/\/auladeclio.com\/auladeclio\/wp-content\/uploads\/2019\/12\/10460150-6761029-image-m-25_1551452594920.jpg\"><img loading=\"lazy\" decoding=\"async\" class=\"size-full wp-image-5695\" src=\"https:\/\/auladeclio.com\/auladeclio\/wp-content\/uploads\/2019\/12\/10460150-6761029-image-m-25_1551452594920.jpg\" alt=\"\" width=\"962\" height=\"624\" srcset=\"https:\/\/auladeclio.com\/auladeclio\/wp-content\/uploads\/2019\/12\/10460150-6761029-image-m-25_1551452594920.jpg 962w, https:\/\/auladeclio.com\/auladeclio\/wp-content\/uploads\/2019\/12\/10460150-6761029-image-m-25_1551452594920-300x195.jpg 300w, https:\/\/auladeclio.com\/auladeclio\/wp-content\/uploads\/2019\/12\/10460150-6761029-image-m-25_1551452594920-768x498.jpg 768w\" sizes=\"auto, (max-width: 962px) 100vw, 962px\" \/><\/a><figcaption class=\"caption wp-caption-text\">NAPOLE\u00d3N III (PRIMERO POR LA IZQUIERDA) Y LA REINA VICTORIA (TERCERA POR LA IZQUIERDA) CON SUS PAREJAS EN LONDRES EN 1855<\/figcaption><\/figure>\n<\/div><\/div>[\/vc_cta][\/vc_tta_section][vc_tta_section i_position=&#8221;right&#8221; i_type=&#8221;material&#8221; i_icon_material=&#8221;vc-material vc-material-filter_3&#8243; add_icon=&#8221;true&#8221; title=&#8221;EJEMPLO&#8221; tab_id=&#8221;1524164322459-38712b94-b327&#8243;][vc_cta h2=&#8221;FOSA COM\u00daN EN WOUNDED KNEE. DAKOTA DEL SUR (1891)&#8221; h4=&#8221;Publicada el 17 de enero de 1891 por Northwestern Photo Co. (Trager &#038; Kuhn) Chadron, Neb.&#8221;]<figure id=\"attachment_6258\" class=\"thumbnail wp-caption aligncenter\" style=\"width: 1853px\"><a href=\"https:\/\/auladeclio.com\/auladeclio\/wp-content\/uploads\/2020\/03\/ENTIERRO-EN-UNA-FOSA-COM\u00daN-DE-ALGUNOS-DE-LOS-NATIVOS-LAKOTA-MUERTOS-EN-WOUNDED-KNEE-1890.jpg\"><img loading=\"lazy\" decoding=\"async\" class=\"size-full wp-image-6258\" src=\"https:\/\/auladeclio.com\/auladeclio\/wp-content\/uploads\/2020\/03\/ENTIERRO-EN-UNA-FOSA-COM\u00daN-DE-ALGUNOS-DE-LOS-NATIVOS-LAKOTA-MUERTOS-EN-WOUNDED-KNEE-1890.jpg\" alt=\"\" width=\"1843\" height=\"1330\" srcset=\"https:\/\/auladeclio.com\/auladeclio\/wp-content\/uploads\/2020\/03\/ENTIERRO-EN-UNA-FOSA-COM\u00daN-DE-ALGUNOS-DE-LOS-NATIVOS-LAKOTA-MUERTOS-EN-WOUNDED-KNEE-1890.jpg 1843w, https:\/\/auladeclio.com\/auladeclio\/wp-content\/uploads\/2020\/03\/ENTIERRO-EN-UNA-FOSA-COM\u00daN-DE-ALGUNOS-DE-LOS-NATIVOS-LAKOTA-MUERTOS-EN-WOUNDED-KNEE-1890-300x216.jpg 300w, https:\/\/auladeclio.com\/auladeclio\/wp-content\/uploads\/2020\/03\/ENTIERRO-EN-UNA-FOSA-COM\u00daN-DE-ALGUNOS-DE-LOS-NATIVOS-LAKOTA-MUERTOS-EN-WOUNDED-KNEE-1890-1024x739.jpg 1024w, https:\/\/auladeclio.com\/auladeclio\/wp-content\/uploads\/2020\/03\/ENTIERRO-EN-UNA-FOSA-COM\u00daN-DE-ALGUNOS-DE-LOS-NATIVOS-LAKOTA-MUERTOS-EN-WOUNDED-KNEE-1890-768x554.jpg 768w, https:\/\/auladeclio.com\/auladeclio\/wp-content\/uploads\/2020\/03\/ENTIERRO-EN-UNA-FOSA-COM\u00daN-DE-ALGUNOS-DE-LOS-NATIVOS-LAKOTA-MUERTOS-EN-WOUNDED-KNEE-1890-1536x1108.jpg 1536w\" sizes=\"auto, (max-width: 1843px) 100vw, 1843px\" \/><\/a><figcaption class=\"caption wp-caption-text\">ENTIERRO EN UNA FOSA COM\u00daN DE ALGUNOS DE LOS NATIVOS LAKOTA MUERTOS EN WOUNDED KNEE (1891)<\/figcaption><\/figure>[\/vc_cta][\/vc_tta_section][vc_tta_section i_position=&#8221;right&#8221; i_type=&#8221;material&#8221; i_icon_material=&#8221;vc-material vc-material-filter_4&#8243; add_icon=&#8221;true&#8221; title=&#8221;EJEMPLO&#8221; tab_id=&#8221;1524164499297-d8938bdf-1969&#8243;][vc_cta h2=&#8221;GUILLERMO II EN T\u00c1NGER EN 1905&#8243; h4=&#8221;An\u00f3nimo&#8221;]<figure id=\"attachment_9484\" class=\"thumbnail wp-caption aligncenter\" style=\"width: 1210px\"><a href=\"https:\/\/auladeclio.com\/auladeclio\/wp-content\/uploads\/2021\/06\/GUILLERMO-II-EN-TANGER-EN-1905.jpg\"><img loading=\"lazy\" decoding=\"async\" class=\"size-full wp-image-9484\" src=\"https:\/\/auladeclio.com\/auladeclio\/wp-content\/uploads\/2021\/06\/GUILLERMO-II-EN-TANGER-EN-1905.jpg\" alt=\"\" width=\"1200\" height=\"717\" srcset=\"https:\/\/auladeclio.com\/auladeclio\/wp-content\/uploads\/2021\/06\/GUILLERMO-II-EN-TANGER-EN-1905.jpg 1200w, https:\/\/auladeclio.com\/auladeclio\/wp-content\/uploads\/2021\/06\/GUILLERMO-II-EN-TANGER-EN-1905-300x179.jpg 300w, https:\/\/auladeclio.com\/auladeclio\/wp-content\/uploads\/2021\/06\/GUILLERMO-II-EN-TANGER-EN-1905-1024x612.jpg 1024w, https:\/\/auladeclio.com\/auladeclio\/wp-content\/uploads\/2021\/06\/GUILLERMO-II-EN-TANGER-EN-1905-768x459.jpg 768w\" sizes=\"auto, (max-width: 1200px) 100vw, 1200px\" \/><\/a><figcaption class=\"caption wp-caption-text\"><span style=\"font-size: 10pt;\">GUILLERMO II EN TANGER EN 1905<\/span><\/figcaption><\/figure>[\/vc_cta][\/vc_tta_section][vc_tta_section i_position=&#8221;right&#8221; i_type=&#8221;material&#8221; i_icon_material=&#8221;vc-material vc-material-filter_5&#8243; add_icon=&#8221;true&#8221; title=&#8221;EJEMPLO&#8221; tab_id=&#8221;1526745788609-cdd908a7-6876&#8243;][vc_cta h2=&#8221;DOS FOTOGRAF\u00cdAS MODIFICADAS DE LENIN DANDO UN DISCURSO (5 de mayo de 1920)&#8221; h4=&#8221;Autor de la imagen original: Gregory Goldstein&#8221;]<style type=\"text\/css\">\n#foogallery-gallery-9485 { --fg-gutter: 10px; }<\/style>\n\t\t\t<div class=\"foogallery foogallery-container foogallery-foogridpro foogrid foogrid-cols-2 fg-foogridpro fg-ready fg-light fg-border-thin fg-shadow-outline fg-loading-default fg-loaded-fade-in fg-caption-hover fg-hover-fade fg-hover-zoom foogrid-cols-2 fg-16-9 foogrid-transition-fade\" id=\"foogallery-gallery-9485\" data-foogallery=\"{&quot;template&quot;:{&quot;thumbs&quot;:&quot;none&quot;,&quot;info&quot;:&quot;bottom&quot;,&quot;infoVisible&quot;:true,&quot;infoOverlay&quot;:true,&quot;infoAlign&quot;:&quot;default&quot;,&quot;transition&quot;:&quot;fade&quot;,&quot;hoverButtons&quot;:false,&quot;fitMedia&quot;:false,&quot;noScrollbars&quot;:true,&quot;preserveButtonSpace&quot;:true,&quot;buttons&quot;:{&quot;fullscreen&quot;:false,&quot;maximize&quot;:true,&quot;info&quot;:true,&quot;thumbs&quot;:false},&quot;video&quot;:{&quot;autoPlay&quot;:true},&quot;loop&quot;:true,&quot;scroll&quot;:false,&quot;scrollSmooth&quot;:true,&quot;openByDefault&quot;:false},&quot;item&quot;:{&quot;showCaptionTitle&quot;:false,&quot;showCaptionDescription&quot;:true},&quot;lazy&quot;:true,&quot;state&quot;:{&quot;enabled&quot;:true,&quot;mask&quot;:&quot;foogallery-{id}&quot;}}\" style=\"--fg-title-line-clamp: 0; --fg-description-line-clamp: 0;\" >\r\n\t<div class=\"fg-item fg-type-image fg-idle\"><figure class=\"fg-item-inner\"><a href=\"https:\/\/auladeclio.com\/auladeclio\/wp-content\/uploads\/2021\/06\/LENIN-TROTSKY2.jpg\" data-caption-title=\"LENIN SE DIRIGE A MILITARES SOVI\u00c9TICOS EN MOSC\u00da CON TROTSKY A LA DERECHA\" data-caption-desc=\"LENIN SE DIRIGE A MILITARES SOVI\u00c9TICOS EN MOSC\u00da CON TROTSKY A LA DERECHA\" data-attachment-id=\"9489\" data-type=\"image\" class=\"fg-thumb\"><span class=\"fg-image-wrap\"><img fetchpriority=\"high\" decoding=\"async\" title=\"LENIN SE DIRIGE A MILITARES SOVI\u00c9TICOS EN MOSC\u00da CON TROTSKY A LA DERECHA\" width=\"700\" height=\"500\" class=\"skip-lazy fg-image\" data-src-fg=\"https:\/\/auladeclio.com\/auladeclio\/wp-content\/uploads\/cache\/2021\/06\/LENIN-TROTSKY2\/4126045706.jpg\" src=\"data:image\/svg+xml,%3Csvg%20xmlns%3D%22http%3A%2F%2Fwww.w3.org%2F2000%2Fsvg%22%20width%3D%22700%22%20height%3D%22500%22%20viewBox%3D%220%200%20700%20500%22%3E%3C%2Fsvg%3E\" loading=\"eager\"><\/span><span class=\"fg-image-overlay\"><\/span><\/a><figcaption class=\"fg-caption\"><div class=\"fg-caption-inner\"><div class=\"fg-caption-desc\">LENIN SE DIRIGE A MILITARES SOVI\u00c9TICOS EN MOSC\u00da CON TROTSKY A LA DERECHA<\/div><\/div><\/figcaption><\/figure><div class=\"fg-loader\"><\/div><\/div><div class=\"fg-item fg-type-image fg-idle\"><figure class=\"fg-item-inner\"><a href=\"https:\/\/auladeclio.com\/auladeclio\/wp-content\/uploads\/2021\/06\/LENIN-TROTSKY-TRUCADA-3.jpg\" data-attachment-id=\"9494\" data-type=\"image\" class=\"fg-thumb\"><span class=\"fg-image-wrap\"><img decoding=\"async\" width=\"700\" height=\"500\" class=\"skip-lazy fg-image\" data-src-fg=\"https:\/\/auladeclio.com\/auladeclio\/wp-content\/uploads\/cache\/2021\/06\/LENIN-TROTSKY-TRUCADA-3\/221515644.jpg\" src=\"data:image\/svg+xml,%3Csvg%20xmlns%3D%22http%3A%2F%2Fwww.w3.org%2F2000%2Fsvg%22%20width%3D%22700%22%20height%3D%22500%22%20viewBox%3D%220%200%20700%20500%22%3E%3C%2Fsvg%3E\" loading=\"eager\"><\/span><span class=\"fg-image-overlay\"><\/span><\/a><\/figure><div class=\"fg-loader\"><\/div><\/div><\/div>[\/vc_cta][\/vc_tta_section][vc_tta_section i_position=&#8221;right&#8221; i_type=&#8221;material&#8221; i_icon_material=&#8221;vc-material vc-material-filter_6&#8243; add_icon=&#8221;true&#8221; title=&#8221;EJEMPLO&#8221; tab_id=&#8221;1620983793371-d8635613-a4b4&#8243;][vc_cta h2=&#8221;NI\u00d1O FAM\u00c9LICO DURANTE LA HAMBRUNA DE ETIOP\u00cdA (ABRIL DE 1985)&#8221; h4=&#8221;REX\/Shutterstock&#8221;]<figure id=\"attachment_9490\" class=\"thumbnail wp-caption aligncenter\" style=\"width: 1210px\"><a href=\"https:\/\/auladeclio.com\/auladeclio\/wp-content\/uploads\/2021\/06\/NINO-FAMELICO-DURANTE-LA-HAMBRUNA-DE-ETIOPIA-ABRIL-DE-1985.jpg\"><img loading=\"lazy\" decoding=\"async\" class=\"size-full wp-image-9490\" src=\"https:\/\/auladeclio.com\/auladeclio\/wp-content\/uploads\/2021\/06\/NINO-FAMELICO-DURANTE-LA-HAMBRUNA-DE-ETIOPIA-ABRIL-DE-1985.jpg\" alt=\"\" width=\"1200\" height=\"1200\" srcset=\"https:\/\/auladeclio.com\/auladeclio\/wp-content\/uploads\/2021\/06\/NINO-FAMELICO-DURANTE-LA-HAMBRUNA-DE-ETIOPIA-ABRIL-DE-1985.jpg 1200w, https:\/\/auladeclio.com\/auladeclio\/wp-content\/uploads\/2021\/06\/NINO-FAMELICO-DURANTE-LA-HAMBRUNA-DE-ETIOPIA-ABRIL-DE-1985-300x300.jpg 300w, https:\/\/auladeclio.com\/auladeclio\/wp-content\/uploads\/2021\/06\/NINO-FAMELICO-DURANTE-LA-HAMBRUNA-DE-ETIOPIA-ABRIL-DE-1985-1024x1024.jpg 1024w, https:\/\/auladeclio.com\/auladeclio\/wp-content\/uploads\/2021\/06\/NINO-FAMELICO-DURANTE-LA-HAMBRUNA-DE-ETIOPIA-ABRIL-DE-1985-150x150.jpg 150w, https:\/\/auladeclio.com\/auladeclio\/wp-content\/uploads\/2021\/06\/NINO-FAMELICO-DURANTE-LA-HAMBRUNA-DE-ETIOPIA-ABRIL-DE-1985-768x768.jpg 768w, https:\/\/auladeclio.com\/auladeclio\/wp-content\/uploads\/2021\/06\/NINO-FAMELICO-DURANTE-LA-HAMBRUNA-DE-ETIOPIA-ABRIL-DE-1985-60x60.jpg 60w\" sizes=\"auto, (max-width: 1200px) 100vw, 1200px\" \/><\/a><figcaption class=\"caption wp-caption-text\"><span style=\"font-size: 10pt;\">NI\u00d1O FAM\u00c9LICO DURANTE LA HAMBRUNA DE ETIOP\u00cdA (ABRIL DE 1985)<\/span><\/figcaption><\/figure>[\/vc_cta][\/vc_tta_section][\/vc_tta_tabs][\/vc_column][\/vc_row]\n<\/div>","protected":false},"excerpt":{"rendered":"<p>[vc_row][vc_column width=&#8221;1\/3&#8243; offset=&#8221;vc_col-lg-offset-0 vc_col-md-offset-0 vc_col-sm-offset-0 vc_col-xs-3&#8243;][vc_icon icon_fontawesome=&#8221;fa fa-chevron-left&#8221; color=&#8221;sky&#8221; link=&#8221;|title:EP%C3%8DGRAFE%20ANTERIOR||&#8221;][\/vc_column][vc_column width=&#8221;1\/3&#8243; offset=&#8221;vc_col-lg-offset-0 vc_col-md-offset-0 vc_col-sm-offset-0 vc_col-xs-offset-1 vc_col-xs-3&#8243;][vc_icon icon_fontawesome=&#8221;fa fa-list&#8221; color=&#8221;sky&#8221; align=&#8221;center&#8221; link=&#8221;|title:%C3%8DNDICE%20DE%20EP%C3%8DGRAFES||&#8221;][\/vc_column][vc_column width=&#8221;1\/3&#8243; offset=&#8221;vc_col-lg-offset-0 vc_col-md-offset-0 vc_col-sm-offset-0 vc_col-xs-offset-1 vc_col-xs-3&#8243;][vc_icon icon_fontawesome=&#8221;fa fa-chevron-right&#8221; color=&#8221;sky&#8221; align=&#8221;right&#8221; link=&#8221;|title:EP%C3%8DGRAFE%20SIGUIENTE||&#8221;][\/vc_column][\/vc_row][vc_row][vc_column][vc_tta_tabs style=&#8221;outline&#8221; shape=&#8221;square&#8221; color=&#8221;sky&#8221; active_section=&#8221;1&#8243; pagination_style=&#8221;flat-rounded&#8221; pagination_color=&#8221;blue&#8221;][vc_tta_section i_icon_fontawesome=&#8221;fas fa-graduation-cap&#8221; add_icon=&#8221;true&#8221; title=&#8221;TEOR\u00cdA&#8221; tab_id=&#8221;1509006569048-f59e903e-56d1&#8243;][vc_wp_text] LA FOTOGRAF\u00cdA Y LA HISTORIA El siglo XIX vio nacer un nuevo [&hellip;]<\/p>\n","protected":false},"author":1,"featured_media":0,"parent":0,"menu_order":0,"comment_status":"closed","ping_status":"closed","template":"","meta":{"nf_dc_page":"","footnotes":""},"categories":[],"tags":[],"class_list":["post-9117","page","type-page","status-publish","hentry"],"_links":{"self":[{"href":"https:\/\/auladeclio.com\/auladeclio\/wp-json\/wp\/v2\/pages\/9117","targetHints":{"allow":["GET"]}}],"collection":[{"href":"https:\/\/auladeclio.com\/auladeclio\/wp-json\/wp\/v2\/pages"}],"about":[{"href":"https:\/\/auladeclio.com\/auladeclio\/wp-json\/wp\/v2\/types\/page"}],"author":[{"embeddable":true,"href":"https:\/\/auladeclio.com\/auladeclio\/wp-json\/wp\/v2\/users\/1"}],"replies":[{"embeddable":true,"href":"https:\/\/auladeclio.com\/auladeclio\/wp-json\/wp\/v2\/comments?post=9117"}],"version-history":[{"count":7,"href":"https:\/\/auladeclio.com\/auladeclio\/wp-json\/wp\/v2\/pages\/9117\/revisions"}],"predecessor-version":[{"id":9495,"href":"https:\/\/auladeclio.com\/auladeclio\/wp-json\/wp\/v2\/pages\/9117\/revisions\/9495"}],"wp:attachment":[{"href":"https:\/\/auladeclio.com\/auladeclio\/wp-json\/wp\/v2\/media?parent=9117"}],"wp:term":[{"taxonomy":"category","embeddable":true,"href":"https:\/\/auladeclio.com\/auladeclio\/wp-json\/wp\/v2\/categories?post=9117"},{"taxonomy":"post_tag","embeddable":true,"href":"https:\/\/auladeclio.com\/auladeclio\/wp-json\/wp\/v2\/tags?post=9117"}],"curies":[{"name":"wp","href":"https:\/\/api.w.org\/{rel}","templated":true}]}}