{"id":491,"date":"2017-10-12T13:00:29","date_gmt":"2017-10-12T13:00:29","guid":{"rendered":"http:\/\/auladeclio.com\/auladeclio\/?page_id=491"},"modified":"2018-11-22T10:06:16","modified_gmt":"2018-11-22T10:06:16","slug":"3-la-era-de-las-revoluciones-liberales-1789-1848","status":"publish","type":"page","link":"https:\/\/auladeclio.com\/auladeclio\/3-la-era-de-las-revoluciones-liberales-1789-1848\/","title":{"rendered":"3 LA ERA DE LAS REVOLUCIONES LIBERALES (1789-1848)"},"content":{"rendered":"<div class=\"wpb-content-wrapper\">[vc_row][vc_column width=&#8221;1\/3&#8243; offset=&#8221;vc_col-lg-offset-0 vc_col-md-offset-0 vc_col-sm-offset-0 vc_col-xs-3&#8243;][vc_icon icon_fontawesome=&#8221;fa fa-chevron-left&#8221; color=&#8221;juicy_pink&#8221; link=&#8221;|title:TEMA%20ANTERIOR|target:%20_blank|&#8221;][\/vc_column][vc_column width=&#8221;1\/3&#8243; offset=&#8221;vc_col-lg-offset-0 vc_col-md-offset-0 vc_col-sm-offset-0 vc_col-xs-offset-1 vc_col-xs-3&#8243;][vc_icon icon_fontawesome=&#8221;fa fa-list&#8221; color=&#8221;white&#8221; align=&#8221;center&#8221; link=&#8221;|title:%C3%8DNDICE%20DE%20EP%C3%8DGRAFES||&#8221;][\/vc_column][vc_column width=&#8221;1\/3&#8243; offset=&#8221;vc_col-lg-offset-0 vc_col-md-offset-0 vc_col-sm-offset-0 vc_col-xs-offset-1 vc_col-xs-3&#8243;][vc_icon icon_fontawesome=&#8221;fa fa-chevron-right&#8221; color=&#8221;juicy_pink&#8221; align=&#8221;right&#8221; link=&#8221;|title:EP%C3%8DGRAFE%20SIGUIENTE|target:%20_blank|&#8221;][\/vc_column][\/vc_row][vc_row][vc_column][vc_column_text]<span style=\"font-size: 18pt;\"><strong>EN EL PRESENTE TEMA VEREMOS LOS SIGUIENTES EP\u00cdGRAFES:<\/strong><\/span>[\/vc_column_text][\/vc_column][\/vc_row][vc_row][vc_column][vc_separator][vc_custom_heading text=&#8221;3.1 La independencia de los EEUU&#8221; google_fonts=&#8221;font_family:Ubuntu%3A300%2C300italic%2Cregular%2Citalic%2C500%2C500italic%2C700%2C700italic|font_style:400%20regular%3A400%3Anormal&#8221; link=&#8221;url:http%3A%2F%2Fauladeclio.com%2Fauladeclio%2F3-1-la-independencia-de-los-eeuu%2F||target:%20_blank|&#8221;][vc_custom_heading text=&#8221;3.2 La Revoluci\u00f3n Francesa&#8221; google_fonts=&#8221;font_family:Ubuntu%3A300%2C300italic%2Cregular%2Citalic%2C500%2C500italic%2C700%2C700italic|font_style:400%20regular%3A400%3Anormal&#8221; link=&#8221;url:http%3A%2F%2Fauladeclio.com%2Fauladeclio%2F3-2-la-revolucion-francesa%2F||target:%20_blank|&#8221;][vc_custom_heading text=&#8221;3.3 La Restauraci\u00f3n y la respuesta liberal&#8221; google_fonts=&#8221;font_family:Ubuntu%3A300%2C300italic%2Cregular%2Citalic%2C500%2C500italic%2C700%2C700italic|font_style:400%20regular%3A400%3Anormal&#8221; link=&#8221;url:http%3A%2F%2Fauladeclio.com%2Fauladeclio%2F3-3-la-restauracion-y-la-respuesta-liberal%2F||target:%20_blank|&#8221;][vc_custom_heading text=&#8221;3.4 El nacionalismo&#8221; google_fonts=&#8221;font_family:Ubuntu%3A300%2C300italic%2Cregular%2Citalic%2C500%2C500italic%2C700%2C700italic|font_style:400%20regular%3A400%3Anormal&#8221; link=&#8221;url:http%3A%2F%2Fauladeclio.com%2Fauladeclio%2F3-4-el-nacionalismo%2F||target:%20_blank|&#8221;][vc_custom_heading text=&#8221;3.5 Los \u00faltimos a\u00f1os del absolutismo en Espa\u00f1a&#8221; google_fonts=&#8221;font_family:Ubuntu%3A300%2C300italic%2Cregular%2Citalic%2C500%2C500italic%2C700%2C700italic|font_style:400%20regular%3A400%3Anormal&#8221; link=&#8221;url:http%3A%2F%2Fauladeclio.com%2Fauladeclio%2F2-5-la-mineria%2F||target:%20_blank|&#8221;][\/vc_column][\/vc_row][vc_row][vc_column][vc_btn title=&#8221;DESCARGA EL TEMA EN PDF&#8221; shape=&#8221;square&#8221; color=&#8221;danger&#8221; align=&#8221;center&#8221; i_icon_fontawesome=&#8221;fa fa-file-pdf-o&#8221; button_block=&#8221;true&#8221; add_icon=&#8221;true&#8221; link=&#8221;|title:DESCARGA%20EL%20TEMA%20EN%20PDF|target:%20_blank|&#8221;][vc_btn title=&#8221;DESCARGA LAS ACTIVIDADES .DOCX&#8221; shape=&#8221;square&#8221; color=&#8221;sky&#8221; align=&#8221;center&#8221; i_icon_fontawesome=&#8221;fa fa-file-word-o&#8221; button_block=&#8221;true&#8221; add_icon=&#8221;true&#8221; link=&#8221;|title:DESCARGA%20EL%20TEMA%20EN%20PDF|target:%20_blank|&#8221;][vc_separator][vc_column_text]<strong>1.1. Redacta una narrativa sint\u00e9tica con los principales hechos de alguna de las revoluciones burguesas del siglo XVIII, acudiendo a explicaciones causales, sopesando los pros y los contras.<\/strong><br \/>\n2.1. Discute las implicaciones de la violencia con diversos tipos de fuentes. (NO BOE)<br \/>\n<strong>3.1. Redacta una narrativa sint\u00e9tica con los principales hechos de algunas de las revoluciones burguesas de la primera mitad del siglo XIX, acudiendo a explicaciones causales, sopesando los pros y los contras.<\/strong><br \/>\n4.1. Valora las razones de los revolucionarios para actuar como lo hicieron. (NO BOE)<br \/>\n4.2. Reconoce, mediante el an\u00e1lisis de fuentes de diversas \u00e9pocas, el valor de las mismas no s\u00f3lo como informaci\u00f3n sino tambi\u00e9n como evidencia para los historiadores.[\/vc_column_text][vc_single_image image=&#8221;2160&#8243; img_size=&#8221;full&#8221; alignment=&#8221;center&#8221; onclick=&#8221;img_link_large&#8221;][\/vc_column][\/vc_row]\n<\/div>","protected":false},"excerpt":{"rendered":"<p>[vc_row][vc_column width=&#8221;1\/3&#8243; offset=&#8221;vc_col-lg-offset-0 vc_col-md-offset-0 vc_col-sm-offset-0 vc_col-xs-3&#8243;][vc_icon icon_fontawesome=&#8221;fa fa-chevron-left&#8221; color=&#8221;juicy_pink&#8221; link=&#8221;|title:TEMA%20ANTERIOR|target:%20_blank|&#8221;][\/vc_column][vc_column width=&#8221;1\/3&#8243; offset=&#8221;vc_col-lg-offset-0 vc_col-md-offset-0 vc_col-sm-offset-0 vc_col-xs-offset-1 vc_col-xs-3&#8243;][vc_icon icon_fontawesome=&#8221;fa fa-list&#8221; color=&#8221;white&#8221; align=&#8221;center&#8221; link=&#8221;|title:%C3%8DNDICE%20DE%20EP%C3%8DGRAFES||&#8221;][\/vc_column][vc_column width=&#8221;1\/3&#8243; offset=&#8221;vc_col-lg-offset-0 vc_col-md-offset-0 vc_col-sm-offset-0 vc_col-xs-offset-1 vc_col-xs-3&#8243;][vc_icon icon_fontawesome=&#8221;fa fa-chevron-right&#8221; color=&#8221;juicy_pink&#8221; align=&#8221;right&#8221; link=&#8221;|title:EP%C3%8DGRAFE%20SIGUIENTE|target:%20_blank|&#8221;][\/vc_column][\/vc_row][vc_row][vc_column][vc_column_text]EN EL PRESENTE TEMA VEREMOS LOS SIGUIENTES EP\u00cdGRAFES:[\/vc_column_text][\/vc_column][\/vc_row][vc_row][vc_column][vc_separator][vc_custom_heading text=&#8221;3.1 La independencia de los EEUU&#8221; google_fonts=&#8221;font_family:Ubuntu%3A300%2C300italic%2Cregular%2Citalic%2C500%2C500italic%2C700%2C700italic|font_style:400%20regular%3A400%3Anormal&#8221; link=&#8221;url:http%3A%2F%2Fauladeclio.com%2Fauladeclio%2F3-1-la-independencia-de-los-eeuu%2F||target:%20_blank|&#8221;][vc_custom_heading text=&#8221;3.2 La Revoluci\u00f3n Francesa&#8221; google_fonts=&#8221;font_family:Ubuntu%3A300%2C300italic%2Cregular%2Citalic%2C500%2C500italic%2C700%2C700italic|font_style:400%20regular%3A400%3Anormal&#8221; link=&#8221;url:http%3A%2F%2Fauladeclio.com%2Fauladeclio%2F3-2-la-revolucion-francesa%2F||target:%20_blank|&#8221;][vc_custom_heading text=&#8221;3.3 La [&hellip;]<\/p>\n","protected":false},"author":1,"featured_media":0,"parent":0,"menu_order":0,"comment_status":"closed","ping_status":"closed","template":"","meta":{"nf_dc_page":"","footnotes":""},"categories":[100],"tags":[],"class_list":["post-491","page","type-page","status-publish","hentry","category-4o-eso"],"_links":{"self":[{"href":"https:\/\/auladeclio.com\/auladeclio\/wp-json\/wp\/v2\/pages\/491","targetHints":{"allow":["GET"]}}],"collection":[{"href":"https:\/\/auladeclio.com\/auladeclio\/wp-json\/wp\/v2\/pages"}],"about":[{"href":"https:\/\/auladeclio.com\/auladeclio\/wp-json\/wp\/v2\/types\/page"}],"author":[{"embeddable":true,"href":"https:\/\/auladeclio.com\/auladeclio\/wp-json\/wp\/v2\/users\/1"}],"replies":[{"embeddable":true,"href":"https:\/\/auladeclio.com\/auladeclio\/wp-json\/wp\/v2\/comments?post=491"}],"version-history":[{"count":3,"href":"https:\/\/auladeclio.com\/auladeclio\/wp-json\/wp\/v2\/pages\/491\/revisions"}],"predecessor-version":[{"id":4186,"href":"https:\/\/auladeclio.com\/auladeclio\/wp-json\/wp\/v2\/pages\/491\/revisions\/4186"}],"wp:attachment":[{"href":"https:\/\/auladeclio.com\/auladeclio\/wp-json\/wp\/v2\/media?parent=491"}],"wp:term":[{"taxonomy":"category","embeddable":true,"href":"https:\/\/auladeclio.com\/auladeclio\/wp-json\/wp\/v2\/categories?post=491"},{"taxonomy":"post_tag","embeddable":true,"href":"https:\/\/auladeclio.com\/auladeclio\/wp-json\/wp\/v2\/tags?post=491"}],"curies":[{"name":"wp","href":"https:\/\/api.w.org\/{rel}","templated":true}]}}