{"id":4695,"date":"2019-01-16T11:38:17","date_gmt":"2019-01-16T11:38:17","guid":{"rendered":"http:\/\/auladeclio.com\/auladeclio\/?page_id=4695"},"modified":"2019-01-16T11:38:19","modified_gmt":"2019-01-16T11:38:19","slug":"3-4-la-evolucion-demografica-y-su-distribucion-en-espana","status":"publish","type":"page","link":"https:\/\/auladeclio.com\/auladeclio\/3-4-la-evolucion-demografica-y-su-distribucion-en-espana\/","title":{"rendered":"3.4 La evoluci\u00f3n demogr\u00e1fica y su distribuci\u00f3n en Espa\u00f1a"},"content":{"rendered":"","protected":false},"excerpt":{"rendered":"","protected":false},"author":1,"featured_media":0,"parent":0,"menu_order":0,"comment_status":"closed","ping_status":"closed","template":"","meta":{"nf_dc_page":"","footnotes":""},"categories":[98],"tags":[],"class_list":["post-4695","page","type-page","status-publish","hentry","category-2o-eso"],"_links":{"self":[{"href":"https:\/\/auladeclio.com\/auladeclio\/wp-json\/wp\/v2\/pages\/4695","targetHints":{"allow":["GET"]}}],"collection":[{"href":"https:\/\/auladeclio.com\/auladeclio\/wp-json\/wp\/v2\/pages"}],"about":[{"href":"https:\/\/auladeclio.com\/auladeclio\/wp-json\/wp\/v2\/types\/page"}],"author":[{"embeddable":true,"href":"https:\/\/auladeclio.com\/auladeclio\/wp-json\/wp\/v2\/users\/1"}],"replies":[{"embeddable":true,"href":"https:\/\/auladeclio.com\/auladeclio\/wp-json\/wp\/v2\/comments?post=4695"}],"version-history":[{"count":1,"href":"https:\/\/auladeclio.com\/auladeclio\/wp-json\/wp\/v2\/pages\/4695\/revisions"}],"predecessor-version":[{"id":4700,"href":"https:\/\/auladeclio.com\/auladeclio\/wp-json\/wp\/v2\/pages\/4695\/revisions\/4700"}],"wp:attachment":[{"href":"https:\/\/auladeclio.com\/auladeclio\/wp-json\/wp\/v2\/media?parent=4695"}],"wp:term":[{"taxonomy":"category","embeddable":true,"href":"https:\/\/auladeclio.com\/auladeclio\/wp-json\/wp\/v2\/categories?post=4695"},{"taxonomy":"post_tag","embeddable":true,"href":"https:\/\/auladeclio.com\/auladeclio\/wp-json\/wp\/v2\/tags?post=4695"}],"curies":[{"name":"wp","href":"https:\/\/api.w.org\/{rel}","templated":true}]}}