{"id":3847,"date":"2018-10-30T13:12:25","date_gmt":"2018-10-30T13:12:25","guid":{"rendered":"http:\/\/auladeclio.com\/auladeclio\/?page_id=3847"},"modified":"2026-01-14T12:05:58","modified_gmt":"2026-01-14T12:05:58","slug":"8-5-el-arte-griego","status":"publish","type":"page","link":"https:\/\/auladeclio.com\/auladeclio\/8-5-el-arte-griego\/","title":{"rendered":"8.5 El arte griego"},"content":{"rendered":"<div class=\"wpb-content-wrapper\">[vc_row][vc_column width=&#8221;1\/3&#8243; offset=&#8221;vc_col-lg-offset-0 vc_col-md-offset-0 vc_col-sm-offset-0 vc_col-xs-3&#8243;][vc_icon icon_fontawesome=&#8221;fa fa-chevron-left&#8221; color=&#8221;green&#8221; link=&#8221;url:http%3A%2F%2Fauladeclio.com%2Fauladeclio%2F11-3-la-cultura-mesopotamica|title:EP%C3%8DGRAFE%20ANTERIOR|target:%20_blank|&#8221;][\/vc_column][vc_column width=&#8221;1\/3&#8243; offset=&#8221;vc_col-lg-offset-0 vc_col-md-offset-0 vc_col-sm-offset-0 vc_col-xs-offset-1 vc_col-xs-3&#8243;][vc_icon icon_fontawesome=&#8221;fa fa-list&#8221; color=&#8221;green&#8221; align=&#8221;center&#8221; link=&#8221;url:http%3A%2F%2Fauladeclio.com%2Fauladeclio%2F11-las-primeras-civilizaciones-fluviales|title:%C3%8DNDICE%20DE%20EP%C3%8DGRAFES|target:%20_blank|&#8221;][\/vc_column][vc_column width=&#8221;1\/3&#8243; offset=&#8221;vc_col-lg-offset-0 vc_col-md-offset-0 vc_col-sm-offset-0 vc_col-xs-offset-1 vc_col-xs-3&#8243;][vc_icon icon_fontawesome=&#8221;fa fa-chevron-right&#8221; color=&#8221;green&#8221; align=&#8221;right&#8221; link=&#8221;url:http%3A%2F%2Fauladeclio.com%2Fauladeclio%2F12-la-civilizacion-egipcia|title:EP%C3%8DGRAFE%20SIGUIENTE|target:%20_blank|&#8221;][\/vc_column][\/vc_row][vc_row][vc_column][vc_tta_tabs style=&#8221;outline&#8221; shape=&#8221;square&#8221; color=&#8221;green&#8221; active_section=&#8221;1&#8243; pagination_style=&#8221;flat-rounded&#8221; pagination_color=&#8221;green&#8221;][vc_tta_section i_icon_fontawesome=&#8221;fa fa-book&#8221; add_icon=&#8221;true&#8221; title=&#8221;TEMA&#8221; tab_id=&#8221;1509006569048-f59e903e-56d1&#8243;][vc_column_text css=&#8221;&#8221;]Breve introducci\u00f3n al ep\u00edgrafe[\/vc_column_text][vc_toggle title=&#8221;SUBAPARTADO 1&#8243; custom_font_container=&#8221;tag:h4|text_align:left|color:%2353AD35&#8243; custom_use_theme_fonts=&#8221;yes&#8221; css=&#8221;&#8221; use_custom_heading=&#8221;true&#8221;]Toggle content goes here, click edit button to change this text.[\/vc_toggle][vc_toggle title=&#8221;SUBAPARTADO 2&#8243; custom_font_container=&#8221;tag:h4|text_align:left|color:%2353AD35&#8243; custom_use_theme_fonts=&#8221;yes&#8221; css=&#8221;&#8221; use_custom_heading=&#8221;true&#8221;]Toggle content goes here, click edit button to change this text.[\/vc_toggle][vc_toggle title=&#8221;SUBAPARTADO 3&#8243; custom_font_container=&#8221;tag:h4|text_align:left|color:%2353AD35&#8243; custom_use_theme_fonts=&#8221;yes&#8221; css=&#8221;&#8221; use_custom_heading=&#8221;true&#8221;]Toggle content goes here, click edit button to change this text.[\/vc_toggle][\/vc_tta_section][vc_tta_section i_icon_fontawesome=&#8221;fa fa-pencil&#8221; add_icon=&#8221;true&#8221; title=&#8221;EJERCICIOS&#8221; tab_id=&#8221;1509006569048-69f0d63d-3f36&#8243;][vc_column_text]<strong>COMPLETA EL SIGUIENTE FORMULARIO CON PREGUNTAS SOBRE XXXXXXXXXXXXXXX:<\/strong>[\/vc_column_text][\/vc_tta_section][vc_tta_section i_icon_fontawesome=&#8221;fa fa-puzzle-piece&#8221; add_icon=&#8221;true&#8221; title=&#8221;ACTIVIDADES&#8221; tab_id=&#8221;1509006579146-16897097-dde9&#8243;][vc_column_text]<strong>COMPLETA EL MAPA QUE HAY M\u00c1S ABAJO.<\/strong><\/p>\n<p>DEBER\u00c1S BUSCAR LA LOCALIZACI\u00d3N DE CADA CIUDAD Y OBRA DE ARTE EN INTERNET Y DESPU\u00c9S PONER UNA PEQUE\u00d1A FOTO CON UN LETRERO APUNTANDO A LAS ESTRELLAS (QUE SIMBOLIZAN OBRAS DE ARTE), LOS TRI\u00c1NGULOS (QUE SIMBOLIZAN ZIGURATS) Y LOS PUNTOS (QUE SIMBOLIZAN CIUDADES). INTENTA HACERLO CON LA APLICACI\u00d3N DE DIBUJOS DE GOOGLE Y DESPU\u00c9S INSERTA EL RESULTADO EN TU CUADERNO:<\/p>\n[table \u201c\u201d not found \/]<br \/>\n\n<p><a href=\"https:\/\/auladeclio.com\/auladeclio\/wp-content\/uploads\/2019\/05\/OBRAS-DE-ARTE-Y-CIUDADES-RELLENAROK.jpg\"><img loading=\"lazy\" decoding=\"async\" class=\"aligncenter size-full wp-image-5176\" src=\"https:\/\/auladeclio.com\/auladeclio\/wp-content\/uploads\/2019\/05\/OBRAS-DE-ARTE-Y-CIUDADES-RELLENAROK.jpg\" alt=\"\" width=\"1031\" height=\"783\" srcset=\"https:\/\/auladeclio.com\/auladeclio\/wp-content\/uploads\/2019\/05\/OBRAS-DE-ARTE-Y-CIUDADES-RELLENAROK.jpg 1031w, https:\/\/auladeclio.com\/auladeclio\/wp-content\/uploads\/2019\/05\/OBRAS-DE-ARTE-Y-CIUDADES-RELLENAROK-300x228.jpg 300w, https:\/\/auladeclio.com\/auladeclio\/wp-content\/uploads\/2019\/05\/OBRAS-DE-ARTE-Y-CIUDADES-RELLENAROK-768x583.jpg 768w, https:\/\/auladeclio.com\/auladeclio\/wp-content\/uploads\/2019\/05\/OBRAS-DE-ARTE-Y-CIUDADES-RELLENAROK-1024x778.jpg 1024w\" sizes=\"auto, (max-width: 1031px) 100vw, 1031px\" \/><\/a>[\/vc_column_text][vc_column_text]<b>14.1. Localiza en un mapa los principales ejemplos de la arquitectura egipcia y mesopot\u00e1mica. (TEMA 11 Y 12)<\/b>[\/vc_column_text][\/vc_tta_section][vc_tta_section i_icon_fontawesome=&#8221;fa fa-lightbulb-o&#8221; add_icon=&#8221;true&#8221; title=&#8221;TAREAS&#8221; tab_id=&#8221;1520438215273-bfb2598c-dd88&#8243;][vc_column_text]<strong>ECHA UN VISTAZO AL SIGUIENTE V\u00cdDEO Y RESPONDE A LAS PREGUNTAS:<\/strong><\/p>\n<p><center><iframe loading=\"lazy\" src=\"https:\/\/drive.google.com\/file\/d\/1mCOm0B1G-Pb43HLDUuG7ZaBjgXx1xIfL\/preview\" width=\"640\" height=\"480\"><\/iframe><\/center>[\/vc_column_text][vc_column_text]\n<ol>\n<li>\u00bfCu\u00e1ndo en el v\u00eddeo hablan del g\u00e9nesis a qu\u00e9 se refieren?<\/li>\n<li>\u00bfCon qu\u00e9 tipo de piedra se hicieron las primeras esculturas de Sumer? \u00bfQu\u00e9 representaban? \u00bfQu\u00e9 es lo que m\u00e1s llama la atenci\u00f3n de estas estatuas?<\/li>\n<li>\u00bfQu\u00e9 es un relieve? \u00bfQu\u00e9 sol\u00edan representar estos primeros relieves en Mesopotamia?<\/li>\n<li>\u00bfCon qu\u00e9 materiales se construyeron los zigurats?<\/li>\n<li>\u00bfPor qu\u00e9 crees que el c\u00f3digo de Hammurabi se esculpi\u00f3 en basalto negro, una piedra muy dura y dif\u00edcil de trabajar?<\/li>\n<li>A partir del minuto 8 se ven escenas de cacer\u00edas. \u00bfQu\u00e9 animal es el que aparece siendo cazado? \u00bfSigue habiendo animales de este tipo en Mesopotamia? \u00bfQu\u00e9 crees que pas\u00f3 con ellos?<\/li>\n<li>En el minuto 9 aparece una de las puertas de la muralla de Babilonia. \u00bfC\u00f3mo se llama esa puerta? \u00bfEn qu\u00e9 ciudad se conserva en la actualidad? \u00bfPor qu\u00e9 crees que est\u00e1 all\u00ed?<\/li>\n<li>\u00bfPor qu\u00e9 crees que los viajeros que llegaban a Babilonia creyeron que los Jardines Colgantes fueran una de las maravillas de la antig\u00fcedad?<\/li>\n<\/ol>\n<p><img loading=\"lazy\" decoding=\"async\" class=\"aligncenter wp-image-2612 size-full\" src=\"https:\/\/auladeclio.com\/auladeclio\/wp-content\/uploads\/2018\/06\/L\u00cdNEAS.jpg\" alt=\"\" width=\"1342\" height=\"325\" srcset=\"https:\/\/auladeclio.com\/auladeclio\/wp-content\/uploads\/2018\/06\/L\u00cdNEAS.jpg 1342w, https:\/\/auladeclio.com\/auladeclio\/wp-content\/uploads\/2018\/06\/L\u00cdNEAS-300x73.jpg 300w, https:\/\/auladeclio.com\/auladeclio\/wp-content\/uploads\/2018\/06\/L\u00cdNEAS-768x186.jpg 768w, https:\/\/auladeclio.com\/auladeclio\/wp-content\/uploads\/2018\/06\/L\u00cdNEAS-1024x248.jpg 1024w\" sizes=\"auto, (max-width: 1342px) 100vw, 1342px\" \/><img loading=\"lazy\" decoding=\"async\" class=\"aligncenter wp-image-2612 size-full\" src=\"https:\/\/auladeclio.com\/auladeclio\/wp-content\/uploads\/2018\/06\/L\u00cdNEAS.jpg\" alt=\"\" width=\"1342\" height=\"325\" srcset=\"https:\/\/auladeclio.com\/auladeclio\/wp-content\/uploads\/2018\/06\/L\u00cdNEAS.jpg 1342w, https:\/\/auladeclio.com\/auladeclio\/wp-content\/uploads\/2018\/06\/L\u00cdNEAS-300x73.jpg 300w, https:\/\/auladeclio.com\/auladeclio\/wp-content\/uploads\/2018\/06\/L\u00cdNEAS-768x186.jpg 768w, https:\/\/auladeclio.com\/auladeclio\/wp-content\/uploads\/2018\/06\/L\u00cdNEAS-1024x248.jpg 1024w\" sizes=\"auto, (max-width: 1342px) 100vw, 1342px\" \/>[\/vc_column_text][\/vc_tta_section][vc_tta_section i_icon_fontawesome=&#8221;fa fa-plus-circle&#8221; add_icon=&#8221;true&#8221; title=&#8221;CONSOLIDA&#8221; tab_id=&#8221;1524164322459-38712b94-b327&#8243;][vc_column_text]<strong>LOS PA\u00cdSES ACTUALES EN LOS QUE SE ENCUENTRAN LOS RESTOS DE LA CIVILIZACI\u00d3N MESOPOT\u00c1MICA:<\/strong><\/p>\n<p>OBSERVA EL SIGUIENTE MAPA Y BUSCA EN INTERNET LOS PA\u00cdSES QUE EN LA ACTUALIDAD TIENEN YACIMIENTOS PERTENECIENTES A LA CIVILIZACI\u00d3N MESOPOT\u00c1MICA. COMPLETA UNA TABLA COMO LA QUE HAY DEBAJO DEL MAPA A\u00d1ADIENDO LA CAPITAL DE LOS PA\u00cdSES QUE ENCUENTRES Y SU BANDERA:<\/p>\n<p><a href=\"https:\/\/auladeclio.com\/auladeclio\/wp-content\/uploads\/2019\/05\/ORIENTE-MEDIO-BLANCO.gif\"><img loading=\"lazy\" decoding=\"async\" class=\"aligncenter size-full wp-image-5161\" src=\"https:\/\/auladeclio.com\/auladeclio\/wp-content\/uploads\/2019\/05\/ORIENTE-MEDIO-BLANCO.gif\" alt=\"\" width=\"1104\" height=\"783\" \/><\/a><\/p>\n<p>&nbsp;<\/p>\n<table  class=\" table table-hover\" style=\"height: 129px; width: 100%; border-collapse: collapse; border-style: solid; border-color: #000000;\">\n<tbody>\n<tr style=\"height: 27px;\">\n<td style=\"width: 33.3333%; height: 27px; border-style: solid; border-color: #000000;\"><strong><span style=\"font-size: 14pt;\">PA\u00cdS<\/span><\/strong><\/td>\n<td style=\"width: 33.3333%; height: 27px; border-style: solid; border-color: #000000;\"><strong><span style=\"font-size: 14pt;\">CAPITAL<\/span><\/strong><\/td>\n<td style=\"width: 33.3333%; height: 27px; border-style: solid; border-color: #000000;\"><strong><span style=\"font-size: 14pt;\">BANDERA<\/span><\/strong><\/td>\n<\/tr>\n<tr style=\"height: 23px;\">\n<td style=\"width: 33.3333%; height: 23px; border-style: solid; border-color: #000000;\">Irak<\/td>\n<td style=\"width: 33.3333%; height: 23px; border-style: solid; border-color: #000000;\">Baghdad<\/td>\n<td style=\"width: 33.3333%; height: 23px; border-style: solid; border-color: #000000;\"><a href=\"https:\/\/auladeclio.com\/auladeclio\/wp-content\/uploads\/2019\/05\/irak-bandera.png\" target=\"_blank\" rel=\"noopener noreferrer\"><img loading=\"lazy\" decoding=\"async\" class=\"aligncenter wp-image-5162 size-medium\" src=\"https:\/\/auladeclio.com\/auladeclio\/wp-content\/uploads\/2019\/05\/irak-bandera-300x200.png\" alt=\"\" width=\"300\" height=\"200\" srcset=\"https:\/\/auladeclio.com\/auladeclio\/wp-content\/uploads\/2019\/05\/irak-bandera-300x200.png 300w, https:\/\/auladeclio.com\/auladeclio\/wp-content\/uploads\/2019\/05\/irak-bandera-768x512.png 768w, https:\/\/auladeclio.com\/auladeclio\/wp-content\/uploads\/2019\/05\/irak-bandera-1024x683.png 1024w, https:\/\/auladeclio.com\/auladeclio\/wp-content\/uploads\/2019\/05\/irak-bandera.png 1600w\" sizes=\"auto, (max-width: 300px) 100vw, 300px\" \/><\/a><\/td>\n<\/tr>\n<tr style=\"height: 23px;\">\n<td style=\"width: 33.3333%; height: 23px; border-style: solid; border-color: #000000;\"><\/td>\n<td style=\"width: 33.3333%; height: 23px; border-style: solid; border-color: #000000;\"><\/td>\n<td style=\"width: 33.3333%; height: 23px; border-style: solid; border-color: #000000;\"><\/td>\n<\/tr>\n<tr style=\"height: 23px;\">\n<td style=\"width: 33.3333%; height: 23px; border-style: solid; border-color: #000000;\"><\/td>\n<td style=\"width: 33.3333%; height: 23px; border-style: solid; border-color: #000000;\"><\/td>\n<td style=\"width: 33.3333%; height: 23px; border-style: solid; border-color: #000000;\"><\/td>\n<\/tr>\n<tr style=\"height: 23px;\">\n<td style=\"width: 33.3333%; height: 23px; border-style: solid; border-color: #000000;\"><\/td>\n<td style=\"width: 33.3333%; height: 23px; border-style: solid; border-color: #000000;\"><\/td>\n<td style=\"width: 33.3333%; height: 23px; border-style: solid; border-color: #000000;\"><\/td>\n<\/tr>\n<\/tbody>\n<\/table>\n[\/vc_column_text][\/vc_tta_section][vc_tta_section i_icon_fontawesome=&#8221;fa fa-question-circle&#8221; add_icon=&#8221;true&#8221; title=&#8221;PROFUNDIZA&#8221; tab_id=&#8221;1524164499297-d8938bdf-1969&#8243;][vc_column_text]EL ORIGEN M\u00cdTICO DE LOS IDIOMAS Y EL ORIGEN REAL. LEE EL TEXTO SOBRE EL MITO DE BABEL Y A CONTINUACI\u00d3N BUSCA EN INTERNET ALGUNA TEOR\u00cdA CIENT\u00cdFICA SOBRE EL ORIGEN DE LAS LENGUAS QUE HABLAMOS LOS SERES HUMANOS Y DESCR\u00cdBELA CON TUS PALABRAS EN CUATRO O CINCO L\u00cdNEAS:<\/p>\n<p style=\"text-align: center;\"><strong><span style=\"font-size: 14pt;\">LA TORRE DE BABEL<\/span><\/strong><\/p>\n<div class=\"row\">\n<div class=\"col-lg-6 col-md-12 col-sm-12 col-12\">\n<p>De acuerdo con la Biblia, Dios dijo: <em>\u201cConfundamos all\u00ed [en Babel] su lenguaje para que no entienda el uno el lenguaje del otro\u201d<\/em> (G\u00e9nesis 11:7, nota). En consecuencia, los obreros \u201c<em>dejaron de edificar la ciudad\u201d<\/em> de Babel y se esparcieron por <em>\u201ctoda la superficie de la tierra\u201d<\/em> (G\u00e9nesis 11:8, 9).<\/p>\n<p>La Biblia describe el origen de las lenguas de una forma muy peculiar. El libro del G\u00e9nesis apunta a que los idiomas se confundieron \u201cen la tierra de Sinar\u201d, conocida despu\u00e9s como Babilonia, y que de all\u00ed se dispers\u00f3 la humanidad.<\/p>\n<p>Todo esto sucedi\u00f3 hace unos 4.200 a\u00f1os cuando los hombres quisieron desafiar los l\u00edmites terrenales construyendo una torre que llegase hasta el cielo. La ira de Dios cay\u00f3 entonces sobre ellos y castig\u00f3 a la humanidad, que hasta entonces hablaba la misma lengua, con el desentendimiento.<\/p>\n<\/div>\n<div class=\"col-lg-6 col-md-12 col-sm-12 col-12\">\n<figure id=\"attachment_5036\" class=\"thumbnail wp-caption aligncenter\" style=\"width: 658px\"><a href=\"https:\/\/auladeclio.com\/auladeclio\/wp-content\/uploads\/2019\/04\/BABEL-TORRE.jpg\"><img loading=\"lazy\" decoding=\"async\" class=\"size-large wp-image-5036\" src=\"https:\/\/auladeclio.com\/auladeclio\/wp-content\/uploads\/2019\/04\/BABEL-TORRE-1024x512.jpg\" alt=\"\" width=\"648\" height=\"324\" srcset=\"https:\/\/auladeclio.com\/auladeclio\/wp-content\/uploads\/2019\/04\/BABEL-TORRE-1024x512.jpg 1024w, https:\/\/auladeclio.com\/auladeclio\/wp-content\/uploads\/2019\/04\/BABEL-TORRE-300x150.jpg 300w, https:\/\/auladeclio.com\/auladeclio\/wp-content\/uploads\/2019\/04\/BABEL-TORRE-768x384.jpg 768w, https:\/\/auladeclio.com\/auladeclio\/wp-content\/uploads\/2019\/04\/BABEL-TORRE.jpg 1140w\" sizes=\"auto, (max-width: 648px) 100vw, 648px\" \/><\/a><figcaption class=\"caption wp-caption-text\">RECREACI\u00d3N DE LA TORRE DE BABEL EN EL MOMENTO EN QUE DIOS CASTIG\u00d3 AL HOMBRE CON LOS DIFERENTES IDIOMAS<\/figcaption><\/figure>\n<\/div>\n<\/div>\n<p style=\"text-align: center;\"><strong><span style=\"font-size: 14pt;\">EL ORIGEN DE LOS IDIOMAS SEG\u00daN LOS CIENT\u00cdFICOS<\/span><\/strong><\/p>\n<p><a href=\"https:\/\/auladeclio.com\/auladeclio\/wp-content\/uploads\/2018\/06\/L\u00cdNEAS.jpg\"><img loading=\"lazy\" decoding=\"async\" class=\"aligncenter size-full wp-image-2612\" src=\"https:\/\/auladeclio.com\/auladeclio\/wp-content\/uploads\/2018\/06\/L\u00cdNEAS.jpg\" alt=\"\" width=\"1342\" height=\"325\" srcset=\"https:\/\/auladeclio.com\/auladeclio\/wp-content\/uploads\/2018\/06\/L\u00cdNEAS.jpg 1342w, https:\/\/auladeclio.com\/auladeclio\/wp-content\/uploads\/2018\/06\/L\u00cdNEAS-300x73.jpg 300w, https:\/\/auladeclio.com\/auladeclio\/wp-content\/uploads\/2018\/06\/L\u00cdNEAS-768x186.jpg 768w, https:\/\/auladeclio.com\/auladeclio\/wp-content\/uploads\/2018\/06\/L\u00cdNEAS-1024x248.jpg 1024w\" sizes=\"auto, (max-width: 1342px) 100vw, 1342px\" \/><\/a>[\/vc_column_text][\/vc_tta_section][\/vc_tta_tabs][\/vc_column][\/vc_row]\n<\/div>","protected":false},"excerpt":{"rendered":"<p>[vc_row][vc_column width=&#8221;1\/3&#8243; offset=&#8221;vc_col-lg-offset-0 vc_col-md-offset-0 vc_col-sm-offset-0 vc_col-xs-3&#8243;][vc_icon icon_fontawesome=&#8221;fa fa-chevron-left&#8221; color=&#8221;green&#8221; link=&#8221;url:http%3A%2F%2Fauladeclio.com%2Fauladeclio%2F11-3-la-cultura-mesopotamica|title:EP%C3%8DGRAFE%20ANTERIOR|target:%20_blank|&#8221;][\/vc_column][vc_column width=&#8221;1\/3&#8243; offset=&#8221;vc_col-lg-offset-0 vc_col-md-offset-0 vc_col-sm-offset-0 vc_col-xs-offset-1 vc_col-xs-3&#8243;][vc_icon icon_fontawesome=&#8221;fa fa-list&#8221; color=&#8221;green&#8221; align=&#8221;center&#8221; link=&#8221;url:http%3A%2F%2Fauladeclio.com%2Fauladeclio%2F11-las-primeras-civilizaciones-fluviales|title:%C3%8DNDICE%20DE%20EP%C3%8DGRAFES|target:%20_blank|&#8221;][\/vc_column][vc_column width=&#8221;1\/3&#8243; offset=&#8221;vc_col-lg-offset-0 vc_col-md-offset-0 vc_col-sm-offset-0 vc_col-xs-offset-1 vc_col-xs-3&#8243;][vc_icon icon_fontawesome=&#8221;fa fa-chevron-right&#8221; color=&#8221;green&#8221; align=&#8221;right&#8221; link=&#8221;url:http%3A%2F%2Fauladeclio.com%2Fauladeclio%2F12-la-civilizacion-egipcia|title:EP%C3%8DGRAFE%20SIGUIENTE|target:%20_blank|&#8221;][\/vc_column][\/vc_row][vc_row][vc_column][vc_tta_tabs style=&#8221;outline&#8221; shape=&#8221;square&#8221; color=&#8221;green&#8221; active_section=&#8221;1&#8243; pagination_style=&#8221;flat-rounded&#8221; pagination_color=&#8221;green&#8221;][vc_tta_section i_icon_fontawesome=&#8221;fa fa-book&#8221; add_icon=&#8221;true&#8221; title=&#8221;TEMA&#8221; tab_id=&#8221;1509006569048-f59e903e-56d1&#8243;][vc_column_text css=&#8221;&#8221;]Breve introducci\u00f3n al ep\u00edgrafe[\/vc_column_text][vc_toggle title=&#8221;SUBAPARTADO 1&#8243; custom_font_container=&#8221;tag:h4|text_align:left|color:%2353AD35&#8243; custom_use_theme_fonts=&#8221;yes&#8221; css=&#8221;&#8221; use_custom_heading=&#8221;true&#8221;]Toggle content goes [&hellip;]<\/p>\n","protected":false},"author":1,"featured_media":0,"parent":0,"menu_order":0,"comment_status":"closed","ping_status":"closed","template":"","meta":{"nf_dc_page":"","footnotes":""},"categories":[97],"tags":[],"class_list":["post-3847","page","type-page","status-publish","hentry","category-1o-eso"],"_links":{"self":[{"href":"https:\/\/auladeclio.com\/auladeclio\/wp-json\/wp\/v2\/pages\/3847","targetHints":{"allow":["GET"]}}],"collection":[{"href":"https:\/\/auladeclio.com\/auladeclio\/wp-json\/wp\/v2\/pages"}],"about":[{"href":"https:\/\/auladeclio.com\/auladeclio\/wp-json\/wp\/v2\/types\/page"}],"author":[{"embeddable":true,"href":"https:\/\/auladeclio.com\/auladeclio\/wp-json\/wp\/v2\/users\/1"}],"replies":[{"embeddable":true,"href":"https:\/\/auladeclio.com\/auladeclio\/wp-json\/wp\/v2\/comments?post=3847"}],"version-history":[{"count":30,"href":"https:\/\/auladeclio.com\/auladeclio\/wp-json\/wp\/v2\/pages\/3847\/revisions"}],"predecessor-version":[{"id":9836,"href":"https:\/\/auladeclio.com\/auladeclio\/wp-json\/wp\/v2\/pages\/3847\/revisions\/9836"}],"wp:attachment":[{"href":"https:\/\/auladeclio.com\/auladeclio\/wp-json\/wp\/v2\/media?parent=3847"}],"wp:term":[{"taxonomy":"category","embeddable":true,"href":"https:\/\/auladeclio.com\/auladeclio\/wp-json\/wp\/v2\/categories?post=3847"},{"taxonomy":"post_tag","embeddable":true,"href":"https:\/\/auladeclio.com\/auladeclio\/wp-json\/wp\/v2\/tags?post=3847"}],"curies":[{"name":"wp","href":"https:\/\/api.w.org\/{rel}","templated":true}]}}