{"id":3590,"date":"2018-10-22T21:11:55","date_gmt":"2018-10-22T21:11:55","guid":{"rendered":"http:\/\/auladeclio.com\/auladeclio\/?page_id=3590"},"modified":"2026-01-13T11:16:27","modified_gmt":"2026-01-13T11:16:27","slug":"1-5-el-relieve-de-nuestro-continente-europa","status":"publish","type":"page","link":"https:\/\/auladeclio.com\/auladeclio\/1-5-el-relieve-de-nuestro-continente-europa\/","title":{"rendered":"1.5 El relieve de nuestro continente: Europa"},"content":{"rendered":"<div class=\"wpb-content-wrapper\">[vc_row][vc_column width=&#8221;1\/3&#8243; offset=&#8221;vc_col-lg-offset-0 vc_col-md-offset-0 vc_col-sm-offset-0 vc_col-xs-3&#8243;][vc_icon icon_fontawesome=&#8221;fa fa-chevron-left&#8221; color=&#8221;green&#8221; link=&#8221;url:http%3A%2F%2Fauladeclio.com%2Fauladeclio%2F2-2-las-principales-unidades-del-relieve%2F|title:EP%C3%8DGRAFE%20ANTERIOR|target:%20_blank|&#8221;][\/vc_column][vc_column width=&#8221;1\/3&#8243; offset=&#8221;vc_col-lg-offset-0 vc_col-md-offset-0 vc_col-sm-offset-0 vc_col-xs-offset-1 vc_col-xs-3&#8243;][vc_icon icon_fontawesome=&#8221;fa fa-list&#8221; color=&#8221;green&#8221; align=&#8221;center&#8221; link=&#8221;url:http%3A%2F%2Fauladeclio.com%2Fauladeclio%2F2-el-relieve-terrestre%2F|title:%C3%8DNDICE%20DE%20EP%C3%8DGRAFES|target:%20_blank|&#8221;][\/vc_column][vc_column width=&#8221;1\/3&#8243; offset=&#8221;vc_col-lg-offset-0 vc_col-md-offset-0 vc_col-sm-offset-0 vc_col-xs-offset-1 vc_col-xs-3&#8243;][vc_icon icon_fontawesome=&#8221;fa fa-chevron-right&#8221; color=&#8221;green&#8221; align=&#8221;right&#8221; link=&#8221;url:http%3A%2F%2Fauladeclio.com%2Fauladeclio%2F2-4-la-distribucion-de-las-aguas-del-planeta%2F|title:EP%C3%8DGRAFE%20SIGUIENTE|target:%20_blank|&#8221;][\/vc_column][\/vc_row][vc_row][vc_column][vc_tta_tabs style=&#8221;outline&#8221; shape=&#8221;square&#8221; color=&#8221;green&#8221; active_section=&#8221;1&#8243; pagination_style=&#8221;flat-rounded&#8221; pagination_color=&#8221;green&#8221;][vc_tta_section i_icon_fontawesome=&#8221;fa fa-book&#8221; add_icon=&#8221;true&#8221; title=&#8221;TEMA&#8221; tab_id=&#8221;1509006569048-f59e903e-56d1&#8243;][vc_column_text css=&#8221;&#8221;]Introducci\u00f3n[\/vc_column_text][vc_toggle title=&#8221;AM\u00c9RICA&#8221; custom_font_container=&#8221;tag:h4|text_align:left|color:%2353ad35&#8243; custom_google_fonts=&#8221;font_family:Bitter%3Aregular%2Citalic%2C700|font_style:400%20regular%3A400%3Anormal&#8221; use_custom_heading=&#8221;true&#8221;]El contenido a alternar va aqu\u00ed, pulsa el bot\u00f3n editar para cambiar este texto.[\/vc_toggle][vc_toggle title=&#8221;\u00c1FRICA&#8221; custom_font_container=&#8221;tag:h4|text_align:left|color:%2353ad35&#8243; custom_google_fonts=&#8221;font_family:Bitter%3Aregular%2Citalic%2C700|font_style:400%20regular%3A400%3Anormal&#8221; use_custom_heading=&#8221;true&#8221;]El contenido a alternar va aqu\u00ed, pulsa el bot\u00f3n editar para cambiar este texto.[\/vc_toggle][vc_toggle title=&#8221;ASIA&#8221; custom_font_container=&#8221;tag:h4|text_align:left|color:%2353ad35&#8243; custom_google_fonts=&#8221;font_family:Bitter%3Aregular%2Citalic%2C700|font_style:400%20regular%3A400%3Anormal&#8221; use_custom_heading=&#8221;true&#8221;]El contenido a alternar va aqu\u00ed, pulsa el bot\u00f3n editar para cambiar este texto.[\/vc_toggle][vc_toggle title=&#8221;OCEAN\u00cdA&#8221; custom_font_container=&#8221;tag:h4|text_align:left|color:%2353ad35&#8243; custom_google_fonts=&#8221;font_family:Bitter%3Aregular%2Citalic%2C700|font_style:400%20regular%3A400%3Anormal&#8221; use_custom_heading=&#8221;true&#8221;]El contenido a alternar va aqu\u00ed, pulsa el bot\u00f3n editar para cambiar este texto.[\/vc_toggle][vc_toggle title=&#8221;LA ANT\u00c1RTIDA&#8221; custom_font_container=&#8221;tag:h4|text_align:left|color:%2353ad35&#8243; custom_google_fonts=&#8221;font_family:Bitter%3Aregular%2Citalic%2C700|font_style:400%20regular%3A400%3Anormal&#8221; use_custom_heading=&#8221;true&#8221;]El contenido a alternar va aqu\u00ed, pulsa el bot\u00f3n editar para cambiar este texto.[\/vc_toggle][\/vc_tta_section][vc_tta_section i_icon_fontawesome=&#8221;fa fa-pencil&#8221; add_icon=&#8221;true&#8221; title=&#8221;EJERCICIOS&#8221; tab_id=&#8221;1509006569048-69f0d63d-3f36&#8243;][vc_column_text]<strong>COMPLETA EL SIGUIENTE FORMULARIO CON PREGUNTAS SOBRE XXXXXXXXXXXXXXX:<\/strong>[\/vc_column_text][\/vc_tta_section][vc_tta_section i_icon_fontawesome=&#8221;fa fa-puzzle-piece&#8221; add_icon=&#8221;true&#8221; title=&#8221;ACTIVIDADES&#8221; tab_id=&#8221;1509006579146-16897097-dde9&#8243;][vc_column_text]<strong>LOCALIZA LAS PRINCIPALES UNIDADES DE RELIEVE EN LOS SIGUIENTES MAPAS:<\/strong><\/p>\n<p>Recuerda respetar los colores en los que hay que escribir cada unidad de relieve y completar las caracter\u00edsticas principales de cada continente.<\/p>\n<div class=\"row\">\n<div class=\"col-lg-3 col-md-12 col-sm-12 col-12\">\n<figure id=\"attachment_4578\" class=\"thumbnail wp-caption aligncenter\" style=\"width: 222px\"><a href=\"https:\/\/auladeclio.com\/auladeclio\/wp-content\/uploads\/2018\/12\/MAPA-FISICO-AMERICA-1o-ESO.jpg\"><img loading=\"lazy\" decoding=\"async\" class=\"size-medium wp-image-4578\" src=\"https:\/\/auladeclio.com\/auladeclio\/wp-content\/uploads\/2018\/12\/MAPA-FISICO-AMERICA-1o-ESO-212x300.jpg\" alt=\"\" width=\"212\" height=\"300\" srcset=\"https:\/\/auladeclio.com\/auladeclio\/wp-content\/uploads\/2018\/12\/MAPA-FISICO-AMERICA-1o-ESO-212x300.jpg 212w, https:\/\/auladeclio.com\/auladeclio\/wp-content\/uploads\/2018\/12\/MAPA-FISICO-AMERICA-1o-ESO-768x1086.jpg 768w, https:\/\/auladeclio.com\/auladeclio\/wp-content\/uploads\/2018\/12\/MAPA-FISICO-AMERICA-1o-ESO-724x1024.jpg 724w, https:\/\/auladeclio.com\/auladeclio\/wp-content\/uploads\/2018\/12\/MAPA-FISICO-AMERICA-1o-ESO.jpg 1654w\" sizes=\"auto, (max-width: 212px) 100vw, 212px\" \/><\/a><figcaption class=\"caption wp-caption-text\">MAPA F\u00cdSICO DE AM\u00c9RICA<\/figcaption><\/figure>\n<\/div>\n<div class=\"col-lg-3 col-md-12 col-sm-12 col-12\">\n<figure id=\"attachment_4580\" class=\"thumbnail wp-caption aligncenter\" style=\"width: 222px\"><a href=\"https:\/\/auladeclio.com\/auladeclio\/wp-content\/uploads\/2018\/12\/MAPA-FISICO-DE-\u00c1FRICA-1o-ESO.jpg\"><img loading=\"lazy\" decoding=\"async\" class=\"size-medium wp-image-4580\" src=\"https:\/\/auladeclio.com\/auladeclio\/wp-content\/uploads\/2018\/12\/MAPA-FISICO-DE-\u00c1FRICA-1o-ESO-212x300.jpg\" alt=\"\" width=\"212\" height=\"300\" srcset=\"https:\/\/auladeclio.com\/auladeclio\/wp-content\/uploads\/2018\/12\/MAPA-FISICO-DE-\u00c1FRICA-1o-ESO-212x300.jpg 212w, https:\/\/auladeclio.com\/auladeclio\/wp-content\/uploads\/2018\/12\/MAPA-FISICO-DE-\u00c1FRICA-1o-ESO-768x1086.jpg 768w, https:\/\/auladeclio.com\/auladeclio\/wp-content\/uploads\/2018\/12\/MAPA-FISICO-DE-\u00c1FRICA-1o-ESO-724x1024.jpg 724w, https:\/\/auladeclio.com\/auladeclio\/wp-content\/uploads\/2018\/12\/MAPA-FISICO-DE-\u00c1FRICA-1o-ESO.jpg 1654w\" sizes=\"auto, (max-width: 212px) 100vw, 212px\" \/><\/a><figcaption class=\"caption wp-caption-text\">MAPA F\u00cdSICO DE \u00c1FRICA<\/figcaption><\/figure>\n<\/div>\n<div class=\"col-lg-3 col-md-12 col-sm-12 col-12\">\n<figure id=\"attachment_4579\" class=\"thumbnail wp-caption aligncenter\" style=\"width: 310px\"><a href=\"https:\/\/auladeclio.com\/auladeclio\/wp-content\/uploads\/2018\/12\/MAPA-FISICO-ASIA-1o-ESO.jpg\"><img loading=\"lazy\" decoding=\"async\" class=\"size-medium wp-image-4579\" src=\"https:\/\/auladeclio.com\/auladeclio\/wp-content\/uploads\/2018\/12\/MAPA-FISICO-ASIA-1o-ESO-300x212.jpg\" alt=\"\" width=\"300\" height=\"212\" srcset=\"https:\/\/auladeclio.com\/auladeclio\/wp-content\/uploads\/2018\/12\/MAPA-FISICO-ASIA-1o-ESO-300x212.jpg 300w, https:\/\/auladeclio.com\/auladeclio\/wp-content\/uploads\/2018\/12\/MAPA-FISICO-ASIA-1o-ESO-768x543.jpg 768w, https:\/\/auladeclio.com\/auladeclio\/wp-content\/uploads\/2018\/12\/MAPA-FISICO-ASIA-1o-ESO-1024x724.jpg 1024w, https:\/\/auladeclio.com\/auladeclio\/wp-content\/uploads\/2018\/12\/MAPA-FISICO-ASIA-1o-ESO.jpg 1684w\" sizes=\"auto, (max-width: 300px) 100vw, 300px\" \/><\/a><figcaption class=\"caption wp-caption-text\">MAPA F\u00cdSICO DE ASIA<\/figcaption><\/figure>\n<\/div>\n<div class=\"col-lg-3 col-md-12 col-sm-12 col-12\">\n<figure id=\"attachment_4581\" class=\"thumbnail wp-caption aligncenter\" style=\"width: 310px\"><a href=\"https:\/\/auladeclio.com\/auladeclio\/wp-content\/uploads\/2018\/12\/MAPA-FISICO-OCEANIA-1\u00ba-ESO.jpg\"><img loading=\"lazy\" decoding=\"async\" class=\"size-medium wp-image-4581\" src=\"https:\/\/auladeclio.com\/auladeclio\/wp-content\/uploads\/2018\/12\/MAPA-FISICO-OCEANIA-1\u00ba-ESO-300x212.jpg\" alt=\"\" width=\"300\" height=\"212\" srcset=\"https:\/\/auladeclio.com\/auladeclio\/wp-content\/uploads\/2018\/12\/MAPA-FISICO-OCEANIA-1\u00ba-ESO-300x212.jpg 300w, https:\/\/auladeclio.com\/auladeclio\/wp-content\/uploads\/2018\/12\/MAPA-FISICO-OCEANIA-1\u00ba-ESO-768x543.jpg 768w, https:\/\/auladeclio.com\/auladeclio\/wp-content\/uploads\/2018\/12\/MAPA-FISICO-OCEANIA-1\u00ba-ESO-1024x724.jpg 1024w, https:\/\/auladeclio.com\/auladeclio\/wp-content\/uploads\/2018\/12\/MAPA-FISICO-OCEANIA-1\u00ba-ESO.jpg 1684w\" sizes=\"auto, (max-width: 300px) 100vw, 300px\" \/><\/a><figcaption class=\"caption wp-caption-text\">MAPA F\u00cdSICO DE OCEAN\u00cdA<\/figcaption><\/figure>\n<\/div>\n<\/div>[\/vc_column_text][vc_column_text]<b>2.1. Sit\u00faa en un mapa f\u00edsico las principales unidades del relieve espa\u00f1ol, europeo y mundial.(TEMA 2)<\/b><\/p>\n<p><b>11.1. Localiza en un mapa f\u00edsico mundial los principales elementos y referencias f\u00edsicas: mares y oc\u00e9anos,\u00a0continentes, islas y archipi\u00e9lagos m\u00e1s importantes, adem\u00e1s de los r\u00edos y las principales\u00a0cadenas monta\u00f1osas.(TEMA 2)<\/b>[\/vc_column_text][\/vc_tta_section][vc_tta_section i_icon_fontawesome=&#8221;fa fa-lightbulb-o&#8221; add_icon=&#8221;true&#8221; title=&#8221;TAREAS&#8221; tab_id=&#8221;1520438215273-bfb2598c-dd88&#8243;][vc_column_text]TAREA DE S\u00cdNTESIS. NORMALMENTE UN MAPA CONCEPTUAL O UN EJE CRONOL\u00d3GICO[\/vc_column_text][vc_toggle title=&#8221;PROPUESTA PARA EL TRABAJO INDIVIDUAL RELACIONADO CON LOS DERECHOS HUMANOS&#8221;]El contenido a alternar va aqu\u00ed, pulsa el bot\u00f3n editar para cambiar este texto.[\/vc_toggle][\/vc_tta_section][vc_tta_section i_icon_fontawesome=&#8221;fa fa-plus-circle&#8221; add_icon=&#8221;true&#8221; title=&#8221;CONSOLIDA&#8221; tab_id=&#8221;1524164322459-38712b94-b327&#8243;][vc_column_text]EJERCICIOS O ACTIVIDADES DESTINADAS A AYUDAR CON LAS ACTIVIDADES RELACIONADAS CON LOS EST\u00c1NDARES[\/vc_column_text][\/vc_tta_section][vc_tta_section i_icon_fontawesome=&#8221;fa fa-question-circle&#8221; add_icon=&#8221;true&#8221; title=&#8221;PROFUNDIZA&#8221; tab_id=&#8221;1524164499297-d8938bdf-1969&#8243;][vc_column_text]ACTIVIDAD DE AMPLIACI\u00d3N CON ALGUNA CURIOSIDAD[\/vc_column_text][\/vc_tta_section][\/vc_tta_tabs][\/vc_column][\/vc_row]\n<\/div>","protected":false},"excerpt":{"rendered":"<p>[vc_row][vc_column width=&#8221;1\/3&#8243; offset=&#8221;vc_col-lg-offset-0 vc_col-md-offset-0 vc_col-sm-offset-0 vc_col-xs-3&#8243;][vc_icon icon_fontawesome=&#8221;fa fa-chevron-left&#8221; color=&#8221;green&#8221; link=&#8221;url:http%3A%2F%2Fauladeclio.com%2Fauladeclio%2F2-2-las-principales-unidades-del-relieve%2F|title:EP%C3%8DGRAFE%20ANTERIOR|target:%20_blank|&#8221;][\/vc_column][vc_column width=&#8221;1\/3&#8243; offset=&#8221;vc_col-lg-offset-0 vc_col-md-offset-0 vc_col-sm-offset-0 vc_col-xs-offset-1 vc_col-xs-3&#8243;][vc_icon icon_fontawesome=&#8221;fa fa-list&#8221; color=&#8221;green&#8221; align=&#8221;center&#8221; link=&#8221;url:http%3A%2F%2Fauladeclio.com%2Fauladeclio%2F2-el-relieve-terrestre%2F|title:%C3%8DNDICE%20DE%20EP%C3%8DGRAFES|target:%20_blank|&#8221;][\/vc_column][vc_column width=&#8221;1\/3&#8243; offset=&#8221;vc_col-lg-offset-0 vc_col-md-offset-0 vc_col-sm-offset-0 vc_col-xs-offset-1 vc_col-xs-3&#8243;][vc_icon icon_fontawesome=&#8221;fa fa-chevron-right&#8221; color=&#8221;green&#8221; align=&#8221;right&#8221; link=&#8221;url:http%3A%2F%2Fauladeclio.com%2Fauladeclio%2F2-4-la-distribucion-de-las-aguas-del-planeta%2F|title:EP%C3%8DGRAFE%20SIGUIENTE|target:%20_blank|&#8221;][\/vc_column][\/vc_row][vc_row][vc_column][vc_tta_tabs style=&#8221;outline&#8221; shape=&#8221;square&#8221; color=&#8221;green&#8221; active_section=&#8221;1&#8243; pagination_style=&#8221;flat-rounded&#8221; pagination_color=&#8221;green&#8221;][vc_tta_section i_icon_fontawesome=&#8221;fa fa-book&#8221; add_icon=&#8221;true&#8221; title=&#8221;TEMA&#8221; tab_id=&#8221;1509006569048-f59e903e-56d1&#8243;][vc_column_text css=&#8221;&#8221;]Introducci\u00f3n[\/vc_column_text][vc_toggle title=&#8221;AM\u00c9RICA&#8221; custom_font_container=&#8221;tag:h4|text_align:left|color:%2353ad35&#8243; custom_google_fonts=&#8221;font_family:Bitter%3Aregular%2Citalic%2C700|font_style:400%20regular%3A400%3Anormal&#8221; use_custom_heading=&#8221;true&#8221;]El contenido a alternar va aqu\u00ed, pulsa el [&hellip;]<\/p>\n","protected":false},"author":1,"featured_media":0,"parent":0,"menu_order":0,"comment_status":"closed","ping_status":"closed","template":"","meta":{"nf_dc_page":"","footnotes":""},"categories":[97],"tags":[],"class_list":["post-3590","page","type-page","status-publish","hentry","category-1o-eso"],"_links":{"self":[{"href":"https:\/\/auladeclio.com\/auladeclio\/wp-json\/wp\/v2\/pages\/3590","targetHints":{"allow":["GET"]}}],"collection":[{"href":"https:\/\/auladeclio.com\/auladeclio\/wp-json\/wp\/v2\/pages"}],"about":[{"href":"https:\/\/auladeclio.com\/auladeclio\/wp-json\/wp\/v2\/types\/page"}],"author":[{"embeddable":true,"href":"https:\/\/auladeclio.com\/auladeclio\/wp-json\/wp\/v2\/users\/1"}],"replies":[{"embeddable":true,"href":"https:\/\/auladeclio.com\/auladeclio\/wp-json\/wp\/v2\/comments?post=3590"}],"version-history":[{"count":12,"href":"https:\/\/auladeclio.com\/auladeclio\/wp-json\/wp\/v2\/pages\/3590\/revisions"}],"predecessor-version":[{"id":9775,"href":"https:\/\/auladeclio.com\/auladeclio\/wp-json\/wp\/v2\/pages\/3590\/revisions\/9775"}],"wp:attachment":[{"href":"https:\/\/auladeclio.com\/auladeclio\/wp-json\/wp\/v2\/media?parent=3590"}],"wp:term":[{"taxonomy":"category","embeddable":true,"href":"https:\/\/auladeclio.com\/auladeclio\/wp-json\/wp\/v2\/categories?post=3590"},{"taxonomy":"post_tag","embeddable":true,"href":"https:\/\/auladeclio.com\/auladeclio\/wp-json\/wp\/v2\/tags?post=3590"}],"curies":[{"name":"wp","href":"https:\/\/api.w.org\/{rel}","templated":true}]}}