{"id":3530,"date":"2018-10-16T12:23:38","date_gmt":"2018-10-16T12:23:38","guid":{"rendered":"http:\/\/auladeclio.com\/auladeclio\/?page_id=3530"},"modified":"2026-01-15T08:15:20","modified_gmt":"2026-01-15T08:15:20","slug":"7-las-primeras-civilizaciones","status":"publish","type":"page","link":"https:\/\/auladeclio.com\/auladeclio\/7-las-primeras-civilizaciones\/","title":{"rendered":"7 LAS PRIMERAS CIVILIZACIONES"},"content":{"rendered":"<div class=\"wpb-content-wrapper\">[vc_row][vc_column width=&#8221;1\/3&#8243; offset=&#8221;vc_col-lg-offset-0 vc_col-md-offset-0 vc_col-sm-offset-0 vc_col-xs-3&#8243;][vc_icon icon_fontawesome=&#8221;fa fa-chevron-left&#8221; color=&#8221;green&#8221; link=&#8221;url:http%3A%2F%2Fauladeclio.com%2Fauladeclio%2F7-4-el-clima-de-alta-montana|title:TEMA%20ANTERIOR|target:%20_blank|&#8221;][\/vc_column][vc_column width=&#8221;1\/3&#8243; offset=&#8221;vc_col-lg-offset-0 vc_col-md-offset-0 vc_col-sm-offset-0 vc_col-xs-offset-1 vc_col-xs-3&#8243;][vc_icon icon_fontawesome=&#8221;fa fa-list&#8221; color=&#8221;white&#8221; align=&#8221;center&#8221; link=&#8221;|title:%C3%8DNDICE%20DE%20EP%C3%8DGRAFES||&#8221;][\/vc_column][vc_column width=&#8221;1\/3&#8243; offset=&#8221;vc_col-lg-offset-0 vc_col-md-offset-0 vc_col-sm-offset-0 vc_col-xs-offset-1 vc_col-xs-3&#8243;][vc_icon icon_fontawesome=&#8221;fa fa-chevron-right&#8221; color=&#8221;green&#8221; align=&#8221;right&#8221; link=&#8221;url:http%3A%2F%2Fauladeclio.com%2Fauladeclio%2F8-1-la-tierra-es-un-ecosistema|title:EP%C3%8DGRAFE%20SIGUIENTE|target:%20_blank|&#8221;][\/vc_column][\/vc_row][vc_row][vc_column][vc_column_text]<span style=\"font-size: 18pt;\"><strong>EN EL PRESENTE TEMA VEREMOS LOS SIGUIENTES EP\u00cdGRAFES:<\/strong><\/span>[\/vc_column_text][\/vc_column][\/vc_row][vc_row][vc_column][vc_separator][vc_custom_heading text=&#8221;7.1 El inicio de la historia. La escritura&#8221; google_fonts=&#8221;font_family:Ubuntu%3A300%2C300italic%2Cregular%2Citalic%2C500%2C500italic%2C700%2C700italic|font_style:400%20regular%3A400%3Anormal&#8221; css=&#8221;&#8221; link=&#8221;url:https%3A%2F%2Fauladeclio.com%2Fauladeclio%2F7-1-el-inicio-de-la-historia-la-escritura%2F|target:_blank&#8221;][vc_custom_heading text=&#8221;7.2 Mesopotamia. La tierra entre dos r\u00edos&#8221; google_fonts=&#8221;font_family:Ubuntu%3A300%2C300italic%2Cregular%2Citalic%2C500%2C500italic%2C700%2C700italic|font_style:400%20regular%3A400%3Anormal&#8221; css=&#8221;&#8221; link=&#8221;url:https%3A%2F%2Fauladeclio.com%2Fauladeclio%2F7-2-mesopotamia-la-tierra-entre-dos-r-os%2F|target:_blank&#8221;][vc_custom_heading text=&#8221;7.3 El milagro del Nilo&#8221; google_fonts=&#8221;font_family:Ubuntu%3A300%2C300italic%2Cregular%2Citalic%2C500%2C500italic%2C700%2C700italic|font_style:400%20regular%3A400%3Anormal&#8221; css=&#8221;&#8221; link=&#8221;url:https%3A%2F%2Fauladeclio.com%2Fauladeclio%2F7-3-el-milagro-del-nilo%2F|target:_blank&#8221;][vc_custom_heading text=&#8221;7.4 Tierra de faraones&#8221; google_fonts=&#8221;font_family:Ubuntu%3A300%2C300italic%2Cregular%2Citalic%2C500%2C500italic%2C700%2C700italic|font_style:400%20regular%3A400%3Anormal&#8221; css=&#8221;&#8221; link=&#8221;url:https%3A%2F%2Fauladeclio.com%2Fauladeclio%2F7-4-tierra-de-faraones%2F|target:_blank&#8221;][vc_custom_heading text=&#8221;7.5 La vida y la muerte en Egipto&#8221; google_fonts=&#8221;font_family:Ubuntu%3A300%2C300italic%2Cregular%2Citalic%2C500%2C500italic%2C700%2C700italic|font_style:400%20regular%3A400%3Anormal&#8221; css=&#8221;&#8221; link=&#8221;url:https%3A%2F%2Fauladeclio.com%2Fauladeclio%2F7-5-la-vida-y-la-muerte-en-egipto%2F|target:_blank&#8221;][vc_custom_heading text=&#8221;7.6 El arte egipcio&#8221; google_fonts=&#8221;font_family:Ubuntu%3A300%2C300italic%2Cregular%2Citalic%2C500%2C500italic%2C700%2C700italic|font_style:400%20regular%3A400%3Anormal&#8221; css=&#8221;&#8221; link=&#8221;url:https%3A%2F%2Fauladeclio.com%2Fauladeclio%2F12-4-el-arte-egipcio%2F|target:_blank&#8221;][\/vc_column][\/vc_row][vc_row][vc_column][vc_btn title=&#8221;DESCARGA EL TEMA EN PDF&#8221; shape=&#8221;square&#8221; color=&#8221;danger&#8221; align=&#8221;center&#8221; i_icon_fontawesome=&#8221;fa fa-file-pdf-o&#8221; button_block=&#8221;true&#8221; add_icon=&#8221;true&#8221; link=&#8221;|title:DESCARGA%20EL%20TEMA%20EN%20PDF|target:%20_blank|&#8221;][vc_btn title=&#8221;DESCARGA LAS ACTIVIDADES .DOCX&#8221; shape=&#8221;square&#8221; color=&#8221;sky&#8221; align=&#8221;center&#8221; i_icon_fontawesome=&#8221;fa fa-file-word-o&#8221; button_block=&#8221;true&#8221; add_icon=&#8221;true&#8221; link=&#8221;|title:DESCARGA%20EL%20TEMA%20EN%20PDF|target:%20_blank|&#8221;][vc_separator][vc_column_text css=&#8221;&#8221;]<div class=\"row\"><div class=\"col-lg-6 col-md-12 col-sm-12 col-12\">\n<p>Al mismo tiempo que el Neol\u00edtico y la Edad de los Metales se iban expandiendo por todo el mundo, <strong>en algunas zonas del planeta empezaban a desarrollarse una serie de culturas muy complejas cuyos asentamientos comenzaban a parecerse a aut\u00e9nticas ciudades<\/strong>. Sus excedentes eran muy importantes y todo esto implicaba la necesidad de desarrollar nuevas herramientas para controlar toda esta cantidad de productos. <strong>Aparec\u00eda as\u00ed la escritura y por lo tanto, la prehistoria quedaba atr\u00e1s y comenzaba la Edad Antigua.<\/strong><\/p>\n<p><strong>Estas sociedades m\u00e1s avanzadas se asentaron en los valles de algunos de los r\u00edos m\u00e1s importantes del mundo: el Nilo, el \u00c9ufrates, el Tigris, el Indo, el Yants\u00e9&#8230; Por eso las llamamos civilizaciones fluviales.<\/strong> Las primeras en desarrollar la escritura fueron las culturas que aparecieron entre los r\u00edos \u00c9ufrates y Tigris, en una zona conocida como Mesopotamia.<\/p>\n<\/div>\n<div class=\"col-lg-6 col-md-12 col-sm-12 col-12\">\n<div class=\"embed-responsive embed-responsive-16by9\"><iframe loading=\"lazy\" title=\"El nacimiento de la civilizaci\u00f3n, Babilonia, Sumeria, Valle del Indo y Egipto. Documental\" src=\"https:\/\/www.youtube.com\/embed\/fPO3dD4ZcIo\" width=\"1340\" height=\"754\" frameborder=\"0\" allowfullscreen=\"allowfullscreen\" class=\"embed-responsive-item\"><\/iframe><\/div>\n<\/div><\/div>\n<p>En este tema veremos como en esta zona del mundo, en Oriente Pr\u00f3ximo o Creciente F\u00e9rtil, comenzaron a aparecer <strong>las primeras civilizaciones capaces de construir monumentos y obras de arte impresionantes como los zigurats o las pir\u00e1mides.<\/strong>[\/vc_column_text][vc_single_image image=&#8221;3839&#8243; img_size=&#8221;full&#8221; alignment=&#8221;center&#8221; css=&#8221;&#8221; title=&#8221;EJE CRONOL\u00d3GICO DE MESOPOTAMIA&#8221;][vc_single_image image=&#8221;4990&#8243; img_size=&#8221;full&#8221; add_caption=&#8221;yes&#8221; alignment=&#8221;center&#8221; onclick=&#8221;img_link_large&#8221; css=&#8221;&#8221;][vc_single_image image=&#8221;3872&#8243; img_size=&#8221;FULL&#8221; alignment=&#8221;center&#8221; css=&#8221;&#8221;][\/vc_column][\/vc_row]\n<\/div>","protected":false},"excerpt":{"rendered":"<p>[vc_row][vc_column width=&#8221;1\/3&#8243; offset=&#8221;vc_col-lg-offset-0 vc_col-md-offset-0 vc_col-sm-offset-0 vc_col-xs-3&#8243;][vc_icon icon_fontawesome=&#8221;fa fa-chevron-left&#8221; color=&#8221;green&#8221; link=&#8221;url:http%3A%2F%2Fauladeclio.com%2Fauladeclio%2F7-4-el-clima-de-alta-montana|title:TEMA%20ANTERIOR|target:%20_blank|&#8221;][\/vc_column][vc_column width=&#8221;1\/3&#8243; offset=&#8221;vc_col-lg-offset-0 vc_col-md-offset-0 vc_col-sm-offset-0 vc_col-xs-offset-1 vc_col-xs-3&#8243;][vc_icon icon_fontawesome=&#8221;fa fa-list&#8221; color=&#8221;white&#8221; align=&#8221;center&#8221; link=&#8221;|title:%C3%8DNDICE%20DE%20EP%C3%8DGRAFES||&#8221;][\/vc_column][vc_column width=&#8221;1\/3&#8243; offset=&#8221;vc_col-lg-offset-0 vc_col-md-offset-0 vc_col-sm-offset-0 vc_col-xs-offset-1 vc_col-xs-3&#8243;][vc_icon icon_fontawesome=&#8221;fa fa-chevron-right&#8221; color=&#8221;green&#8221; align=&#8221;right&#8221; link=&#8221;url:http%3A%2F%2Fauladeclio.com%2Fauladeclio%2F8-1-la-tierra-es-un-ecosistema|title:EP%C3%8DGRAFE%20SIGUIENTE|target:%20_blank|&#8221;][\/vc_column][\/vc_row][vc_row][vc_column][vc_column_text]EN EL PRESENTE TEMA VEREMOS LOS SIGUIENTES EP\u00cdGRAFES:[\/vc_column_text][\/vc_column][\/vc_row][vc_row][vc_column][vc_separator][vc_custom_heading text=&#8221;7.1 El inicio de la historia. La escritura&#8221; google_fonts=&#8221;font_family:Ubuntu%3A300%2C300italic%2Cregular%2Citalic%2C500%2C500italic%2C700%2C700italic|font_style:400%20regular%3A400%3Anormal&#8221; css=&#8221;&#8221; link=&#8221;url:https%3A%2F%2Fauladeclio.com%2Fauladeclio%2F7-1-el-inicio-de-la-historia-la-escritura%2F|target:_blank&#8221;][vc_custom_heading text=&#8221;7.2 Mesopotamia. La tierra entre [&hellip;]<\/p>\n","protected":false},"author":1,"featured_media":0,"parent":0,"menu_order":0,"comment_status":"closed","ping_status":"closed","template":"","meta":{"nf_dc_page":"","footnotes":""},"categories":[97],"tags":[],"class_list":["post-3530","page","type-page","status-publish","hentry","category-1o-eso"],"_links":{"self":[{"href":"https:\/\/auladeclio.com\/auladeclio\/wp-json\/wp\/v2\/pages\/3530","targetHints":{"allow":["GET"]}}],"collection":[{"href":"https:\/\/auladeclio.com\/auladeclio\/wp-json\/wp\/v2\/pages"}],"about":[{"href":"https:\/\/auladeclio.com\/auladeclio\/wp-json\/wp\/v2\/types\/page"}],"author":[{"embeddable":true,"href":"https:\/\/auladeclio.com\/auladeclio\/wp-json\/wp\/v2\/users\/1"}],"replies":[{"embeddable":true,"href":"https:\/\/auladeclio.com\/auladeclio\/wp-json\/wp\/v2\/comments?post=3530"}],"version-history":[{"count":10,"href":"https:\/\/auladeclio.com\/auladeclio\/wp-json\/wp\/v2\/pages\/3530\/revisions"}],"predecessor-version":[{"id":9864,"href":"https:\/\/auladeclio.com\/auladeclio\/wp-json\/wp\/v2\/pages\/3530\/revisions\/9864"}],"wp:attachment":[{"href":"https:\/\/auladeclio.com\/auladeclio\/wp-json\/wp\/v2\/media?parent=3530"}],"wp:term":[{"taxonomy":"category","embeddable":true,"href":"https:\/\/auladeclio.com\/auladeclio\/wp-json\/wp\/v2\/categories?post=3530"},{"taxonomy":"post_tag","embeddable":true,"href":"https:\/\/auladeclio.com\/auladeclio\/wp-json\/wp\/v2\/tags?post=3530"}],"curies":[{"name":"wp","href":"https:\/\/api.w.org\/{rel}","templated":true}]}}