{"id":3526,"date":"2018-10-16T12:22:17","date_gmt":"2018-10-16T12:22:17","guid":{"rendered":"http:\/\/auladeclio.com\/auladeclio\/?page_id=3526"},"modified":"2026-01-15T15:19:23","modified_gmt":"2026-01-15T15:19:23","slug":"6-los-paisajes-de-espa-a","status":"publish","type":"page","link":"https:\/\/auladeclio.com\/auladeclio\/6-los-paisajes-de-espa-a\/","title":{"rendered":"5 LOS PAISAJES DE ESPA\u00d1A"},"content":{"rendered":"<div class=\"wpb-content-wrapper\">[vc_row][vc_column width=&#8221;1\/3&#8243; offset=&#8221;vc_col-lg-offset-0 vc_col-md-offset-0 vc_col-sm-offset-0 vc_col-xs-3&#8243;][vc_icon icon_fontawesome=&#8221;fa fa-solid fa-chevron-left&#8221; color=&#8221;green&#8221; css=&#8221;&#8221; link=&#8221;url:https%3A%2F%2Fauladeclio.com%2Fauladeclio%2F4-4-los-paisajes-de-climas-frios%2F|title:TEMA%20ANTERIOR|target:_blank&#8221;][\/vc_column][vc_column width=&#8221;1\/3&#8243; offset=&#8221;vc_col-lg-offset-0 vc_col-md-offset-0 vc_col-sm-offset-0 vc_col-xs-offset-1 vc_col-xs-3&#8243;][vc_icon icon_fontawesome=&#8221;fa fa-list&#8221; color=&#8221;white&#8221; align=&#8221;center&#8221; link=&#8221;|title:%C3%8DNDICE%20DE%20EP%C3%8DGRAFES||&#8221;][\/vc_column][vc_column width=&#8221;1\/3&#8243; offset=&#8221;vc_col-lg-offset-0 vc_col-md-offset-0 vc_col-sm-offset-0 vc_col-xs-offset-1 vc_col-xs-3&#8243;][vc_icon icon_fontawesome=&#8221;fa fa-solid fa-chevron-right&#8221; color=&#8221;green&#8221; align=&#8221;right&#8221; css=&#8221;&#8221; link=&#8221;url:https%3A%2F%2Fauladeclio.com%2Fauladeclio%2F5-1-el-paisaje-oceanico-o-atlantico%2F|title:EP%C3%8DGRAFE%20SIGUIENTE|target:_blank&#8221;][\/vc_column][\/vc_row][vc_row][vc_column][vc_column_text]<span style=\"font-size: 18pt;\"><strong>EN EL PRESENTE TEMA VEREMOS LOS SIGUIENTES EP\u00cdGRAFES:<\/strong><\/span>[\/vc_column_text][\/vc_column][\/vc_row][vc_row][vc_column][vc_separator][vc_custom_heading text=&#8221;5.1 El paisaje oce\u00e1nico o atl\u00e1ntico&#8221; google_fonts=&#8221;font_family:Ubuntu%3A300%2C300italic%2Cregular%2Citalic%2C500%2C500italic%2C700%2C700italic|font_style:400%20regular%3A400%3Anormal&#8221; css=&#8221;&#8221; link=&#8221;url:https%3A%2F%2Fauladeclio.com%2Fauladeclio%2F5-1-el-paisaje-oceanico-o-atlantico%2F|target:_blank&#8221;][vc_custom_heading text=&#8221;5.2 El paisaje de interior o continental&#8221; google_fonts=&#8221;font_family:Ubuntu%3A300%2C300italic%2Cregular%2Citalic%2C500%2C500italic%2C700%2C700italic|font_style:400%20regular%3A400%3Anormal&#8221; css=&#8221;&#8221; link=&#8221;url:https%3A%2F%2Fauladeclio.com%2Fauladeclio%2F5-2-el-paisaje-de-interior-o-continental%2F|target:_blank&#8221;][vc_custom_heading text=&#8221;5.3 El paisaje mediterr\u00e1neo&#8221; google_fonts=&#8221;font_family:Ubuntu%3A300%2C300italic%2Cregular%2Citalic%2C500%2C500italic%2C700%2C700italic|font_style:400%20regular%3A400%3Anormal&#8221; css=&#8221;&#8221; link=&#8221;url:https%3A%2F%2Fauladeclio.com%2Fauladeclio%2F5-3-el-paisaje-mediterraneo%2F|target:_blank&#8221;][vc_custom_heading text=&#8221;5.4 El paisaje de las Canarias&#8221; google_fonts=&#8221;font_family:Ubuntu%3A300%2C300italic%2Cregular%2Citalic%2C500%2C500italic%2C700%2C700italic|font_style:400%20regular%3A400%3Anormal&#8221; css=&#8221;&#8221; link=&#8221;url:https%3A%2F%2Fauladeclio.com%2Fauladeclio%2F5-4-el-paisaje-de-las-canarias%2F|target:_blank&#8221;][vc_custom_heading text=&#8221;5.4 El paisaje de alta monta\u00f1a&#8221; google_fonts=&#8221;font_family:Ubuntu%3A300%2C300italic%2Cregular%2Citalic%2C500%2C500italic%2C700%2C700italic|font_style:400%20regular%3A400%3Anormal&#8221; css=&#8221;&#8221; link=&#8221;url:https%3A%2F%2Fauladeclio.com%2Fauladeclio%2F5-5-el-paisaje-de-alta-monta-a%2F|target:_blank&#8221;][\/vc_column][\/vc_row][vc_row][vc_column][vc_btn title=&#8221;DESCARGA EL TEMA EN PDF&#8221; shape=&#8221;square&#8221; color=&#8221;danger&#8221; align=&#8221;center&#8221; i_icon_fontawesome=&#8221;fa fa-file-pdf-o&#8221; button_block=&#8221;true&#8221; add_icon=&#8221;true&#8221; link=&#8221;url:http%3A%2F%2Fauladeclio.com%2Fauladeclio%2Fwp-content%2Fuploads%2F2019%2F01%2Fcuadernillo-clima-y-paisajes.pdf|title:DESCARGA%20EL%20TEMA%20EN%20PDF|target:%20_blank|&#8221;][vc_btn title=&#8221;DESCARGA LAS ACTIVIDADES .DOCX&#8221; shape=&#8221;square&#8221; color=&#8221;sky&#8221; align=&#8221;center&#8221; i_icon_fontawesome=&#8221;fa fa-file-word-o&#8221; button_block=&#8221;true&#8221; add_icon=&#8221;true&#8221; link=&#8221;url:http%3A%2F%2Fauladeclio.com%2Fauladeclio%2Fwp-content%2Fuploads%2F2019%2F01%2Fcuadernillo-clima-y-paisajes.pdf|title:DESCARGA%20EL%20TEMA%20EN%20PDF|target:%20_blank|&#8221;][vc_separator][vc_column_text]Si algo caracteriza el medio f\u00edsico de Espa\u00f1a es la diversidad y riqueza de sus paisajes. Las formas del relieve (cordilleras, volcanes, valles, llanuras&#8230;), junto a los r\u00edos y las costas est\u00e1n condicionados por diferentes bioclimas, que dan lugar a una gran variedad de paisajes y ecosistemas terrestres y marinos que experimentan continuos cambios.<\/p>\n<p>Sin embargo, una intervenci\u00f3n humana cada vez m\u00e1s intensa pone en peligro en muchas ocasiones la pervivencia de nuestros paisajes. Es importante conocer los elementos naturales y humanos que los configuran, para poder preservar los valores del patrimonio natural y detectar a tiempo las situaciones de grave riesgo ambiental que amenazan su pervivencia.[\/vc_column_text][vc_single_image image=&#8221;3773&#8243; img_size=&#8221;full&#8221; alignment=&#8221;center&#8221; onclick=&#8221;img_link_large&#8221; css=&#8221;&#8221;][vc_column_text css=&#8221;&#8221;]<strong>LOS DIFERENTES CLIMAS DE LA PEN\u00cdNSULA IB\u00c9RICA<\/strong><\/p>\n<p>Espa\u00f1a tiene seis tipos de clima, que le proporcionan una gran variedad bioclim\u00e1tica. En esta diversidad clim\u00e1tica intervienen diversos factores:<\/p>\n<ul>\n<li><strong>La latitud<\/strong>. Los distintos territorios de Espa\u00f1a se sit\u00faan entre los 27\u00ba y los 44\u00ba de latitud Norte, es decir, en la zona templada de la Tierra y cerca de la zona c\u00e1lida. Por ello predomina la masa de aire tropical, sobre todo en las islas Canarias.<\/li>\n<li><strong>La din\u00e1mica general de la atm\u00f3sfera<\/strong>. La Pen\u00ednsula y Baleares se ven afectadas por el frente polar que forma las masas de aire tropical y polar. Este frente se desplaza de Oeste a Este y, en primavera y oto\u00f1o, provoca una sucesi\u00f3n t\u00edpica de anticiclones y borrascas, con frecuentes cambios de tiempo.<\/li>\n<\/ul>\n<p>El clima de Canarias es m\u00e1s estable, por la influencia de la masa de aire tropical y los vientos alisios.<\/p>\n<ul>\n<li><strong>La proximidad o no al mar<\/strong>. Las aguas marinas, m\u00e1s lentas que la tierra en calentarse y enfriarse, moderan las temperaturas y aportan humedad a las zonas costeras.<\/li>\n<\/ul>\n<p>Por el contrario, en el interior, el efecto continental extrema el fr\u00edo en invierno y el calor en verano.<\/p>\n<ul>\n<li><strong>La altitud<\/strong>. La elevada altitud media de la Pen\u00ednsula Ib\u00e9rica hace bajar la temperatura e incrementa el efecto continental.<\/li>\n<li><strong>La orograf\u00eda<\/strong>. Las barreras monta\u00f1osas del Noroeste y Norte peninsular ocasionan lluvias orogr\u00e1ficas o de relieve al paso de los vientos del Oeste y las borrascas atl\u00e1nticas, que llegan ya secas al interior. Por ello, en el interior las lluvias son m\u00e1s escasas.<\/li>\n<\/ul>\n<p>Tambi\u00e9n en Canarias, sus monta\u00f1as volc\u00e1nicas provocan lluvias en las laderas del Norte, expuestas a los vientos alisios.<\/p>\n<p><a href=\"https:\/\/auladeclio.com\/auladeclio\/wp-content\/uploads\/2026\/01\/los-climas-der-espana.jpg\" target=\"_blank\" rel=\"noopener\"><img loading=\"lazy\" decoding=\"async\" class=\"aligncenter\" src=\"https:\/\/auladeclio.com\/auladeclio\/wp-content\/uploads\/2026\/01\/los-climas-der-espana.jpg\" alt=\"\" width=\"1488\" height=\"827\"><\/a>[\/vc_column_text][\/vc_column][\/vc_row]\n<\/div>","protected":false},"excerpt":{"rendered":"<p>[vc_row][vc_column width=&#8221;1\/3&#8243; offset=&#8221;vc_col-lg-offset-0 vc_col-md-offset-0 vc_col-sm-offset-0 vc_col-xs-3&#8243;][vc_icon icon_fontawesome=&#8221;fa fa-solid fa-chevron-left&#8221; color=&#8221;green&#8221; css=&#8221;&#8221; link=&#8221;url:https%3A%2F%2Fauladeclio.com%2Fauladeclio%2F4-4-los-paisajes-de-climas-frios%2F|title:TEMA%20ANTERIOR|target:_blank&#8221;][\/vc_column][vc_column width=&#8221;1\/3&#8243; offset=&#8221;vc_col-lg-offset-0 vc_col-md-offset-0 vc_col-sm-offset-0 vc_col-xs-offset-1 vc_col-xs-3&#8243;][vc_icon icon_fontawesome=&#8221;fa fa-list&#8221; color=&#8221;white&#8221; align=&#8221;center&#8221; link=&#8221;|title:%C3%8DNDICE%20DE%20EP%C3%8DGRAFES||&#8221;][\/vc_column][vc_column width=&#8221;1\/3&#8243; offset=&#8221;vc_col-lg-offset-0 vc_col-md-offset-0 vc_col-sm-offset-0 vc_col-xs-offset-1 vc_col-xs-3&#8243;][vc_icon icon_fontawesome=&#8221;fa fa-solid fa-chevron-right&#8221; color=&#8221;green&#8221; align=&#8221;right&#8221; css=&#8221;&#8221; link=&#8221;url:https%3A%2F%2Fauladeclio.com%2Fauladeclio%2F5-1-el-paisaje-oceanico-o-atlantico%2F|title:EP%C3%8DGRAFE%20SIGUIENTE|target:_blank&#8221;][\/vc_column][\/vc_row][vc_row][vc_column][vc_column_text]EN EL PRESENTE TEMA VEREMOS LOS SIGUIENTES EP\u00cdGRAFES:[\/vc_column_text][\/vc_column][\/vc_row][vc_row][vc_column][vc_separator][vc_custom_heading text=&#8221;5.1 El paisaje oce\u00e1nico o atl\u00e1ntico&#8221; google_fonts=&#8221;font_family:Ubuntu%3A300%2C300italic%2Cregular%2Citalic%2C500%2C500italic%2C700%2C700italic|font_style:400%20regular%3A400%3Anormal&#8221; css=&#8221;&#8221; link=&#8221;url:https%3A%2F%2Fauladeclio.com%2Fauladeclio%2F5-1-el-paisaje-oceanico-o-atlantico%2F|target:_blank&#8221;][vc_custom_heading text=&#8221;5.2 El paisaje [&hellip;]<\/p>\n","protected":false},"author":1,"featured_media":0,"parent":0,"menu_order":0,"comment_status":"closed","ping_status":"closed","template":"","meta":{"nf_dc_page":"","footnotes":""},"categories":[97],"tags":[],"class_list":["post-3526","page","type-page","status-publish","hentry","category-1o-eso"],"_links":{"self":[{"href":"https:\/\/auladeclio.com\/auladeclio\/wp-json\/wp\/v2\/pages\/3526","targetHints":{"allow":["GET"]}}],"collection":[{"href":"https:\/\/auladeclio.com\/auladeclio\/wp-json\/wp\/v2\/pages"}],"about":[{"href":"https:\/\/auladeclio.com\/auladeclio\/wp-json\/wp\/v2\/types\/page"}],"author":[{"embeddable":true,"href":"https:\/\/auladeclio.com\/auladeclio\/wp-json\/wp\/v2\/users\/1"}],"replies":[{"embeddable":true,"href":"https:\/\/auladeclio.com\/auladeclio\/wp-json\/wp\/v2\/comments?post=3526"}],"version-history":[{"count":23,"href":"https:\/\/auladeclio.com\/auladeclio\/wp-json\/wp\/v2\/pages\/3526\/revisions"}],"predecessor-version":[{"id":9888,"href":"https:\/\/auladeclio.com\/auladeclio\/wp-json\/wp\/v2\/pages\/3526\/revisions\/9888"}],"wp:attachment":[{"href":"https:\/\/auladeclio.com\/auladeclio\/wp-json\/wp\/v2\/media?parent=3526"}],"wp:term":[{"taxonomy":"category","embeddable":true,"href":"https:\/\/auladeclio.com\/auladeclio\/wp-json\/wp\/v2\/categories?post=3526"},{"taxonomy":"post_tag","embeddable":true,"href":"https:\/\/auladeclio.com\/auladeclio\/wp-json\/wp\/v2\/tags?post=3526"}],"curies":[{"name":"wp","href":"https:\/\/api.w.org\/{rel}","templated":true}]}}