{"id":320,"date":"2017-10-11T17:40:17","date_gmt":"2017-10-11T17:40:17","guid":{"rendered":"http:\/\/auladeclio.com\/auladeclio\/?page_id=320"},"modified":"2018-11-22T09:53:47","modified_gmt":"2018-11-22T09:53:47","slug":"2-la-revolucion-industrial","status":"publish","type":"page","link":"https:\/\/auladeclio.com\/auladeclio\/2-la-revolucion-industrial\/","title":{"rendered":"2 LA REVOLUCI\u00d3N INDUSTRIAL"},"content":{"rendered":"<div class=\"wpb-content-wrapper\">[vc_row][vc_column width=&#8221;1\/3&#8243; offset=&#8221;vc_col-lg-offset-0 vc_col-md-offset-0 vc_col-sm-offset-0 vc_col-xs-3&#8243;][vc_icon icon_fontawesome=&#8221;fa fa-chevron-left&#8221; color=&#8221;juicy_pink&#8221; link=&#8221;|title:TEMA%20ANTERIOR|target:%20_blank|&#8221;][\/vc_column][vc_column width=&#8221;1\/3&#8243; offset=&#8221;vc_col-lg-offset-0 vc_col-md-offset-0 vc_col-sm-offset-0 vc_col-xs-offset-1 vc_col-xs-3&#8243;][vc_icon icon_fontawesome=&#8221;fa fa-list&#8221; color=&#8221;white&#8221; align=&#8221;center&#8221; link=&#8221;|title:%C3%8DNDICE%20DE%20EP%C3%8DGRAFES||&#8221;][\/vc_column][vc_column width=&#8221;1\/3&#8243; offset=&#8221;vc_col-lg-offset-0 vc_col-md-offset-0 vc_col-sm-offset-0 vc_col-xs-offset-1 vc_col-xs-3&#8243;][vc_icon icon_fontawesome=&#8221;fa fa-chevron-right&#8221; color=&#8221;juicy_pink&#8221; align=&#8221;right&#8221; link=&#8221;|title:EP%C3%8DGRAFE%20SIGUIENTE|target:%20_blank|&#8221;][\/vc_column][\/vc_row][vc_row][vc_column][vc_column_text]<span style=\"font-size: 18pt;\"><strong>EN EL PRESENTE TEMA VEREMOS LOS SIGUIENTES EP\u00cdGRAFES:<\/strong><\/span>[\/vc_column_text][\/vc_column][\/vc_row][vc_row][vc_column][vc_separator][vc_custom_heading text=&#8221;2.1 El origen de la Revoluci\u00f3n Industrial&#8221; google_fonts=&#8221;font_family:Ubuntu%3A300%2C300italic%2Cregular%2Citalic%2C500%2C500italic%2C700%2C700italic|font_style:400%20regular%3A400%3Anormal&#8221; link=&#8221;url:http%3A%2F%2Fauladeclio.com%2Fauladeclio%2F2-1-el-origen-de-la-revolucion-industrial%2F||target:%20_blank|&#8221;][vc_custom_heading text=&#8221;2.2 Las industrias pioneras&#8221; google_fonts=&#8221;font_family:Ubuntu%3A300%2C300italic%2Cregular%2Citalic%2C500%2C500italic%2C700%2C700italic|font_style:400%20regular%3A400%3Anormal&#8221; link=&#8221;url:http%3A%2F%2Fauladeclio.com%2Fauladeclio%2F2-2-las-industrias-pioneras%2F||target:%20_blank|&#8221;][vc_custom_heading text=&#8221;2.3 El capitalismo&#8221; google_fonts=&#8221;font_family:Ubuntu%3A300%2C300italic%2Cregular%2Citalic%2C500%2C500italic%2C700%2C700italic|font_style:400%20regular%3A400%3Anormal&#8221; link=&#8221;url:http%3A%2F%2Fauladeclio.com%2Fauladeclio%2F2-3-el-capitalismo%2F||target:%20_blank|&#8221;][vc_custom_heading text=&#8221;2.4 La sociedad de clases y el movimiento obrero&#8221; google_fonts=&#8221;font_family:Ubuntu%3A300%2C300italic%2Cregular%2Citalic%2C500%2C500italic%2C700%2C700italic|font_style:400%20regular%3A400%3Anormal&#8221; link=&#8221;url:http%3A%2F%2Fauladeclio.com%2Fauladeclio%2F2-4-la-sociedad-de-clases-y-el-movimiento-obrero%2F||target:%20_blank|&#8221;][vc_custom_heading text=&#8221;2.5 La industrializaci\u00f3n en Espa\u00f1a&#8221; google_fonts=&#8221;font_family:Ubuntu%3A300%2C300italic%2Cregular%2Citalic%2C500%2C500italic%2C700%2C700italic|font_style:400%20regular%3A400%3Anormal&#8221; link=&#8221;url:http%3A%2F%2Fauladeclio.com%2Fauladeclio%2F2-5-la-industrializacion-en-espana%2F||target:%20_blank|&#8221;][\/vc_column][\/vc_row][vc_row][vc_column][vc_btn title=&#8221;DESCARGA EL TEMA EN PDF&#8221; shape=&#8221;square&#8221; color=&#8221;danger&#8221; align=&#8221;center&#8221; i_icon_fontawesome=&#8221;fa fa-file-pdf-o&#8221; button_block=&#8221;true&#8221; add_icon=&#8221;true&#8221; link=&#8221;|title:DESCARGA%20EL%20TEMA%20EN%20PDF|target:%20_blank|&#8221;][vc_btn title=&#8221;DESCARGA LAS ACTIVIDADES .DOCX&#8221; shape=&#8221;square&#8221; color=&#8221;sky&#8221; align=&#8221;center&#8221; i_icon_fontawesome=&#8221;fa fa-file-word-o&#8221; button_block=&#8221;true&#8221; add_icon=&#8221;true&#8221; link=&#8221;|title:DESCARGA%20EL%20TEMA%20EN%20PDF|target:%20_blank|&#8221;][vc_separator][vc_column_text]<strong>1.1. Analiza y compara la industrializaci\u00f3n de diferentes pa\u00edses de Europa, Am\u00e9rica y Asia, en sus distintas escalas temporales y geogr\u00e1ficas.<\/strong><br \/>\n<strong>2.1. Analiza los pros y los contras de la primera revoluci\u00f3n industrial en Inglaterra. (NO BOE)<\/strong><br \/>\n2.2. Explica la situaci\u00f3n laboral femenina e infantil en las ciudades industriales.<br \/>\n3.1. Compara el proceso de industrializaci\u00f3n en Inglaterra y en los pa\u00edses n\u00f3rdicos.<br \/>\n<strong>4.1. Especifica algunas repercusiones pol\u00edticas como consecuencia de los cambios econ\u00f3micos en Espa\u00f1a<\/strong><\/p>\n<p>En el presente tema hablaremos de uno de los episodios m\u00e1s importantes de la historia de la humanidad, desde la Revoluci\u00f3n Neol\u00edtica el ser humano no se hab\u00eda enfrentado una serie de cambios tan dr\u00e1sticos.<\/p>\n<p>Ser\u00e1 tras la Revoluci\u00f3n Industrial cuando la humanidad se conforme tal y como la conocemos hoy en d\u00eda.<\/p>\n<ul>\n<li>\u00bfPor qu\u00e9 estall\u00f3 a finales del siglo XVIII la Revoluci\u00f3n Industrial y no antes o despu\u00e9s?<\/li>\n<li>\u00bfPor que lo hizo en el Reino Unido?<\/li>\n<li>\u00bfQu\u00e9 industrias se desarrollaron primero y por qu\u00e9?<\/li>\n<li>\u00bfQu\u00e9 consecuencias tuvo su desarrollo para la vida de las personas?<\/li>\n<li>\u00bfC\u00f3mo se desarroll\u00f3 la Revoluci\u00f3n Industrial en Espa\u00f1a?<\/li>\n<\/ul>\n[\/vc_column_text][vc_single_image image=&#8221;4179&#8243; img_size=&#8221;full&#8221; alignment=&#8221;center&#8221; onclick=&#8221;img_link_large&#8221;][\/vc_column][\/vc_row]\n<\/div>","protected":false},"excerpt":{"rendered":"<p>[vc_row][vc_column width=&#8221;1\/3&#8243; offset=&#8221;vc_col-lg-offset-0 vc_col-md-offset-0 vc_col-sm-offset-0 vc_col-xs-3&#8243;][vc_icon icon_fontawesome=&#8221;fa fa-chevron-left&#8221; color=&#8221;juicy_pink&#8221; link=&#8221;|title:TEMA%20ANTERIOR|target:%20_blank|&#8221;][\/vc_column][vc_column width=&#8221;1\/3&#8243; offset=&#8221;vc_col-lg-offset-0 vc_col-md-offset-0 vc_col-sm-offset-0 vc_col-xs-offset-1 vc_col-xs-3&#8243;][vc_icon icon_fontawesome=&#8221;fa fa-list&#8221; color=&#8221;white&#8221; align=&#8221;center&#8221; link=&#8221;|title:%C3%8DNDICE%20DE%20EP%C3%8DGRAFES||&#8221;][\/vc_column][vc_column width=&#8221;1\/3&#8243; offset=&#8221;vc_col-lg-offset-0 vc_col-md-offset-0 vc_col-sm-offset-0 vc_col-xs-offset-1 vc_col-xs-3&#8243;][vc_icon icon_fontawesome=&#8221;fa fa-chevron-right&#8221; color=&#8221;juicy_pink&#8221; align=&#8221;right&#8221; link=&#8221;|title:EP%C3%8DGRAFE%20SIGUIENTE|target:%20_blank|&#8221;][\/vc_column][\/vc_row][vc_row][vc_column][vc_column_text]EN EL PRESENTE TEMA VEREMOS LOS SIGUIENTES EP\u00cdGRAFES:[\/vc_column_text][\/vc_column][\/vc_row][vc_row][vc_column][vc_separator][vc_custom_heading text=&#8221;2.1 El origen de la Revoluci\u00f3n Industrial&#8221; google_fonts=&#8221;font_family:Ubuntu%3A300%2C300italic%2Cregular%2Citalic%2C500%2C500italic%2C700%2C700italic|font_style:400%20regular%3A400%3Anormal&#8221; link=&#8221;url:http%3A%2F%2Fauladeclio.com%2Fauladeclio%2F2-1-el-origen-de-la-revolucion-industrial%2F||target:%20_blank|&#8221;][vc_custom_heading text=&#8221;2.2 Las industrias pioneras&#8221; google_fonts=&#8221;font_family:Ubuntu%3A300%2C300italic%2Cregular%2Citalic%2C500%2C500italic%2C700%2C700italic|font_style:400%20regular%3A400%3Anormal&#8221; link=&#8221;url:http%3A%2F%2Fauladeclio.com%2Fauladeclio%2F2-2-las-industrias-pioneras%2F||target:%20_blank|&#8221;][vc_custom_heading text=&#8221;2.3 [&hellip;]<\/p>\n","protected":false},"author":1,"featured_media":0,"parent":0,"menu_order":0,"comment_status":"closed","ping_status":"closed","template":"","meta":{"nf_dc_page":"","footnotes":""},"categories":[100],"tags":[],"class_list":["post-320","page","type-page","status-publish","hentry","category-4o-eso"],"_links":{"self":[{"href":"https:\/\/auladeclio.com\/auladeclio\/wp-json\/wp\/v2\/pages\/320","targetHints":{"allow":["GET"]}}],"collection":[{"href":"https:\/\/auladeclio.com\/auladeclio\/wp-json\/wp\/v2\/pages"}],"about":[{"href":"https:\/\/auladeclio.com\/auladeclio\/wp-json\/wp\/v2\/types\/page"}],"author":[{"embeddable":true,"href":"https:\/\/auladeclio.com\/auladeclio\/wp-json\/wp\/v2\/users\/1"}],"replies":[{"embeddable":true,"href":"https:\/\/auladeclio.com\/auladeclio\/wp-json\/wp\/v2\/comments?post=320"}],"version-history":[{"count":1,"href":"https:\/\/auladeclio.com\/auladeclio\/wp-json\/wp\/v2\/pages\/320\/revisions"}],"predecessor-version":[{"id":4180,"href":"https:\/\/auladeclio.com\/auladeclio\/wp-json\/wp\/v2\/pages\/320\/revisions\/4180"}],"wp:attachment":[{"href":"https:\/\/auladeclio.com\/auladeclio\/wp-json\/wp\/v2\/media?parent=320"}],"wp:term":[{"taxonomy":"category","embeddable":true,"href":"https:\/\/auladeclio.com\/auladeclio\/wp-json\/wp\/v2\/categories?post=320"},{"taxonomy":"post_tag","embeddable":true,"href":"https:\/\/auladeclio.com\/auladeclio\/wp-json\/wp\/v2\/tags?post=320"}],"curies":[{"name":"wp","href":"https:\/\/api.w.org\/{rel}","templated":true}]}}