{"id":298,"date":"2017-10-11T07:32:56","date_gmt":"2017-10-11T07:32:56","guid":{"rendered":"http:\/\/auladeclio.com\/auladeclio\/?page_id=298"},"modified":"2018-11-22T10:34:54","modified_gmt":"2018-11-22T10:34:54","slug":"4o-eso-evaluacion","status":"publish","type":"page","link":"https:\/\/auladeclio.com\/auladeclio\/4o-eso-evaluacion\/","title":{"rendered":"4\u00ba ESO: EVALUACI\u00d3N"},"content":{"rendered":"<p>&nbsp;<\/p>\n<table  class=\" aligncenter table table-hover\"  style=\"width: 360px;\">\n<tbody>\n<tr>\n<td style=\"width: 334px;\" colspan=\"3\">\n<h2><span style=\"font-size: 14pt;\">BLOQUES TEM\u00c1TICOS PREVISTOS<\/span><\/h2>\n<\/td>\n<\/tr>\n<tr>\n<td style=\"width: 334px;\" colspan=\"3\"><strong>1\u00aa EVALUACI\u00d3N<\/strong><\/td>\n<\/tr>\n<tr>\n<td style=\"width: 28px;\"><span style=\"font-size: 10pt;\"><strong>N\u00ba<\/strong><\/span><\/td>\n<td style=\"width: 296px; text-align: left;\"><span style=\"font-size: 10pt;\"><strong>TITULO<\/strong><\/span><\/td>\n<td style=\"width: 10px;\"><span style=\"font-size: 10pt;\"><strong>Tiem<\/strong><\/span><\/td>\n<\/tr>\n<tr>\n<td style=\"width: 28px;\"><span style=\"font-size: 10pt;\">1<\/span><\/td>\n<td style=\"width: 296px; text-align: left;\"><span style=\"font-size: 10pt;\">La quiebra del Antiguo R\u00e9gimen<\/span><\/td>\n<td style=\"width: 10px;\"><span style=\"font-size: 10pt;\"><strong>8<\/strong><\/span><\/td>\n<\/tr>\n<tr>\n<td style=\"width: 28px;\"><span style=\"font-size: 10pt;\">2<\/span><\/td>\n<td style=\"width: 296px; text-align: left;\"><span style=\"font-size: 10pt;\">La Revoluci\u00f3n Industrial<\/span><\/td>\n<td style=\"width: 10px;\"><span style=\"font-size: 10pt;\"><strong>8<\/strong><\/span><\/td>\n<\/tr>\n<tr>\n<td style=\"width: 28px;\"><span style=\"font-size: 10pt;\">3<\/span><\/td>\n<td style=\"width: 296px; text-align: left;\"><span style=\"font-size: 10pt;\">La Revoluci\u00f3n francesa y la Restauraci\u00f3n (1789 &#8211; 1820)<\/span><\/td>\n<td style=\"width: 10px;\"><span style=\"font-size: 10pt;\"><strong>8<\/strong><\/span><\/td>\n<\/tr>\n<tr>\n<td style=\"width: 28px;\"><span style=\"font-size: 10pt;\">4<\/span><\/td>\n<td style=\"width: 296px; text-align: left;\"><span style=\"font-size: 10pt;\">La \u00e9poca de las revoluciones liberales y nacionalistas (1820 \u2013 1871)<\/span><\/td>\n<td style=\"width: 10px;\"><span style=\"font-size: 10pt;\"><strong>8<\/strong><\/span><\/td>\n<\/tr>\n<tr>\n<td style=\"width: 334px;\" colspan=\"3\"><strong>2\u00aa EVALUACI\u00d3N<\/strong><\/td>\n<\/tr>\n<tr>\n<td style=\"width: 28px;\"><span style=\"font-size: 10pt;\">5<\/span><\/td>\n<td style=\"width: 296px; text-align: left;\"><span style=\"font-size: 10pt;\">El imperialismo (1871 \u2013 1914)<\/span><\/td>\n<td style=\"width: 10px;\"><span style=\"font-size: 10pt;\">8<\/span><\/td>\n<\/tr>\n<tr>\n<td style=\"width: 28px;\"><span style=\"font-size: 10pt;\">6<\/span><\/td>\n<td style=\"width: 296px; text-align: left;\"><span style=\"font-size: 10pt;\">La Primera Guerra Mundial y la Revoluci\u00f3n rusa (1914 \u2013 1919)<\/span><\/td>\n<td style=\"width: 10px;\"><span style=\"font-size: 10pt;\">9<\/span><\/td>\n<\/tr>\n<tr>\n<td style=\"width: 28px;\"><span style=\"font-size: 10pt;\">7<\/span><\/td>\n<td style=\"width: 296px; text-align: left;\"><span style=\"font-size: 10pt;\">El periodo de entreguerras (1919 \u2013 1939)<\/span><\/td>\n<td style=\"width: 10px;\"><span style=\"font-size: 10pt;\">8<\/span><\/td>\n<\/tr>\n<tr>\n<td style=\"width: 28px;\"><span style=\"font-size: 10pt;\">8<\/span><\/td>\n<td style=\"width: 296px; text-align: left;\"><span style=\"font-size: 10pt;\">La Segunda Guerra Mundial (1939 \u2013 1945)<\/span><\/td>\n<td style=\"width: 10px;\"><span style=\"font-size: 10pt;\">8<\/span><\/td>\n<\/tr>\n<tr>\n<td style=\"width: 334px;\" colspan=\"3\"><strong>3\u00aa EVALUACI\u00d3N<\/strong><\/td>\n<\/tr>\n<tr>\n<td style=\"width: 28px;\"><span style=\"font-size: 10pt;\">9<\/span><\/td>\n<td style=\"width: 296px; text-align: left;\"><span style=\"font-size: 10pt;\">La paz y el inicio de la Guerra Fr\u00eda (1945 \u2013 1953)<\/span><\/td>\n<td style=\"width: 10px;\"><span style=\"font-size: 10pt;\">8<\/span><\/td>\n<\/tr>\n<tr>\n<td style=\"width: 28px;\"><span style=\"font-size: 10pt;\">10<\/span><\/td>\n<td style=\"width: 296px; text-align: left;\"><span style=\"font-size: 10pt;\">El mundo dividido. Capitalismo contra comunismo (1953 \u2013 1991)<\/span><\/td>\n<td style=\"width: 10px;\"><span style=\"font-size: 10pt;\">9<\/span><\/td>\n<\/tr>\n<tr>\n<td style=\"width: 28px;\"><span style=\"font-size: 10pt;\">11<\/span><\/td>\n<td style=\"width: 296px; text-align: left;\"><span style=\"font-size: 10pt;\">El fin de la Guerra Fr\u00eda y la conformaci\u00f3n del mundo actual (1991 \u2013 2001)<\/span><\/td>\n<td style=\"width: 10px;\"><span style=\"font-size: 10pt;\">8<\/span><\/td>\n<\/tr>\n<tr>\n<td style=\"width: 28px;\"><span style=\"font-size: 10pt;\">12<\/span><\/td>\n<td style=\"width: 296px; text-align: left;\"><span style=\"font-size: 10pt;\">El mundo actual (2001 \u2013 hoy)<\/span><\/td>\n<td style=\"width: 10px;\"><span style=\"font-size: 10pt;\">8<\/span><\/td>\n<\/tr>\n<\/tbody>\n<\/table>\n<p>&nbsp;<\/p>\n<table  class=\" aligncenter table table-hover\"  style=\"width: 358px;\">\n<tbody>\n<tr style=\"height: 47px;\">\n<td style=\"width: 411px; height: 47px; text-align: left;\" colspan=\"2\">\n<h2><span style=\"font-size: 14pt;\">\u00a0CLASES PREVISTAS<\/span><\/h2>\n<\/td>\n<\/tr>\n<tr style=\"height: 23px;\">\n<td style=\"width: 174px; height: 23px; text-align: left;\"><span style=\"font-size: 12pt;\"><strong>Semanales<\/strong><\/span><\/td>\n<td style=\"width: 237px; height: 23px; text-align: left;\"><span style=\"font-size: 12pt;\"><strong>Totales<\/strong><\/span><\/td>\n<\/tr>\n<tr style=\"height: 23px;\">\n<td style=\"width: 174px; height: 23px; text-align: left;\"><span style=\"font-size: 10pt;\">3<\/span><\/td>\n<td style=\"width: 237px; height: 23px; text-align: left;\"><span style=\"font-size: 10pt;\">Alrededor de 100<\/span><\/td>\n<\/tr>\n<\/tbody>\n<\/table>\n<p>&nbsp;<\/p>\n<table  class=\" aligncenter table table-hover\"  style=\"width: 358.667px;\">\n<tbody>\n<tr>\n<td style=\"width: 351.667px; text-align: left;\">\n<h1><span style=\"font-size: 14pt;\">MATERIALES OBLIGATORIOS<\/span><\/h1>\n<\/td>\n<\/tr>\n<tr>\n<td style=\"width: 351.667px; text-align: left;\">\n<ul>\n<li><span style=\"font-size: 10pt;\">LIBRO DE TEXTO: Geograf\u00eda e Historia 4\u00baESO. ANAYA (libro de apoyo en casa, no es necesario traerlo al aula)<\/span><\/li>\n<li><span style=\"font-size: 10pt;\">P\u00c1GINA WEB DE LA ASIGNATURA: www.auladeclio.com<\/span><\/li>\n<li><span style=\"font-size: 10pt;\">CUADERNO PARA LAS ACTIVIDADES, RES\u00daMENES Y ESQUEMAS<\/span><\/li>\n<\/ul>\n<\/td>\n<\/tr>\n<\/tbody>\n<\/table>\n<p>&nbsp;<\/p>\n<table  class=\" aligncenter table table-hover\"  style=\"width: 360.667px;\">\n<tbody>\n<tr>\n<td style=\"width: 353.667px; text-align: left;\">\n<h1><span style=\"font-size: 14pt;\">CRITERIOS DE CALIFICACI\u00d3N<\/span><\/h1>\n<\/td>\n<\/tr>\n<tr>\n<td style=\"width: 353.667px; text-align: left;\"><span style=\"font-size: 12pt;\"><strong>Criterios de calificaci\u00f3n para las evaluaciones trimestrales:<\/strong><\/span><\/p>\n<p><span style=\"font-size: 10pt;\">\u00b7\u00a0\u00a0\u00a0\u00a0\u00a0\u00a0 80% Ejercicios de control escritos u orales.<\/span><\/p>\n<p><span style=\"font-size: 10pt;\">\u00b7\u00a0\u00a0\u00a0\u00a0\u00a0\u00a0 10% Realizaci\u00f3n y presentaci\u00f3n de ejercicios de clase, tareas y trabajos individuales o en grupo.<\/span><\/p>\n<p><span style=\"font-size: 10pt;\">\u00b7\u00a0\u00a0\u00a0\u00a0\u00a0\u00a0 10% Actitud en clase, participaci\u00f3n, atenci\u00f3n y comportamiento<\/span><\/p>\n<p><span style=\"font-size: 10pt;\">La no realizaci\u00f3n de las tareas, no traer el material, no corregir los ejercicios, no presentarlos correctamente (hojas rotas, sucias, descuidadas\u2026) se penalizar\u00e1.<\/span><\/p>\n<p><span style=\"font-size: 10pt;\">La no asistencia sin justificaci\u00f3n a un examen significar\u00e1 un 0 en el examen.<\/span><\/p>\n<p><span style=\"font-size: 10pt;\">Las tildes y faltas de ortograf\u00eda en los ejercicios de los ex\u00e1menes que se realicen en castellano se penalizar\u00e1n hasta un m\u00e1ximo de 1 punto sobre la nota final del examen.<\/span><\/p>\n<p><span style=\"font-size: 10pt;\">En caso de que alg\u00fan alumno copie, el examen o trabajo ser\u00e1 valorado con un 0.<\/span><\/p>\n<p><span style=\"font-size: 10pt;\">Si alg\u00fan alumno suspendiera alguna de las tres evaluaciones (o las tres), se tendr\u00eda que presentar a la recuperaci\u00f3n de la misma\/s a finales de mayo antes de la Evaluaci\u00f3n Final Ordinaria.<\/span><\/p>\n<p><span style=\"font-size: 10pt;\"><strong>Criterios de calificaci\u00f3n para la evaluaci\u00f3n final de Junio:<\/strong><\/span><\/p>\n<p><span style=\"font-size: 10pt;\">La nota final ser\u00e1 la media aritm\u00e9tica de las tres evaluaciones, teniendo en cuenta la evoluci\u00f3n positiva del alumnado.<\/span><\/p>\n<p><span style=\"font-size: 10pt;\"><strong>\u00a0<\/strong><\/span><span style=\"font-size: 10pt;\"><strong>Criterios de calificaci\u00f3n para la evaluaci\u00f3n extraordinaria:<\/strong><\/span><\/p>\n<p><span style=\"font-size: 10pt;\">Se realizar\u00e1 un examen (100% de la calificaci\u00f3n) basado en los contenidos m\u00ednimos trabajados durante el curso.<\/span><\/p>\n<p><span style=\"font-size: 10pt;\">La nota m\u00e1xima de un alumno aprobado en la Evaluaci\u00f3n Extraordinaria ser\u00e1 5.<\/span><\/p>\n<p><span style=\"font-size: 10pt;\">En el caso de que un alumno obtuviese en la prueba extraordinaria menor nota que en la Evaluaci\u00f3n Final Ordinaria, se le calificar\u00eda con la nota mayor.<\/span><\/td>\n<\/tr>\n<\/tbody>\n<\/table>\n<p>&nbsp;<\/p>\n<table  class=\" aligncenter table table-hover\"  style=\"width: 358.667px;\">\n<tbody>\n<tr>\n<td style=\"width: 351.667px; text-align: left;\">\n<h1><span style=\"font-size: 14pt;\">PLAN DE RECUPERACI\u00d3N DE PENDIENTES<\/span><\/h1>\n<\/td>\n<\/tr>\n<tr>\n<td style=\"width: 351.667px; text-align: left;\">\n<ul>\n<li><span style=\"font-size: 14pt;\"><span style=\"font-size: 10pt;\">La recuperaci\u00f3n de la asignatura se llevar\u00e1 a cabo mediante dos ex\u00e1menes, que tendr\u00e1n lugar en enero (Geograf\u00eda) y abril (Historia Moderna).<\/span><\/span><\/li>\n<li><span style=\"font-size: 10pt;\">El alumno que no haya superado la materia en mayo, se deber\u00e1 presentar a la prueba extraordinaria sobre los contenidos m\u00ednimos de todas las evaluaciones.<\/span><\/li>\n<\/ul>\n<\/td>\n<\/tr>\n<\/tbody>\n<\/table>\n","protected":false},"excerpt":{"rendered":"<p>&nbsp; BLOQUES TEM\u00c1TICOS PREVISTOS 1\u00aa EVALUACI\u00d3N N\u00ba TITULO Tiem 1 La quiebra del Antiguo R\u00e9gimen 8 2 La Revoluci\u00f3n Industrial 8 3 La Revoluci\u00f3n francesa y la Restauraci\u00f3n (1789 &#8211; 1820) 8 4 La \u00e9poca de las revoluciones liberales y nacionalistas (1820 \u2013 1871) 8 2\u00aa EVALUACI\u00d3N 5 El imperialismo (1871 \u2013 1914) 8 6 [&hellip;]<\/p>\n","protected":false},"author":1,"featured_media":0,"parent":0,"menu_order":0,"comment_status":"closed","ping_status":"closed","template":"","meta":{"nf_dc_page":"","footnotes":""},"categories":[100],"tags":[],"class_list":["post-298","page","type-page","status-publish","hentry","category-4o-eso"],"_links":{"self":[{"href":"https:\/\/auladeclio.com\/auladeclio\/wp-json\/wp\/v2\/pages\/298","targetHints":{"allow":["GET"]}}],"collection":[{"href":"https:\/\/auladeclio.com\/auladeclio\/wp-json\/wp\/v2\/pages"}],"about":[{"href":"https:\/\/auladeclio.com\/auladeclio\/wp-json\/wp\/v2\/types\/page"}],"author":[{"embeddable":true,"href":"https:\/\/auladeclio.com\/auladeclio\/wp-json\/wp\/v2\/users\/1"}],"replies":[{"embeddable":true,"href":"https:\/\/auladeclio.com\/auladeclio\/wp-json\/wp\/v2\/comments?post=298"}],"version-history":[{"count":1,"href":"https:\/\/auladeclio.com\/auladeclio\/wp-json\/wp\/v2\/pages\/298\/revisions"}],"predecessor-version":[{"id":4447,"href":"https:\/\/auladeclio.com\/auladeclio\/wp-json\/wp\/v2\/pages\/298\/revisions\/4447"}],"wp:attachment":[{"href":"https:\/\/auladeclio.com\/auladeclio\/wp-json\/wp\/v2\/media?parent=298"}],"wp:term":[{"taxonomy":"category","embeddable":true,"href":"https:\/\/auladeclio.com\/auladeclio\/wp-json\/wp\/v2\/categories?post=298"},{"taxonomy":"post_tag","embeddable":true,"href":"https:\/\/auladeclio.com\/auladeclio\/wp-json\/wp\/v2\/tags?post=298"}],"curies":[{"name":"wp","href":"https:\/\/api.w.org\/{rel}","templated":true}]}}