{"id":1584,"date":"2018-04-24T18:55:28","date_gmt":"2018-04-24T18:55:28","guid":{"rendered":"http:\/\/auladeclio.com\/auladeclio\/?page_id=1584"},"modified":"2021-07-08T10:06:06","modified_gmt":"2021-07-08T10:06:06","slug":"12-la-caida-de-la-urss-y-el-fin-de-la-guerra-fria-1964-1991","status":"publish","type":"page","link":"https:\/\/auladeclio.com\/auladeclio\/12-la-caida-de-la-urss-y-el-fin-de-la-guerra-fria-1964-1991\/","title":{"rendered":"12 LA CA\u00cdDA DE LA URSS Y EL FIN DE  LA GUERRA FR\u00cdA (1964-1991)"},"content":{"rendered":"<div class=\"wpb-content-wrapper\">[vc_row][vc_column width=&#8221;1\/3&#8243; offset=&#8221;vc_col-lg-offset-0 vc_col-md-offset-0 vc_col-sm-offset-0 vc_col-xs-3&#8243;][vc_icon icon_fontawesome=&#8221;fa fa-chevron-left&#8221; color=&#8221;sky&#8221; link=&#8221;url:http%3A%2F%2Fauladeclio.com%2Fauladeclio%2F11-5-la-herencia-colonial-y-la-aparicion-del-tercer-mundo%2F|title:TEMA%20ANTERIOR|target:%20_blank|&#8221;][\/vc_column][vc_column width=&#8221;1\/3&#8243; offset=&#8221;vc_col-lg-offset-0 vc_col-md-offset-0 vc_col-sm-offset-0 vc_col-xs-offset-1 vc_col-xs-3&#8243;][vc_icon icon_fontawesome=&#8221;fa fa-list&#8221; color=&#8221;white&#8221; align=&#8221;center&#8221; link=&#8221;|title:%C3%8DNDICE%20DE%20EP%C3%8DGRAFES||&#8221;][\/vc_column][vc_column width=&#8221;1\/3&#8243; offset=&#8221;vc_col-lg-offset-0 vc_col-md-offset-0 vc_col-sm-offset-0 vc_col-xs-offset-1 vc_col-xs-3&#8243;][vc_icon icon_fontawesome=&#8221;fa fa-chevron-right&#8221; color=&#8221;sky&#8221; align=&#8221;right&#8221; link=&#8221;url:http%3A%2F%2Fauladeclio.com%2Fauladeclio%2F12-1-el-comienzo-del-fin-de-la-urss-la-epoca-de-brezhnev-1964-1982%2F|title:EP%C3%8DGRAFE%20SIGUIENTE|target:%20_blank|&#8221;][\/vc_column][\/vc_row][vc_row][vc_column][vc_column_text]<span style=\"font-size: 18pt;\"><strong>EN EL PRESENTE TEMA VEREMOS LOS SIGUIENTES EP\u00cdGRAFES:<\/strong><\/span>[\/vc_column_text][\/vc_column][\/vc_row][vc_row][vc_column][vc_separator][vc_custom_heading text=&#8221;12.1 El comienzo del fin de la URSS, la \u00e9poca de Br\u00e9zhnev (1964-1982)&#8221; google_fonts=&#8221;font_family:Ubuntu%3A300%2C300italic%2Cregular%2Citalic%2C500%2C500italic%2C700%2C700italic|font_style:400%20regular%3A400%3Anormal&#8221; link=&#8221;url:http%3A%2F%2Fauladeclio.com%2Fauladeclio%2F12-1-el-comienzo-del-fin-de-la-urss-la-epoca-de-brezhnev-1964-1982%2F||target:%20_blank|&#8221;][vc_custom_heading text=&#8221;12.2 El comunismo en el mundo&#8221; google_fonts=&#8221;font_family:Ubuntu%3A300%2C300italic%2Cregular%2Citalic%2C500%2C500italic%2C700%2C700italic|font_style:400%20regular%3A400%3Anormal&#8221; link=&#8221;url:http%3A%2F%2Fauladeclio.com%2Fauladeclio%2F12-2-el-comunismo-en-el-mundo%2F||target:%20_blank|&#8221;][vc_custom_heading text=&#8221;12.3 Rebrote y final de la Guerra Fr\u00eda (1976-1991)&#8221; google_fonts=&#8221;font_family:Ubuntu%3A300%2C300italic%2Cregular%2Citalic%2C500%2C500italic%2C700%2C700italic|font_style:400%20regular%3A400%3Anormal&#8221; link=&#8221;url:http%3A%2F%2Fauladeclio.com%2Fauladeclio%2F12-3-rebrote-y-final-de-la-guerra-fria-1976-1991%2F||target:%20_blank|&#8221;][vc_custom_heading text=&#8221;12.4 El colapso de la URSS, la \u00e9poca de Gorbachov (1985-1991)&#8221; google_fonts=&#8221;font_family:Ubuntu%3A300%2C300italic%2Cregular%2Citalic%2C500%2C500italic%2C700%2C700italic|font_style:400%20regular%3A400%3Anormal&#8221; link=&#8221;url:http%3A%2F%2Fauladeclio.com%2Fauladeclio%2F12-4-el-colapso-de-la-urss-la-epoca-de-gorbachov-1985-1991%2F||target:%20_blank|&#8221;][vc_custom_heading text=&#8221;12.5 El mundo tras la desaparici\u00f3n de la URSS&#8221; google_fonts=&#8221;font_family:Ubuntu%3A300%2C300italic%2Cregular%2Citalic%2C500%2C500italic%2C700%2C700italic|font_style:400%20regular%3A400%3Anormal&#8221; link=&#8221;url:http%3A%2F%2Fauladeclio.com%2Fauladeclio%2F12-5-el-mundo-tras-la-desaparicion-de-la-urss%2F||target:%20_blank|&#8221;][\/vc_column][\/vc_row][vc_row][vc_column][vc_btn title=&#8221;DESCARGA EL TEMA EN PDF&#8221; shape=&#8221;square&#8221; color=&#8221;pink&#8221; align=&#8221;center&#8221; i_icon_fontawesome=&#8221;fa fa-file-pdf-o&#8221; button_block=&#8221;true&#8221; add_icon=&#8221;true&#8221; link=&#8221;url:https%3A%2F%2Fdrive.google.com%2Ffile%2Fd%2F0B2RIZTHRMHvaYVFwNVRXSG5WTjQ%2Fview%3Fusp%3Dsharing|title:DESCARGA%20EL%20TEMA%20EN%20PDF||&#8221;][vc_btn title=&#8221;DESCARGA EL CUADERNO DE ACTIVIDADES EN .DOCX&#8221; shape=&#8221;square&#8221; color=&#8221;primary&#8221; align=&#8221;center&#8221; i_icon_fontawesome=&#8221;&#8221; button_block=&#8221;true&#8221; add_icon=&#8221;true&#8221; link=&#8221;url:https%3A%2F%2F1drv.ms%2Fw%2Fs!Ao1W-z3Sn3gdgtNDkVmemJKn_0bwRg%3Fe%3DGACuTD|title:DESCARGA%20EL%20TEMA%20EN%20PDF|target:_blank&#8221;][vc_separator][vc_column_text]La llegada de <strong>Brezhnev<\/strong> al <strong>poder<\/strong> en <strong>1964<\/strong> parec\u00eda un mero intercambio de l\u00edderes en el poder de la URSS, pero pronto pudo verse que<strong> el nuevo dirigente sovi\u00e9tico hab\u00eda llegado para frenar las t\u00edmidas reformas de Jrushchov y para asentar el poder de la nomenklatura.<\/strong> Su<strong> par\u00e1lisis reformista<\/strong> ser\u00e1 el<strong> fin de la URSS<\/strong>, durante sus primeros 10 a\u00f1os de mandato la situaci\u00f3n econ\u00f3mica no se ver\u00e1 muy afectada, pero sus \u00faltimo a\u00f1os de mandato ser\u00e1n testigos del debilitamiento econ\u00f3mico de <strong>la URSS<\/strong> que <strong>quedar\u00e1 profundamente atrasada con respecto a sus competidores<\/strong>: EE.UU., Europa occidental y Jap\u00f3n, que se dentrar\u00e1n en la nueva revoluci\u00f3n industrial t\u00e9cnica liderada por la <strong>inform\u00e1tica<\/strong>, mientras que la URSS seguir\u00e1 anclada en t\u00e9cnicas y tecnolog\u00edas obsoletas, aun cuando sus cient\u00edficos e ingenieros eran los mejores del planeta, pero sus avances se circunscrib\u00edan al ej\u00e9rcito.<\/p>\n<p>Aun con todo, <strong>el comunismo y la URSS seguir\u00e1n teniendo un papel protagonista en el mundo<\/strong>, Europa oriental seguir\u00e1 bajo el liderazgo sovi\u00e9tico e intentos de renovaci\u00f3n como el de <strong>Praga en 1968<\/strong> volver\u00e1n a ser aplastados por la URSS, a pesar de todo movimientos democratizadores y nacionalistas comenzar\u00e1n a florecer por todo el continente. En Asia y \u00c1frica nuevos pa\u00edses como <strong>Camboya, Laos o Angola<\/strong> caer\u00e1n en la \u00f3rbita sovi\u00e9tica durante los a\u00f1os 70, esta fruct\u00edfera pol\u00edtica exterior y las <strong>crisis del petr\u00f3leo de 1973 y 1979<\/strong> har\u00e1n creer a los dirigentes sovi\u00e9ticos que estaban a punto de conseguir la primac\u00eda mundial, la intervenci\u00f3n en <strong>Afganist\u00e1n<\/strong> les traer\u00e1 de nuevo a la realidad.<\/p>\n<p>La muerte de Brezhnev 1982 y la <strong>llegada de Gorbachov en 1985<\/strong> har\u00e1n ver a la \u00e9lite sovi\u00e9tica la necesidad de <strong>importantes reformas<\/strong> en el sistema para conseguir salvar a la URSS. <strong>En 1989 ca\u00eda el Muro de Berl\u00edn y el bloque comunista se desmoronaba<\/strong>, casi al mismo tiempo se pon\u00eda<strong> fin a la Guerra Fr\u00eda<\/strong>. Pero los <strong>intentos por democratizar y liberalizar el sistema sovi\u00e9tico acabar\u00e1n con \u00e9l y 1991 la URSS dejar\u00e1 de existir<\/strong> dando paso a la aparici\u00f3n de 15 nuevos pa\u00edses y una serie de conflictos que todav\u00eda siguen vigentes.[\/vc_column_text][vc_single_image image=&#8221;9207&#8243; img_size=&#8221;full&#8221; alignment=&#8221;center&#8221; onclick=&#8221;img_link_large&#8221;][\/vc_column][\/vc_row]\n<\/div>","protected":false},"excerpt":{"rendered":"<p>[vc_row][vc_column width=&#8221;1\/3&#8243; offset=&#8221;vc_col-lg-offset-0 vc_col-md-offset-0 vc_col-sm-offset-0 vc_col-xs-3&#8243;][vc_icon icon_fontawesome=&#8221;fa fa-chevron-left&#8221; color=&#8221;sky&#8221; link=&#8221;url:http%3A%2F%2Fauladeclio.com%2Fauladeclio%2F11-5-la-herencia-colonial-y-la-aparicion-del-tercer-mundo%2F|title:TEMA%20ANTERIOR|target:%20_blank|&#8221;][\/vc_column][vc_column width=&#8221;1\/3&#8243; offset=&#8221;vc_col-lg-offset-0 vc_col-md-offset-0 vc_col-sm-offset-0 vc_col-xs-offset-1 vc_col-xs-3&#8243;][vc_icon icon_fontawesome=&#8221;fa fa-list&#8221; color=&#8221;white&#8221; align=&#8221;center&#8221; link=&#8221;|title:%C3%8DNDICE%20DE%20EP%C3%8DGRAFES||&#8221;][\/vc_column][vc_column width=&#8221;1\/3&#8243; offset=&#8221;vc_col-lg-offset-0 vc_col-md-offset-0 vc_col-sm-offset-0 vc_col-xs-offset-1 vc_col-xs-3&#8243;][vc_icon icon_fontawesome=&#8221;fa fa-chevron-right&#8221; color=&#8221;sky&#8221; align=&#8221;right&#8221; link=&#8221;url:http%3A%2F%2Fauladeclio.com%2Fauladeclio%2F12-1-el-comienzo-del-fin-de-la-urss-la-epoca-de-brezhnev-1964-1982%2F|title:EP%C3%8DGRAFE%20SIGUIENTE|target:%20_blank|&#8221;][\/vc_column][\/vc_row][vc_row][vc_column][vc_column_text]EN EL PRESENTE TEMA VEREMOS LOS SIGUIENTES EP\u00cdGRAFES:[\/vc_column_text][\/vc_column][\/vc_row][vc_row][vc_column][vc_separator][vc_custom_heading text=&#8221;12.1 El comienzo del fin de la URSS, la \u00e9poca de Br\u00e9zhnev (1964-1982)&#8221; google_fonts=&#8221;font_family:Ubuntu%3A300%2C300italic%2Cregular%2Citalic%2C500%2C500italic%2C700%2C700italic|font_style:400%20regular%3A400%3Anormal&#8221; link=&#8221;url:http%3A%2F%2Fauladeclio.com%2Fauladeclio%2F12-1-el-comienzo-del-fin-de-la-urss-la-epoca-de-brezhnev-1964-1982%2F||target:%20_blank|&#8221;][vc_custom_heading text=&#8221;12.2 [&hellip;]<\/p>\n","protected":false},"author":1,"featured_media":0,"parent":0,"menu_order":0,"comment_status":"closed","ping_status":"closed","template":"","meta":{"nf_dc_page":"","footnotes":""},"categories":[14,13],"tags":[],"class_list":["post-1584","page","type-page","status-publish","hentry","category-1o-de-bachillerato","category-historia-del-mundo-contemporaneo"],"_links":{"self":[{"href":"https:\/\/auladeclio.com\/auladeclio\/wp-json\/wp\/v2\/pages\/1584","targetHints":{"allow":["GET"]}}],"collection":[{"href":"https:\/\/auladeclio.com\/auladeclio\/wp-json\/wp\/v2\/pages"}],"about":[{"href":"https:\/\/auladeclio.com\/auladeclio\/wp-json\/wp\/v2\/types\/page"}],"author":[{"embeddable":true,"href":"https:\/\/auladeclio.com\/auladeclio\/wp-json\/wp\/v2\/users\/1"}],"replies":[{"embeddable":true,"href":"https:\/\/auladeclio.com\/auladeclio\/wp-json\/wp\/v2\/comments?post=1584"}],"version-history":[{"count":3,"href":"https:\/\/auladeclio.com\/auladeclio\/wp-json\/wp\/v2\/pages\/1584\/revisions"}],"predecessor-version":[{"id":9617,"href":"https:\/\/auladeclio.com\/auladeclio\/wp-json\/wp\/v2\/pages\/1584\/revisions\/9617"}],"wp:attachment":[{"href":"https:\/\/auladeclio.com\/auladeclio\/wp-json\/wp\/v2\/media?parent=1584"}],"wp:term":[{"taxonomy":"category","embeddable":true,"href":"https:\/\/auladeclio.com\/auladeclio\/wp-json\/wp\/v2\/categories?post=1584"},{"taxonomy":"post_tag","embeddable":true,"href":"https:\/\/auladeclio.com\/auladeclio\/wp-json\/wp\/v2\/tags?post=1584"}],"curies":[{"name":"wp","href":"https:\/\/api.w.org\/{rel}","templated":true}]}}