{"id":1582,"date":"2018-04-24T18:55:02","date_gmt":"2018-04-24T18:55:02","guid":{"rendered":"http:\/\/auladeclio.com\/auladeclio\/?page_id=1582"},"modified":"2021-07-06T10:39:41","modified_gmt":"2021-07-06T10:39:41","slug":"11-la-descolonizacion-y-la-aparicion-del-tercer-mundo","status":"publish","type":"page","link":"https:\/\/auladeclio.com\/auladeclio\/11-la-descolonizacion-y-la-aparicion-del-tercer-mundo\/","title":{"rendered":"11 LA DESCOLONIZACI\u00d3N Y LA APARICI\u00d3N DEL TERCER MUNDO"},"content":{"rendered":"<div class=\"wpb-content-wrapper\">[vc_row][vc_column width=&#8221;1\/3&#8243; offset=&#8221;vc_col-lg-offset-0 vc_col-md-offset-0 vc_col-sm-offset-0 vc_col-xs-3&#8243;][vc_icon icon_fontawesome=&#8221;fa fa-chevron-left&#8221; color=&#8221;sky&#8221; link=&#8221;url:http%3A%2F%2Fauladeclio.com%2Fauladeclio%2F10-5-hacia-la-coexistencia-pacifica-1954-1964%2F|title:TEMA%20ANTERIOR|target:%20_blank|&#8221;][\/vc_column][vc_column width=&#8221;1\/3&#8243; offset=&#8221;vc_col-lg-offset-0 vc_col-md-offset-0 vc_col-sm-offset-0 vc_col-xs-offset-1 vc_col-xs-3&#8243;][vc_icon icon_fontawesome=&#8221;fa fa-list&#8221; color=&#8221;white&#8221; align=&#8221;center&#8221; link=&#8221;|title:%C3%8DNDICE%20DE%20EP%C3%8DGRAFES||&#8221;][\/vc_column][vc_column width=&#8221;1\/3&#8243; offset=&#8221;vc_col-lg-offset-0 vc_col-md-offset-0 vc_col-sm-offset-0 vc_col-xs-offset-1 vc_col-xs-3&#8243;][vc_icon icon_fontawesome=&#8221;fa fa-chevron-right&#8221; color=&#8221;sky&#8221; align=&#8221;right&#8221; link=&#8221;url:http%3A%2F%2Fauladeclio.com%2Fauladeclio%2F11-1-origenes-causas-y-factores-de-la-descolonizacion%2F|title:EP%C3%8DGRAFE%20SIGUIENTE|target:%20_blank|&#8221;][\/vc_column][\/vc_row][vc_row][vc_column][vc_column_text]<span style=\"font-size: 18pt;\"><strong>EN EL PRESENTE TEMA VEREMOS LOS SIGUIENTES EP\u00cdGRAFES:<\/strong><\/span>[\/vc_column_text][\/vc_column][\/vc_row][vc_row][vc_column][vc_separator][vc_custom_heading text=&#8221;11.1 Or\u00edgenes, causas y factores de la descolonizaci\u00f3n&#8221; google_fonts=&#8221;font_family:Ubuntu%3A300%2C300italic%2Cregular%2Citalic%2C500%2C500italic%2C700%2C700italic|font_style:400%20regular%3A400%3Anormal&#8221; link=&#8221;url:http%3A%2F%2Fauladeclio.com%2Fauladeclio%2F11-1-origenes-causas-y-factores-de-la-descolonizacion%2F||target:%20_blank|&#8221;][vc_custom_heading text=&#8221;11.2 Desarrollo del proceso descolonizador en Asia&#8221; google_fonts=&#8221;font_family:Ubuntu%3A300%2C300italic%2Cregular%2Citalic%2C500%2C500italic%2C700%2C700italic|font_style:400%20regular%3A400%3Anormal&#8221; link=&#8221;url:http%3A%2F%2Fauladeclio.com%2Fauladeclio%2F11-2-desarrollo-del-proceso-descolonizador-en-asia%2F||target:%20_blank|&#8221;][vc_custom_heading text=&#8221;11.3 Desarrollo del proceso descolonizador en \u00c1frica&#8221; google_fonts=&#8221;font_family:Ubuntu%3A300%2C300italic%2Cregular%2Citalic%2C500%2C500italic%2C700%2C700italic|font_style:400%20regular%3A400%3Anormal&#8221; link=&#8221;url:http%3A%2F%2Fauladeclio.com%2Fauladeclio%2F11-3-desarrollo-del-proceso-descolonizador-en-africa%2F||target:%20_blank|&#8221;][vc_custom_heading text=&#8221;11.4 El conflicto \u00e1rabe-israel\u00ed&#8221; google_fonts=&#8221;font_family:Ubuntu%3A300%2C300italic%2Cregular%2Citalic%2C500%2C500italic%2C700%2C700italic|font_style:400%20regular%3A400%3Anormal&#8221; link=&#8221;url:http%3A%2F%2Fauladeclio.com%2Fauladeclio%2F11-3-el-conflicto-arabe-israeli%2F||target:%20_blank|&#8221;][vc_custom_heading text=&#8221;11.5 La herencia colonial y la aparici\u00f3n del Tercer Mundo&#8221; google_fonts=&#8221;font_family:Ubuntu%3A300%2C300italic%2Cregular%2Citalic%2C500%2C500italic%2C700%2C700italic|font_style:400%20regular%3A400%3Anormal&#8221; link=&#8221;url:http%3A%2F%2Fauladeclio.com%2Fauladeclio%2F11-5-la-herencia-colonial-y-la-aparicion-del-tercer-mundo%2F||target:%20_blank|&#8221;][\/vc_column][\/vc_row][vc_row][vc_column][vc_btn title=&#8221;DESCARGA EL TEMA EN PDF&#8221; shape=&#8221;square&#8221; color=&#8221;pink&#8221; align=&#8221;center&#8221; i_icon_fontawesome=&#8221;fa fa-file-pdf-o&#8221; button_block=&#8221;true&#8221; add_icon=&#8221;true&#8221; link=&#8221;url:https%3A%2F%2Fdrive.google.com%2Ffile%2Fd%2F0B2RIZTHRMHvaYVFwNVRXSG5WTjQ%2Fview%3Fusp%3Dsharing|title:DESCARGA%20EL%20TEMA%20EN%20PDF||&#8221;][vc_btn title=&#8221;DESCARGA EL CUADERNO DE ACTIVIDADES EN .DOCX&#8221; shape=&#8221;square&#8221; color=&#8221;primary&#8221; align=&#8221;center&#8221; i_icon_fontawesome=&#8221;&#8221; button_block=&#8221;true&#8221; add_icon=&#8221;true&#8221; link=&#8221;url:https%3A%2F%2F1drv.ms%2Fw%2Fs!Ao1W-z3Sn3gdgrIJzJY88hvx3WaUlw%3Fe%3DyT6Vbo|title:DESCARGA%20EL%20TEMA%20EN%20PDF|target:_blank&#8221;][vc_separator][vc_wp_text]\n<p style=\"text-align: justify;\">Mientras sovi\u00e9ticos y estadounidenses se enzarzaban en la Guerra Fr\u00eda, <strong>en las colonias asi\u00e1ticas y africanas se gestaban cambios trascendentales.<\/strong> Entre 1947 1975 aparecieron caso 100 estados nuevos.<\/p>\n<p style=\"text-align: justify;\">La descolonizaci\u00f3n supuso la<strong> liquidaci\u00f3n de los Imperios coloniales europeos y la aparici\u00f3n de nuevos Estados independientes<\/strong>. Los territorios de <strong>Asia y \u00c1frica<\/strong> dominados por las metr\u00f3polis europeas se alzaron contra ellas y recuperaron su independencia pol\u00edtica.<\/p>\n<p style=\"text-align: justify;\"><div class=\"row\">\n<div class=\"col-lg-6 col-md-12 col-sm-12 col-12\">\n<p>&nbsp;<\/p>\n<div class=\"embed-responsive embed-responsive-16by9\"><iframe loading=\"lazy\" src=\"https:\/\/drive.google.com\/file\/d\/1i8c9_IMSnPV-0JzrNaI8iiiP-wrwf6qM\/preview\" width=\"540\" height=\"300\" class=\"embed-responsive-item\"><\/iframe><\/div>\n<p style=\"text-align: center;\"><span style=\"font-size: 10pt;\">DOCUMENTAL SOBRE LA DESCOLONIZACI\u00d3N<\/span><\/p>\n<p style=\"text-align: justify;\"><\/div>\n<div class=\"col-lg-6 col-md-12 col-sm-12 col-12\">\n<p style=\"text-align: justify;\"><strong>Pero la soberan\u00eda pol\u00edtica no llev\u00f3 consigo la desaparici\u00f3n del pasado colonial, sino que \u00e9ste se mantuvo en forma de dependencia social, econ\u00f3mica y cultural con las antiguas metr\u00f3polis o con otras nuevas, que establec\u00edan una nueva forma de dominaci\u00f3n: el neocolonialismo provocando la aparici\u00f3n de lo que se dio a conocer como el Tercer Mundo.<\/strong><\/p>\n<p style=\"text-align: justify;\"><strong>Entre 1945 y 1965<\/strong> hubo una aut\u00e9ntica vor\u00e1gine descolonizadora , desencadenada por un complejo entramado de causas y circunstancias.<\/p>\n<p style=\"text-align: justify;\">El colonialismo hab\u00eda provocado la desestructuraci\u00f3n de las econom\u00edas aut\u00f3ctonas, lo que ocasion\u00f3 <strong>fuertes desequilibrios sociales y regionales<\/strong>. El crecimiento demogr\u00e1fico y un r\u00e1pido crecimiento urbano ocasionaron enormes desplazamientos de poblaci\u00f3n; pero la concentraci\u00f3n de gentes y la miseria cohesionaron y dieron fuerza y r\u00e1pida difusi\u00f3n a las actitudes e ideolog\u00edas anticolonialistas.<\/p>\n<p style=\"text-align: justify;\"><\/div>\n<\/div>\n<p style=\"text-align: justify;\">Las nuevas formas de vida arrasaban las formas tradicionales de organizarse: clanes, agrupaciones religiosas, instituciones y costumbres; la extensi\u00f3n de la educaci\u00f3n seg\u00fan patrones occidentales consum\u00f3 la aculturaci\u00f3n. <strong>Las \u00e9lites ilustradas ind\u00edgenas se apoyaban en los principios pol\u00edticos occidentales para deslegitimar la colonizaci\u00f3n y reivindicar la independencia.<\/strong> Se despertaron las ansias de afirmar la personalidad hist\u00f3rica de los pueblos sometidos y se crearon solidaridades antioccidentales.<\/p>\n[\/vc_wp_text][vc_single_image image=&#8221;3275&#8243; img_size=&#8221;full&#8221; alignment=&#8221;center&#8221; onclick=&#8221;img_link_large&#8221; title=&#8221;UGANDA (1981)&#8221;][\/vc_column][\/vc_row]\n<\/div>","protected":false},"excerpt":{"rendered":"<p>[vc_row][vc_column width=&#8221;1\/3&#8243; offset=&#8221;vc_col-lg-offset-0 vc_col-md-offset-0 vc_col-sm-offset-0 vc_col-xs-3&#8243;][vc_icon icon_fontawesome=&#8221;fa fa-chevron-left&#8221; color=&#8221;sky&#8221; link=&#8221;url:http%3A%2F%2Fauladeclio.com%2Fauladeclio%2F10-5-hacia-la-coexistencia-pacifica-1954-1964%2F|title:TEMA%20ANTERIOR|target:%20_blank|&#8221;][\/vc_column][vc_column width=&#8221;1\/3&#8243; offset=&#8221;vc_col-lg-offset-0 vc_col-md-offset-0 vc_col-sm-offset-0 vc_col-xs-offset-1 vc_col-xs-3&#8243;][vc_icon icon_fontawesome=&#8221;fa fa-list&#8221; color=&#8221;white&#8221; align=&#8221;center&#8221; link=&#8221;|title:%C3%8DNDICE%20DE%20EP%C3%8DGRAFES||&#8221;][\/vc_column][vc_column width=&#8221;1\/3&#8243; offset=&#8221;vc_col-lg-offset-0 vc_col-md-offset-0 vc_col-sm-offset-0 vc_col-xs-offset-1 vc_col-xs-3&#8243;][vc_icon icon_fontawesome=&#8221;fa fa-chevron-right&#8221; color=&#8221;sky&#8221; align=&#8221;right&#8221; link=&#8221;url:http%3A%2F%2Fauladeclio.com%2Fauladeclio%2F11-1-origenes-causas-y-factores-de-la-descolonizacion%2F|title:EP%C3%8DGRAFE%20SIGUIENTE|target:%20_blank|&#8221;][\/vc_column][\/vc_row][vc_row][vc_column][vc_column_text]EN EL PRESENTE TEMA VEREMOS LOS SIGUIENTES EP\u00cdGRAFES:[\/vc_column_text][\/vc_column][\/vc_row][vc_row][vc_column][vc_separator][vc_custom_heading text=&#8221;11.1 Or\u00edgenes, causas y factores de la descolonizaci\u00f3n&#8221; google_fonts=&#8221;font_family:Ubuntu%3A300%2C300italic%2Cregular%2Citalic%2C500%2C500italic%2C700%2C700italic|font_style:400%20regular%3A400%3Anormal&#8221; link=&#8221;url:http%3A%2F%2Fauladeclio.com%2Fauladeclio%2F11-1-origenes-causas-y-factores-de-la-descolonizacion%2F||target:%20_blank|&#8221;][vc_custom_heading text=&#8221;11.2 Desarrollo del proceso descolonizador en [&hellip;]<\/p>\n","protected":false},"author":1,"featured_media":0,"parent":0,"menu_order":0,"comment_status":"closed","ping_status":"closed","template":"","meta":{"nf_dc_page":"","footnotes":""},"categories":[14,13],"tags":[],"class_list":["post-1582","page","type-page","status-publish","hentry","category-1o-de-bachillerato","category-historia-del-mundo-contemporaneo"],"_links":{"self":[{"href":"https:\/\/auladeclio.com\/auladeclio\/wp-json\/wp\/v2\/pages\/1582","targetHints":{"allow":["GET"]}}],"collection":[{"href":"https:\/\/auladeclio.com\/auladeclio\/wp-json\/wp\/v2\/pages"}],"about":[{"href":"https:\/\/auladeclio.com\/auladeclio\/wp-json\/wp\/v2\/types\/page"}],"author":[{"embeddable":true,"href":"https:\/\/auladeclio.com\/auladeclio\/wp-json\/wp\/v2\/users\/1"}],"replies":[{"embeddable":true,"href":"https:\/\/auladeclio.com\/auladeclio\/wp-json\/wp\/v2\/comments?post=1582"}],"version-history":[{"count":7,"href":"https:\/\/auladeclio.com\/auladeclio\/wp-json\/wp\/v2\/pages\/1582\/revisions"}],"predecessor-version":[{"id":9616,"href":"https:\/\/auladeclio.com\/auladeclio\/wp-json\/wp\/v2\/pages\/1582\/revisions\/9616"}],"wp:attachment":[{"href":"https:\/\/auladeclio.com\/auladeclio\/wp-json\/wp\/v2\/media?parent=1582"}],"wp:term":[{"taxonomy":"category","embeddable":true,"href":"https:\/\/auladeclio.com\/auladeclio\/wp-json\/wp\/v2\/categories?post=1582"},{"taxonomy":"post_tag","embeddable":true,"href":"https:\/\/auladeclio.com\/auladeclio\/wp-json\/wp\/v2\/tags?post=1582"}],"curies":[{"name":"wp","href":"https:\/\/api.w.org\/{rel}","templated":true}]}}