{"id":1540,"date":"2018-04-22T09:27:10","date_gmt":"2018-04-22T09:27:10","guid":{"rendered":"http:\/\/auladeclio.com\/auladeclio\/?page_id=1540"},"modified":"2021-06-27T15:48:42","modified_gmt":"2021-06-27T15:48:42","slug":"8-el-periodo-de-entreguerras-1919-1939","status":"publish","type":"page","link":"https:\/\/auladeclio.com\/auladeclio\/8-el-periodo-de-entreguerras-1919-1939\/","title":{"rendered":"8 EL PERIODO DE ENTREGUERRAS (1919-1939)"},"content":{"rendered":"<div class=\"wpb-content-wrapper\">[vc_row][vc_column width=&#8221;1\/3&#8243; offset=&#8221;vc_col-lg-offset-0 vc_col-md-offset-0 vc_col-sm-offset-0 vc_col-xs-3&#8243;][vc_icon icon_fontawesome=&#8221;fa fa-chevron-left&#8221; color=&#8221;sky&#8221; link=&#8221;url:http%3A%2F%2Fauladeclio.com%2Fauladeclio%2F7-5-la-guerra-civil-rusa-y-la-creacion-de-la-urss%2F|title:TEMA%20ANTERIOR|target:%20_blank|&#8221;][\/vc_column][vc_column width=&#8221;1\/3&#8243; offset=&#8221;vc_col-lg-offset-0 vc_col-md-offset-0 vc_col-sm-offset-0 vc_col-xs-offset-1 vc_col-xs-3&#8243;][vc_icon icon_fontawesome=&#8221;fa fa-list&#8221; color=&#8221;white&#8221; align=&#8221;center&#8221; link=&#8221;|title:%C3%8DNDICE%20DE%20EP%C3%8DGRAFES||&#8221;][\/vc_column][vc_column width=&#8221;1\/3&#8243; offset=&#8221;vc_col-lg-offset-0 vc_col-md-offset-0 vc_col-sm-offset-0 vc_col-xs-offset-1 vc_col-xs-3&#8243;][vc_icon icon_fontawesome=&#8221;fa fa-chevron-right&#8221; color=&#8221;sky&#8221; align=&#8221;right&#8221; link=&#8221;url:http%3A%2F%2Fauladeclio.com%2Fauladeclio%2F8-1-una-paz-impuesta%2F|title:EP%C3%8DGRAFE%20SIGUIENTE|target:%20_blank|&#8221;][\/vc_column][\/vc_row][vc_row][vc_column][vc_column_text]<span style=\"font-size: 18pt;\"><strong>EN EL PRESENTE TEMA VEREMOS LOS SIGUIENTES EP\u00cdGRAFES:<\/strong><\/span>[\/vc_column_text][\/vc_column][\/vc_row][vc_row][vc_column][vc_separator][vc_custom_heading text=&#8221;8.1 Una paz impuesta&#8221; google_fonts=&#8221;font_family:Ubuntu%3A300%2C300italic%2Cregular%2Citalic%2C500%2C500italic%2C700%2C700italic|font_style:400%20regular%3A400%3Anormal&#8221; link=&#8221;url:http%3A%2F%2Fauladeclio.com%2Fauladeclio%2F8-1-una-paz-impuesta%2F||target:%20_blank|&#8221;][vc_custom_heading text=&#8221;8.2 El nacimiento de la sociedad de masas y las vanguardias&#8221; google_fonts=&#8221;font_family:Ubuntu%3A300%2C300italic%2Cregular%2Citalic%2C500%2C500italic%2C700%2C700italic|font_style:400%20regular%3A400%3Anormal&#8221; link=&#8221;url:http%3A%2F%2Fauladeclio.com%2Fauladeclio%2F8-2-el-nacimiento-de-la-sociedad-de-masas-y-las-vanguardias%2F||target:%20_blank|&#8221;][vc_custom_heading text=&#8221;8.3 La Gran Depresi\u00f3n&#8221; google_fonts=&#8221;font_family:Ubuntu%3A300%2C300italic%2Cregular%2Citalic%2C500%2C500italic%2C700%2C700italic|font_style:400%20regular%3A400%3Anormal&#8221; link=&#8221;url:http%3A%2F%2Fauladeclio.com%2Fauladeclio%2F8-3-la-gran-depresion%2F||target:%20_blank|&#8221;][vc_custom_heading text=&#8221;8.4 El fascismo&#8221; google_fonts=&#8221;font_family:Ubuntu%3A300%2C300italic%2Cregular%2Citalic%2C500%2C500italic%2C700%2C700italic|font_style:400%20regular%3A400%3Anormal&#8221; link=&#8221;url:http%3A%2F%2Fauladeclio.com%2Fauladeclio%2F8-4-el-fascismo%2F||target:%20_blank|&#8221;][vc_custom_heading text=&#8221;8.5 El nazismo&#8221; google_fonts=&#8221;font_family:Ubuntu%3A300%2C300italic%2Cregular%2Citalic%2C500%2C500italic%2C700%2C700italic|font_style:400%20regular%3A400%3Anormal&#8221; link=&#8221;url:http%3A%2F%2Fauladeclio.com%2Fauladeclio%2F8-5-el-nazismo%2F||target:%20_blank|&#8221;][vc_custom_heading text=&#8221;8.6 Los virajes hacia la Segunda Guerra Mundial&#8221; google_fonts=&#8221;font_family:Ubuntu%3A300%2C300italic%2Cregular%2Citalic%2C500%2C500italic%2C700%2C700italic|font_style:400%20regular%3A400%3Anormal&#8221; link=&#8221;url:http%3A%2F%2Fauladeclio.com%2Fauladeclio%2F8-6-los-virajes-hacia-la-segunda-guerra-mundial%2F||target:%20_blank|&#8221;][\/vc_column][\/vc_row][vc_row][vc_column][vc_btn title=&#8221;DESCARGA EL TEMA EN PDF&#8221; shape=&#8221;square&#8221; color=&#8221;pink&#8221; align=&#8221;center&#8221; i_icon_fontawesome=&#8221;fa fa-file-pdf-o&#8221; button_block=&#8221;true&#8221; add_icon=&#8221;true&#8221; link=&#8221;url:https%3A%2F%2Fdrive.google.com%2Ffile%2Fd%2F0B2RIZTHRMHvaYVFwNVRXSG5WTjQ%2Fview%3Fusp%3Dsharing|title:DESCARGA%20EL%20TEMA%20EN%20PDF||&#8221;][vc_btn title=&#8221;DESCARGA EL CUADERNO DE ACTIVIDADES EN .DOCX&#8221; shape=&#8221;square&#8221; color=&#8221;primary&#8221; align=&#8221;center&#8221; i_icon_fontawesome=&#8221;&#8221; button_block=&#8221;true&#8221; add_icon=&#8221;true&#8221; link=&#8221;url:https%3A%2F%2F1drv.ms%2Fw%2Fs!Ao1W-z3Sn3gdgs1uUvjlZr1kE9nuWw%3Fe%3DpifNG6|title:DESCARGA%20EL%20TEMA%20EN%20PDF|target:_blank&#8221;][vc_separator][vc_wp_text]<strong>La Primera Guerra Mundial supuso un duro golpe para el sistema econ\u00f3mico liberal<\/strong>, predominante durante el siglo XIX. Tras el conflicto se intent\u00f3 restablecer el equilibrio econ\u00f3mico, pero la expansi\u00f3n de los a\u00f1os veinte no acab\u00f3 con los desequilibrios.<\/p>\n<div class=\"row\">\n<div class=\"col-lg-6 col-md-12 col-sm-12 col-12\">\n<p><strong>La crisis de 1929, junto a la iniciada en 2008, es considerada como la m\u00e1s grave del capitalismo. Fue el acontecimiento central del per\u00edodo 1919-1939.<\/strong>\u00a0Esta crisis tuvo sus ra\u00edces en los cambios en la estructura econ\u00f3mica internacional, tras la Primera Guerra Mundial.<\/p>\n<p>El crack de la Bolsa de Nueva York puso de manifiesto la fragilidad sobre la que se asentaba el modelo econ\u00f3mico de la \u00abprosperidad\u00bb de los a\u00f1os veinte. La crisis tuvo su origen en Estados Unidos, y el peso de este pa\u00eds en la econom\u00eda mundial hizo que sus efectos se extendiesen al resto del planeta.\u00a0<strong>Lo m\u00e1s importante del crack fue la profunda y larga depresi\u00f3n que le sigui\u00f3. La reactivaci\u00f3n de la econom\u00eda europea y estadounidense fue muy tard\u00eda, a partir de 1938-1939.\u00a0<\/strong>Pero ya era demasiado tarde, la poblaci\u00f3n europea hab\u00eda virado hacia sentimientos y formas de entender el mundo que llevar\u00edan al mundo hacia la II Guerra Mundial.<\/p>\n<\/div>\n<div class=\"col-lg-6 col-md-12 col-sm-12 col-12\"><div class=\"embed-responsive embed-responsive-16by9\"><iframe loading=\"lazy\" src=\"https:\/\/www.youtube.com\/embed\/svvJevKve6A\" width=\"640\" height=\"375\" frameborder=\"0\" allowfullscreen=\"allowfullscreen\" class=\"embed-responsive-item\"><\/iframe><\/div><\/div>\n<\/div>Al mismo tiempo que se intentaba restablecer el liberalismo econ\u00f3mico previo a la Gran Guerra, la democracia se extend\u00eda por casi toda Europa. Sin embargo,\u00a0<strong>los problemas econ\u00f3micos, pol\u00edticos y sociales provocaron pronto la crisis de los sistemas democr\u00e1ticos.<\/strong>\u00a0Entre 1922 y 1939, en los pa\u00edses europeos con escasa tradici\u00f3n democr\u00e1tica\u00a0<strong>se fueron imponiendo dictaduras nacionalistas de derechas.<\/strong><\/p>\n<p>Esta desestabilizaci\u00f3n fue producto de:<\/p>\n<ol>\n<li>El impacto de la\u00a0<strong>Revoluci\u00f3n rusa de 1917<\/strong>, que contagi\u00f3 el ansia revolucionaria a gran parte del movimiento obrero y los partidos de izquierdas.<\/li>\n<li>El\u00a0<strong>desarrollo de organizaciones de derechas autoritarias.<\/strong><\/li>\n<\/ol>\n<p><strong>Los partidos fascistas se caracterizaron por el violento rechazo al sistema parlamentario liberal, un odio intenso al socialismo y al comunismo, un acusado ultranacionalismo, que ensalzaba el mito de la raza, el culto a la violencia y la capacidad de movilizaci\u00f3n de las masas atra\u00eddas por el carisma de un l\u00edder.<\/strong>\u00a0Los mejores ejemplos fueron el fascismo en Italia y el nazismo en Alemania, que implantaron un nuevo modelo de dictadura totalitaria.<\/p>\n<p>Al mismo tiempo que la democracia y la econom\u00eda se descompon\u00edan,\u00a0<strong>el arte, la sociedad y la cultura mundiales se encaminaban hacia las formas actuales.<\/strong>\u00a0Los acontecimientos masivos como conciertos, grandes eventos deportivos, m\u00edtines pol\u00edticos\u2026 comenzaban a aparecer, las vanguardias dieron un giro de no retorno al arte y la arquitectura se encaminaba hacia un racionalismo y utilitarismo que rompi\u00f3 definitivamente con las formas y materiales cl\u00e1sicos.[\/vc_wp_text][vc_wp_text][\/vc_wp_text][vc_media_grid element_width=&#8221;6&#8243; grid_id=&#8221;vc_gid:1624808888878-0d22571922457512069693afb200bad3-10&#8243; include=&#8221;7974,7972,7971,7970&#8243;][vc_single_image image=&#8221;2422&#8243; img_size=&#8221;full&#8221; add_caption=&#8221;yes&#8221;][\/vc_column][\/vc_row]\n<\/div>","protected":false},"excerpt":{"rendered":"<p>[vc_row][vc_column width=&#8221;1\/3&#8243; offset=&#8221;vc_col-lg-offset-0 vc_col-md-offset-0 vc_col-sm-offset-0 vc_col-xs-3&#8243;][vc_icon icon_fontawesome=&#8221;fa fa-chevron-left&#8221; color=&#8221;sky&#8221; link=&#8221;url:http%3A%2F%2Fauladeclio.com%2Fauladeclio%2F7-5-la-guerra-civil-rusa-y-la-creacion-de-la-urss%2F|title:TEMA%20ANTERIOR|target:%20_blank|&#8221;][\/vc_column][vc_column width=&#8221;1\/3&#8243; offset=&#8221;vc_col-lg-offset-0 vc_col-md-offset-0 vc_col-sm-offset-0 vc_col-xs-offset-1 vc_col-xs-3&#8243;][vc_icon icon_fontawesome=&#8221;fa fa-list&#8221; color=&#8221;white&#8221; align=&#8221;center&#8221; link=&#8221;|title:%C3%8DNDICE%20DE%20EP%C3%8DGRAFES||&#8221;][\/vc_column][vc_column width=&#8221;1\/3&#8243; offset=&#8221;vc_col-lg-offset-0 vc_col-md-offset-0 vc_col-sm-offset-0 vc_col-xs-offset-1 vc_col-xs-3&#8243;][vc_icon icon_fontawesome=&#8221;fa fa-chevron-right&#8221; color=&#8221;sky&#8221; align=&#8221;right&#8221; link=&#8221;url:http%3A%2F%2Fauladeclio.com%2Fauladeclio%2F8-1-una-paz-impuesta%2F|title:EP%C3%8DGRAFE%20SIGUIENTE|target:%20_blank|&#8221;][\/vc_column][\/vc_row][vc_row][vc_column][vc_column_text]EN EL PRESENTE TEMA VEREMOS LOS SIGUIENTES EP\u00cdGRAFES:[\/vc_column_text][\/vc_column][\/vc_row][vc_row][vc_column][vc_separator][vc_custom_heading text=&#8221;8.1 Una paz impuesta&#8221; google_fonts=&#8221;font_family:Ubuntu%3A300%2C300italic%2Cregular%2Citalic%2C500%2C500italic%2C700%2C700italic|font_style:400%20regular%3A400%3Anormal&#8221; link=&#8221;url:http%3A%2F%2Fauladeclio.com%2Fauladeclio%2F8-1-una-paz-impuesta%2F||target:%20_blank|&#8221;][vc_custom_heading text=&#8221;8.2 El nacimiento de la sociedad de masas y las [&hellip;]<\/p>\n","protected":false},"author":1,"featured_media":0,"parent":0,"menu_order":0,"comment_status":"closed","ping_status":"closed","template":"","meta":{"nf_dc_page":"","footnotes":""},"categories":[14,13],"tags":[],"class_list":["post-1540","page","type-page","status-publish","hentry","category-1o-de-bachillerato","category-historia-del-mundo-contemporaneo"],"_links":{"self":[{"href":"https:\/\/auladeclio.com\/auladeclio\/wp-json\/wp\/v2\/pages\/1540","targetHints":{"allow":["GET"]}}],"collection":[{"href":"https:\/\/auladeclio.com\/auladeclio\/wp-json\/wp\/v2\/pages"}],"about":[{"href":"https:\/\/auladeclio.com\/auladeclio\/wp-json\/wp\/v2\/types\/page"}],"author":[{"embeddable":true,"href":"https:\/\/auladeclio.com\/auladeclio\/wp-json\/wp\/v2\/users\/1"}],"replies":[{"embeddable":true,"href":"https:\/\/auladeclio.com\/auladeclio\/wp-json\/wp\/v2\/comments?post=1540"}],"version-history":[{"count":8,"href":"https:\/\/auladeclio.com\/auladeclio\/wp-json\/wp\/v2\/pages\/1540\/revisions"}],"predecessor-version":[{"id":9593,"href":"https:\/\/auladeclio.com\/auladeclio\/wp-json\/wp\/v2\/pages\/1540\/revisions\/9593"}],"wp:attachment":[{"href":"https:\/\/auladeclio.com\/auladeclio\/wp-json\/wp\/v2\/media?parent=1540"}],"wp:term":[{"taxonomy":"category","embeddable":true,"href":"https:\/\/auladeclio.com\/auladeclio\/wp-json\/wp\/v2\/categories?post=1540"},{"taxonomy":"post_tag","embeddable":true,"href":"https:\/\/auladeclio.com\/auladeclio\/wp-json\/wp\/v2\/tags?post=1540"}],"curies":[{"name":"wp","href":"https:\/\/api.w.org\/{rel}","templated":true}]}}