{"id":1496,"date":"2018-04-21T18:19:22","date_gmt":"2018-04-21T18:19:22","guid":{"rendered":"http:\/\/auladeclio.com\/auladeclio\/?page_id=1496"},"modified":"2021-06-25T09:13:31","modified_gmt":"2021-06-25T09:13:31","slug":"6-europa-conquista-el-mundo-1871-1914","status":"publish","type":"page","link":"https:\/\/auladeclio.com\/auladeclio\/6-europa-conquista-el-mundo-1871-1914\/","title":{"rendered":"6 EUROPA CONQUISTA EL MUNDO (1871-1914)"},"content":{"rendered":"<div class=\"wpb-content-wrapper\">[vc_row][vc_column width=&#8221;1\/3&#8243; offset=&#8221;vc_col-lg-offset-0 vc_col-md-offset-0 vc_col-sm-offset-0 vc_col-xs-3&#8243;][vc_icon icon_fontawesome=&#8221;fa fa-chevron-left&#8221; color=&#8221;sky&#8221; link=&#8221;url:http%3A%2F%2Fauladeclio.com%2Fauladeclio%2F5-5-el-internacionalismo%2F|title:TEMA%20ANTERIOR|target:%20_blank|&#8221;][\/vc_column][vc_column width=&#8221;1\/3&#8243; offset=&#8221;vc_col-lg-offset-0 vc_col-md-offset-0 vc_col-sm-offset-0 vc_col-xs-offset-1 vc_col-xs-3&#8243;][vc_icon icon_fontawesome=&#8221;fa fa-list&#8221; color=&#8221;white&#8221; align=&#8221;center&#8221; link=&#8221;|title:%C3%8DNDICE%20DE%20EP%C3%8DGRAFES||&#8221;][\/vc_column][vc_column width=&#8221;1\/3&#8243; offset=&#8221;vc_col-lg-offset-0 vc_col-md-offset-0 vc_col-sm-offset-0 vc_col-xs-offset-1 vc_col-xs-3&#8243;][vc_icon icon_fontawesome=&#8221;fa fa-chevron-right&#8221; color=&#8221;sky&#8221; align=&#8221;right&#8221; link=&#8221;url:http%3A%2F%2Fauladeclio.com%2Fauladeclio%2F6-1-la-segunda-revolucion-industrial%2F|title:EP%C3%8DGRAFE%20SIGUIENTE|target:%20_blank|&#8221;][\/vc_column][\/vc_row][vc_row][vc_column][vc_column_text]<span style=\"font-size: 18pt;\"><strong>EN EL PRESENTE TEMA VEREMOS LOS SIGUIENTES EP\u00cdGRAFES:<\/strong><\/span>[\/vc_column_text][\/vc_column][\/vc_row][vc_row][vc_column][vc_separator][vc_custom_heading text=&#8221;6.1 La Segunda Revoluci\u00f3n Industrial&#8221; google_fonts=&#8221;font_family:Ubuntu%3A300%2C300italic%2Cregular%2Citalic%2C500%2C500italic%2C700%2C700italic|font_style:400%20regular%3A400%3Anormal&#8221; link=&#8221;url:http%3A%2F%2Fauladeclio.com%2Fauladeclio%2F6-1-la-segunda-revolucion-industrial%2F||target:%20_blank|&#8221;][vc_custom_heading text=&#8221;6.2 Las potencias occidentales: Reino Unido y Francia&#8221; google_fonts=&#8221;font_family:Ubuntu%3A300%2C300italic%2Cregular%2Citalic%2C500%2C500italic%2C700%2C700italic|font_style:400%20regular%3A400%3Anormal&#8221; link=&#8221;url:http%3A%2F%2Fauladeclio.com%2Fauladeclio%2F6-2-reino-unido-y-francia%2F||target:%20_blank|&#8221;][vc_custom_heading text=&#8221;6.3 Las potencias centrales y orientales de Europa&#8221; google_fonts=&#8221;font_family:Ubuntu%3A300%2C300italic%2Cregular%2Citalic%2C500%2C500italic%2C700%2C700italic|font_style:400%20regular%3A400%3Anormal&#8221; link=&#8221;url:http%3A%2F%2Fauladeclio.com%2Fauladeclio%2F6-3-las-potencias-centrales-y-orientales-de-europa%2F||target:%20_blank|&#8221;][vc_custom_heading text=&#8221;6.4 Las potencias extraeuropeas: EEUU y Jap\u00f3n&#8221; google_fonts=&#8221;font_family:Ubuntu%3A300%2C300italic%2Cregular%2Citalic%2C500%2C500italic%2C700%2C700italic|font_style:400%20regular%3A400%3Anormal&#8221; link=&#8221;url:http%3A%2F%2Fauladeclio.com%2Fauladeclio%2F6-4-las-potencias-extraeuropeas-eeuu-y-japon%2F||target:%20_blank|&#8221;][vc_custom_heading text=&#8221;6.5 La expansi\u00f3n colonial y sus consecuencias&#8221; google_fonts=&#8221;font_family:Ubuntu%3A300%2C300italic%2Cregular%2Citalic%2C500%2C500italic%2C700%2C700italic|font_style:400%20regular%3A400%3Anormal&#8221; link=&#8221;url:http%3A%2F%2Fauladeclio.com%2Fauladeclio%2F6-5-la-expansion-colonial-y-sus-consecuencias%2F||target:%20_blank|&#8221;][vc_custom_heading text=&#8221;6.6 El arte de finales del siglo XIX&#8221; google_fonts=&#8221;font_family:Ubuntu%3A300%2C300italic%2Cregular%2Citalic%2C500%2C500italic%2C700%2C700italic|font_style:400%20regular%3A400%3Anormal&#8221; link=&#8221;url:http%3A%2F%2Fauladeclio.com%2Fauladeclio%2F6-6-impresionismo-y-postimpresionismo%2F||target:%20_blank|&#8221;][\/vc_column][\/vc_row][vc_row][vc_column][vc_btn title=&#8221;DESCARGA EL TEMA EN PDF&#8221; shape=&#8221;square&#8221; color=&#8221;pink&#8221; align=&#8221;center&#8221; i_icon_fontawesome=&#8221;fa fa-file-pdf-o&#8221; button_block=&#8221;true&#8221; add_icon=&#8221;true&#8221; link=&#8221;url:https%3A%2F%2Fdrive.google.com%2Ffile%2Fd%2F0B2RIZTHRMHvaYVFwNVRXSG5WTjQ%2Fview%3Fusp%3Dsharing|title:DESCARGA%20EL%20TEMA%20EN%20PDF||&#8221;][vc_btn title=&#8221;DESCARGA EL CUADERNO DE ACTIVIDADES EN .DOCX&#8221; shape=&#8221;square&#8221; color=&#8221;primary&#8221; align=&#8221;center&#8221; i_icon_fontawesome=&#8221;&#8221; button_block=&#8221;true&#8221; add_icon=&#8221;true&#8221; link=&#8221;url:https%3A%2F%2F1drv.ms%2Fw%2Fs!Ao1W-z3Sn3gdgf9L9BlPuu88E7qpuA%3Fe%3D1EJpTc|title:DESCARGA%20EL%20TEMA%20EN%20PDF|target:_blank&#8221;][vc_separator][vc_column_text]<strong>La segunda mitad del siglo XIX configur\u00f3 el mundo actual.<\/strong> Dos pa\u00edses se mantuvieron como las <strong>principales potencias mundiales: Francia e Inglaterra<\/strong>, pero comenzaban a aparecer <strong>otras potencias en el centro y el este de Europa que comenzar\u00edan a disputar ese liderazgo (Alemania, Rusia y Austria-Hungria)<\/strong>. Adem\u00e1s, fuera de Europa, <strong>dos pa\u00edses amenazaban la hegemon\u00eda europea EEUU y Jap\u00f3n.<\/strong><\/p>\n<p>En el \u00faltimo tercio del siglo XIX, una serie de innovaciones tecnol\u00f3gicas impulsaron una segunda fase de la industrializaci\u00f3n, que conocemos como <strong>Segunda Revoluci\u00f3n Industrial.<\/strong> El avance tecnol\u00f3gico fue el resultado de una estrecha relaci\u00f3n entre la investigaci\u00f3n cient\u00edfica y su r\u00e1pida aplicaci\u00f3n pr\u00e1ctica en la industria.\u00a0La mayor parte de las potencias mencionadas anteriormente aprovecharon los avances de la II Revoluci\u00f3n industrial para desarrollarse de tal forma, que ser\u00edan inalcanzables por el resto de naciones.<\/p>\n<p>El t\u00e9rmino imperialismo implica la extensi\u00f3n del dominio de un pa\u00eds sobre otros. El pa\u00eds que conquista es la metr\u00f3poli y los territorios conquistados son las colonias. No era un fen\u00f3meno nuevo, pero en el siglo XIX adquiri\u00f3 una dimensi\u00f3n diferente.\u00a0Ya en la Antig\u00fcedad hubo grandes imperios. En la Edad Moderna, varios pa\u00edses europeos (Espa\u00f1a, Portugal, el Reino Unido&#8230;) fueron potencias coloniales. Sin embargo, hacia 1870 surgi\u00f3 una nueva forma de imperialismo. Los primeros protagonistas fueron el Reino Unido y Francia. Despu\u00e9s, se sumaron otros pa\u00edses como Alemania, Italia, B\u00e9lgica, Rusia, Estados Unidos y Jap\u00f3n. Por el contrario, Espa\u00f1a perdi\u00f3 sus colonias en Am\u00e9rica y en el Pac\u00edfico.<\/p>\n<p><strong>Las potencias imperialistas conquistaron o se anexionaron la mayor parte del mundo. Mientras en 1800 el 35 % de las tierras del planeta depend\u00edan de Europa y Estados Unidos, en 1914 este porcentaje era de un 84 %. Se pod\u00eda decir que Europa era la due\u00f1a del mundo.<\/strong>[\/vc_column_text][vc_video link=&#8221;https:\/\/youtu.be\/KHAaYxMinC8?t=9&#8243; el_width=&#8221;60&#8243; align=&#8221;center&#8221;][vc_masonry_media_grid element_width=&#8221;3&#8243; grid_id=&#8221;vc_gid:1624612289375-8db82559b8998257ba2eab3ab434196e-7&#8243; include=&#8221;2992,2991,2990,2989,2988,2987,2993&#8243;][\/vc_column][\/vc_row][vc_row][vc_column][vc_media_grid element_width=&#8221;3&#8243; grid_id=&#8221;vc_gid:1624612289457-59b5a9a6d493cbdddd383e609f530750-5&#8243; include=&#8221;2986,2985,2984,2983,2982,2981,2980,2979&#8243;][\/vc_column][\/vc_row]\n<\/div>","protected":false},"excerpt":{"rendered":"<p>[vc_row][vc_column width=&#8221;1\/3&#8243; offset=&#8221;vc_col-lg-offset-0 vc_col-md-offset-0 vc_col-sm-offset-0 vc_col-xs-3&#8243;][vc_icon icon_fontawesome=&#8221;fa fa-chevron-left&#8221; color=&#8221;sky&#8221; link=&#8221;url:http%3A%2F%2Fauladeclio.com%2Fauladeclio%2F5-5-el-internacionalismo%2F|title:TEMA%20ANTERIOR|target:%20_blank|&#8221;][\/vc_column][vc_column width=&#8221;1\/3&#8243; offset=&#8221;vc_col-lg-offset-0 vc_col-md-offset-0 vc_col-sm-offset-0 vc_col-xs-offset-1 vc_col-xs-3&#8243;][vc_icon icon_fontawesome=&#8221;fa fa-list&#8221; color=&#8221;white&#8221; align=&#8221;center&#8221; link=&#8221;|title:%C3%8DNDICE%20DE%20EP%C3%8DGRAFES||&#8221;][\/vc_column][vc_column width=&#8221;1\/3&#8243; offset=&#8221;vc_col-lg-offset-0 vc_col-md-offset-0 vc_col-sm-offset-0 vc_col-xs-offset-1 vc_col-xs-3&#8243;][vc_icon icon_fontawesome=&#8221;fa fa-chevron-right&#8221; color=&#8221;sky&#8221; align=&#8221;right&#8221; link=&#8221;url:http%3A%2F%2Fauladeclio.com%2Fauladeclio%2F6-1-la-segunda-revolucion-industrial%2F|title:EP%C3%8DGRAFE%20SIGUIENTE|target:%20_blank|&#8221;][\/vc_column][\/vc_row][vc_row][vc_column][vc_column_text]EN EL PRESENTE TEMA VEREMOS LOS SIGUIENTES EP\u00cdGRAFES:[\/vc_column_text][\/vc_column][\/vc_row][vc_row][vc_column][vc_separator][vc_custom_heading text=&#8221;6.1 La Segunda Revoluci\u00f3n Industrial&#8221; google_fonts=&#8221;font_family:Ubuntu%3A300%2C300italic%2Cregular%2Citalic%2C500%2C500italic%2C700%2C700italic|font_style:400%20regular%3A400%3Anormal&#8221; link=&#8221;url:http%3A%2F%2Fauladeclio.com%2Fauladeclio%2F6-1-la-segunda-revolucion-industrial%2F||target:%20_blank|&#8221;][vc_custom_heading text=&#8221;6.2 Las potencias occidentales: Reino Unido y Francia&#8221; google_fonts=&#8221;font_family:Ubuntu%3A300%2C300italic%2Cregular%2Citalic%2C500%2C500italic%2C700%2C700italic|font_style:400%20regular%3A400%3Anormal&#8221; [&hellip;]<\/p>\n","protected":false},"author":1,"featured_media":0,"parent":0,"menu_order":0,"comment_status":"closed","ping_status":"closed","template":"","meta":{"nf_dc_page":"","footnotes":""},"categories":[14,13],"tags":[],"class_list":["post-1496","page","type-page","status-publish","hentry","category-1o-de-bachillerato","category-historia-del-mundo-contemporaneo"],"_links":{"self":[{"href":"https:\/\/auladeclio.com\/auladeclio\/wp-json\/wp\/v2\/pages\/1496","targetHints":{"allow":["GET"]}}],"collection":[{"href":"https:\/\/auladeclio.com\/auladeclio\/wp-json\/wp\/v2\/pages"}],"about":[{"href":"https:\/\/auladeclio.com\/auladeclio\/wp-json\/wp\/v2\/types\/page"}],"author":[{"embeddable":true,"href":"https:\/\/auladeclio.com\/auladeclio\/wp-json\/wp\/v2\/users\/1"}],"replies":[{"embeddable":true,"href":"https:\/\/auladeclio.com\/auladeclio\/wp-json\/wp\/v2\/comments?post=1496"}],"version-history":[{"count":5,"href":"https:\/\/auladeclio.com\/auladeclio\/wp-json\/wp\/v2\/pages\/1496\/revisions"}],"predecessor-version":[{"id":9551,"href":"https:\/\/auladeclio.com\/auladeclio\/wp-json\/wp\/v2\/pages\/1496\/revisions\/9551"}],"wp:attachment":[{"href":"https:\/\/auladeclio.com\/auladeclio\/wp-json\/wp\/v2\/media?parent=1496"}],"wp:term":[{"taxonomy":"category","embeddable":true,"href":"https:\/\/auladeclio.com\/auladeclio\/wp-json\/wp\/v2\/categories?post=1496"},{"taxonomy":"post_tag","embeddable":true,"href":"https:\/\/auladeclio.com\/auladeclio\/wp-json\/wp\/v2\/tags?post=1496"}],"curies":[{"name":"wp","href":"https:\/\/api.w.org\/{rel}","templated":true}]}}