{"id":1334,"date":"2017-11-09T18:40:08","date_gmt":"2017-11-09T18:40:08","guid":{"rendered":"http:\/\/auladeclio.com\/auladeclio\/?page_id=1334"},"modified":"2020-12-01T09:38:11","modified_gmt":"2020-12-01T09:38:11","slug":"3-el-fin-del-antiguo-regimen-1776-1804","status":"publish","type":"page","link":"https:\/\/auladeclio.com\/auladeclio\/3-el-fin-del-antiguo-regimen-1776-1804\/","title":{"rendered":"3 EL FIN DEL ANTIGUO R\u00c9GIMEN (1776-1804)"},"content":{"rendered":"<div class=\"wpb-content-wrapper\">[vc_row][vc_column width=&#8221;1\/3&#8243; offset=&#8221;vc_col-lg-offset-0 vc_col-md-offset-0 vc_col-sm-offset-0 vc_col-xs-3&#8243;][vc_icon icon_fontawesome=&#8221;fa fa-chevron-left&#8221; color=&#8221;sky&#8221; link=&#8221;url:http%3A%2F%2Fauladeclio.com%2Fauladeclio%2F2-5-la-expansion-de-la-industrializacion-y-el-capitalismo%2F|title:TEMA%20ANTERIOR|target:%20_blank|&#8221;][\/vc_column][vc_column width=&#8221;1\/3&#8243; offset=&#8221;vc_col-lg-offset-0 vc_col-md-offset-0 vc_col-sm-offset-0 vc_col-xs-offset-1 vc_col-xs-3&#8243;][\/vc_column][vc_column width=&#8221;1\/3&#8243; offset=&#8221;vc_col-lg-offset-0 vc_col-md-offset-0 vc_col-sm-offset-0 vc_col-xs-offset-1 vc_col-xs-3&#8243;][vc_icon icon_fontawesome=&#8221;fa fa-chevron-right&#8221; color=&#8221;sky&#8221; align=&#8221;right&#8221; link=&#8221;url:http%3A%2F%2Fauladeclio.com%2Fauladeclio%2F3-1-las-excepciones-al-antiguo-regimen%2F|title:EP%C3%8DGRAFE%20SIGUIENTE|target:%20_blank|&#8221;][\/vc_column][\/vc_row][vc_row][vc_column][vc_column_text]<span style=\"font-size: 18pt;\"><strong>EN EL PRESENTE TEMA VEREMOS LOS SIGUIENTES EP\u00cdGRAFES:<\/strong><\/span>[\/vc_column_text][\/vc_column][\/vc_row][vc_row][vc_column][vc_separator][vc_custom_heading text=&#8221;3.1 Las excepciones al Antiguo R\u00e9gimen&#8221; google_fonts=&#8221;font_family:Ubuntu%3A300%2C300italic%2Cregular%2Citalic%2C500%2C500italic%2C700%2C700italic|font_style:400%20regular%3A400%3Anormal&#8221; link=&#8221;url:http%3A%2F%2Fauladeclio.com%2Fauladeclio%2F3-1-las-excepciones-al-antiguo-regimen%2F||target:%20_blank|&#8221;][vc_custom_heading text=&#8221;3.2 Sapere aude. La Ilustraci\u00f3n y la Enciclopedia&#8221; google_fonts=&#8221;font_family:Ubuntu%3A300%2C300italic%2Cregular%2Citalic%2C500%2C500italic%2C700%2C700italic|font_style:400%20regular%3A400%3Anormal&#8221; link=&#8221;url:http%3A%2F%2Fauladeclio.com%2Fauladeclio%2F3-2-sapere-aude%2F||target:%20_blank|&#8221;][vc_custom_heading text=&#8221;3.3 El liberalismo&#8221; google_fonts=&#8221;font_family:Ubuntu%3A300%2C300italic%2Cregular%2Citalic%2C500%2C500italic%2C700%2C700italic|font_style:400%20regular%3A400%3Anormal&#8221; link=&#8221;url:http%3A%2F%2Fauladeclio.com%2Fauladeclio%2F3-3-el-liberalismo%2F||target:%20_blank|&#8221;][vc_custom_heading text=&#8221;3.4 El primer estado moderno: los EEUU&#8221; google_fonts=&#8221;font_family:Ubuntu%3A300%2C300italic%2Cregular%2Citalic%2C500%2C500italic%2C700%2C700italic|font_style:400%20regular%3A400%3Anormal&#8221; link=&#8221;url:http%3A%2F%2Fauladeclio.com%2Fauladeclio%2F3-4-el-primer-estado-moderno-los-eeuu%2F||target:%20_blank|&#8221;][vc_custom_heading text=&#8221;3.5 La Revoluci\u00f3n francesa: del sue\u00f1o a la pesadilla&#8221; google_fonts=&#8221;font_family:Ubuntu%3A300%2C300italic%2Cregular%2Citalic%2C500%2C500italic%2C700%2C700italic|font_style:400%20regular%3A400%3Anormal&#8221; link=&#8221;url:http%3A%2F%2Fauladeclio.com%2Fauladeclio%2F3-5-la-revolucion-francesa-del-sueno-a-la-pesadilla%2F||target:%20_blank|&#8221;][\/vc_column][\/vc_row][vc_row][vc_column][vc_btn title=&#8221;DESCARGA EL TEMA EN PDF&#8221; shape=&#8221;square&#8221; color=&#8221;pink&#8221; align=&#8221;center&#8221; i_icon_fontawesome=&#8221;fa fa-file-pdf-o&#8221; button_block=&#8221;true&#8221; add_icon=&#8221;true&#8221; link=&#8221;url:https%3A%2F%2Fdrive.google.com%2Ffile%2Fd%2F0B2RIZTHRMHvaYVFwNVRXSG5WTjQ%2Fview%3Fusp%3Dsharing|title:DESCARGA%20EL%20TEMA%20EN%20PDF||&#8221;][vc_btn title=&#8221;DESCARGA EL CUADERNO DE ACTIVIDADES EN .DOCX&#8221; shape=&#8221;square&#8221; color=&#8221;primary&#8221; align=&#8221;center&#8221; i_icon_fontawesome=&#8221;fa fa-file-word-o&#8221; button_block=&#8221;true&#8221; add_icon=&#8221;true&#8221; link=&#8221;url:https%3A%2F%2F1drv.ms%2Fw%2Fs!Ao1W-z3Sn3gdgf9IW2kQUXNVuykjrA%3Fe%3DRjdY9D|title:DESCARGA%20EL%20TEMA%20EN%20PDF|target:%20_blank|&#8221;][vc_separator][vc_cta h2=&#8221;LOS CAMBIOS ECON\u00d3MICOS Y SOCIALES PROPICIADOS POR LA REVOLUCI\u00d3N INDUSTRIAL Y LA IDEAS DE LA ILUSTRACI\u00d3N ACABAR\u00c1N CON EL ANTIGUO R\u00c9GIMEN&#8221; h4=&#8221;LAS DIFERENTES CRISIS POL\u00cdTICAS QUE SALPICARON LA SEGUNDA MITAD DEL S. XVIII ERAN ID\u00c9NTICAS A LAS QUE YA HAB\u00cdA HABIDO DURANTE SIGLOS EN EUROPA, PERO EN ESTA OCASI\u00d3N SUS CONSECUENCIAS IBAN A MARCAR EL FUTURO DE LA HUMANIDAD&#8221;]\n<p style=\"text-align: justify;\">Durante el siglo XVII Inglaterra acometer\u00e1 una serie de cambios institucionales como consecuencia de unos conflictos que tuvieron lugar <strong>entre 1642 y 1689<\/strong> conocidos como la R<strong>evoluci\u00f3n inglesa<\/strong>; estos cambios pol\u00edticos e institucionales se convertir\u00e1n en la <strong>base del liberalismo pol\u00edtico.<\/strong><\/p>\n<p style=\"text-align: justify;\">Al mismo tiempo, en toda Europa, ir\u00e1 desarroll\u00e1ndose una <strong>corriente filos\u00f3fica conocida como la Ilustraci\u00f3n, que apoyada en la Revoluci\u00f3n cient\u00edfica de los s. XVII y XVIII transformar\u00e1 el modo de pensar y ver la realidad. Su idea b\u00e1sica resid\u00eda en el uso de la raz\u00f3n y la libertad.<\/strong><\/p>\n<p style=\"text-align: justify;\">Todas estas novedades pol\u00edticas y filos\u00f3ficas <strong>se pondr\u00e1n en pr\u00e1ctica por primera vez en las colonias inglesas de Norteam\u00e9rica con gran \u00e9xito<\/strong> a finales del siglo XVIII. <strong>En Europa, sin embargo, la implantaci\u00f3n de estas nuevas ideas convertir\u00e1n el continente en un campo de batalla.<\/strong><\/p>\n[\/vc_cta][vc_wp_text]<div class=\"row\">\n<div class=\"col-lg-4 col-md-12 col-sm-12 col-12\">\n<figure id=\"attachment_5260\" class=\"thumbnail wp-caption aligncenter\" style=\"width: 658px\"><a href=\"https:\/\/auladeclio.com\/auladeclio\/wp-content\/uploads\/2019\/06\/CROMWELL-EN-LA-BATALLA-DE-NASEBY-EN-1645.-CHARLES-LANDSEER-Alte-Nationalgalerie.-Berl\u00edn-1861.jpg\" target=\"_blank\" rel=\"noopener noreferrer\"><img loading=\"lazy\" decoding=\"async\" class=\"wp-image-5260 size-large\" src=\"https:\/\/auladeclio.com\/auladeclio\/wp-content\/uploads\/2019\/06\/CROMWELL-EN-LA-BATALLA-DE-NASEBY-EN-1645.-CHARLES-LANDSEER-Alte-Nationalgalerie.-Berl\u00edn-1861-1024x583.jpg\" alt=\"\" width=\"648\" height=\"369\" srcset=\"https:\/\/auladeclio.com\/auladeclio\/wp-content\/uploads\/2019\/06\/CROMWELL-EN-LA-BATALLA-DE-NASEBY-EN-1645.-CHARLES-LANDSEER-Alte-Nationalgalerie.-Berl\u00edn-1861-1024x583.jpg 1024w, https:\/\/auladeclio.com\/auladeclio\/wp-content\/uploads\/2019\/06\/CROMWELL-EN-LA-BATALLA-DE-NASEBY-EN-1645.-CHARLES-LANDSEER-Alte-Nationalgalerie.-Berl\u00edn-1861-300x171.jpg 300w, https:\/\/auladeclio.com\/auladeclio\/wp-content\/uploads\/2019\/06\/CROMWELL-EN-LA-BATALLA-DE-NASEBY-EN-1645.-CHARLES-LANDSEER-Alte-Nationalgalerie.-Berl\u00edn-1861-768x437.jpg 768w\" sizes=\"auto, (max-width: 648px) 100vw, 648px\" \/><\/a><figcaption class=\"caption wp-caption-text\">CROMWELL EN LA BATALLA DE NASEBY EN 1645. CHARLES LANDSEER Alte Nationalgalerie. Berl\u00edn (1861)<\/figcaption><\/figure>\n<\/div>\n<div class=\"col-lg-4 col-md-12 col-sm-12 col-12\">\n<figure id=\"attachment_5256\" class=\"thumbnail wp-caption aligncenter\" style=\"width: 194px\"><a href=\"https:\/\/auladeclio.com\/auladeclio\/wp-content\/uploads\/2019\/06\/CONTRAPORTADA-DEL-PRIMER-TOMO-DE-LA-ENCICLOPEDIA-EDITADA-POR-DIDEROT-Y-DALAMBERT-EN-1751.jpg\" target=\"_blank\" rel=\"noopener noreferrer\"><img loading=\"lazy\" decoding=\"async\" class=\"wp-image-5256 size-medium\" src=\"https:\/\/auladeclio.com\/auladeclio\/wp-content\/uploads\/2019\/06\/CONTRAPORTADA-DEL-PRIMER-TOMO-DE-LA-ENCICLOPEDIA-EDITADA-POR-DIDEROT-Y-DALAMBERT-EN-1751-184x300.jpg\" alt=\"\" width=\"184\" height=\"300\" srcset=\"https:\/\/auladeclio.com\/auladeclio\/wp-content\/uploads\/2019\/06\/CONTRAPORTADA-DEL-PRIMER-TOMO-DE-LA-ENCICLOPEDIA-EDITADA-POR-DIDEROT-Y-DALAMBERT-EN-1751-184x300.jpg 184w, https:\/\/auladeclio.com\/auladeclio\/wp-content\/uploads\/2019\/06\/CONTRAPORTADA-DEL-PRIMER-TOMO-DE-LA-ENCICLOPEDIA-EDITADA-POR-DIDEROT-Y-DALAMBERT-EN-1751-768x1255.jpg 768w, https:\/\/auladeclio.com\/auladeclio\/wp-content\/uploads\/2019\/06\/CONTRAPORTADA-DEL-PRIMER-TOMO-DE-LA-ENCICLOPEDIA-EDITADA-POR-DIDEROT-Y-DALAMBERT-EN-1751-627x1024.jpg 627w\" sizes=\"auto, (max-width: 184px) 100vw, 184px\" \/><\/a><figcaption class=\"caption wp-caption-text\">CONTRAPORTADA DEL PRIMER TOMO DE LA ENCICLOPEDIA EDITADA POR DIDEROT Y D&#8217;ALAMBERT EN 1751<\/figcaption><\/figure>\n<\/div>\n<div class=\"col-lg-4 col-md-12 col-sm-12 col-12\">\n<figure id=\"attachment_5259\" class=\"thumbnail wp-caption aligncenter\" style=\"width: 269px\"><a href=\"https:\/\/auladeclio.com\/auladeclio\/wp-content\/uploads\/2019\/06\/UNO-DE-LOS-PRIMEROS-IDE\u00d3LOGS-DEL-LIBERALISMO.-PORTRAIT-OF-JOHN-LOCKE.-GOTTFRIED-KNILLER.-Hermitage-Museum.-San-Petersburgo-1697.jpg\" target=\"_blank\" rel=\"noopener noreferrer\"><img loading=\"lazy\" decoding=\"async\" class=\"wp-image-5259 size-medium\" src=\"https:\/\/auladeclio.com\/auladeclio\/wp-content\/uploads\/2019\/06\/UNO-DE-LOS-PRIMEROS-IDE\u00d3LOGS-DEL-LIBERALISMO.-PORTRAIT-OF-JOHN-LOCKE.-GOTTFRIED-KNILLER.-Hermitage-Museum.-San-Petersburgo-1697-259x300.jpg\" alt=\"\" width=\"259\" height=\"300\" srcset=\"https:\/\/auladeclio.com\/auladeclio\/wp-content\/uploads\/2019\/06\/UNO-DE-LOS-PRIMEROS-IDE\u00d3LOGS-DEL-LIBERALISMO.-PORTRAIT-OF-JOHN-LOCKE.-GOTTFRIED-KNILLER.-Hermitage-Museum.-San-Petersburgo-1697-259x300.jpg 259w, https:\/\/auladeclio.com\/auladeclio\/wp-content\/uploads\/2019\/06\/UNO-DE-LOS-PRIMEROS-IDE\u00d3LOGS-DEL-LIBERALISMO.-PORTRAIT-OF-JOHN-LOCKE.-GOTTFRIED-KNILLER.-Hermitage-Museum.-San-Petersburgo-1697-768x888.jpg 768w, https:\/\/auladeclio.com\/auladeclio\/wp-content\/uploads\/2019\/06\/UNO-DE-LOS-PRIMEROS-IDE\u00d3LOGS-DEL-LIBERALISMO.-PORTRAIT-OF-JOHN-LOCKE.-GOTTFRIED-KNILLER.-Hermitage-Museum.-San-Petersburgo-1697-885x1024.jpg 885w, https:\/\/auladeclio.com\/auladeclio\/wp-content\/uploads\/2019\/06\/UNO-DE-LOS-PRIMEROS-IDE\u00d3LOGS-DEL-LIBERALISMO.-PORTRAIT-OF-JOHN-LOCKE.-GOTTFRIED-KNILLER.-Hermitage-Museum.-San-Petersburgo-1697.jpg 984w\" sizes=\"auto, (max-width: 259px) 100vw, 259px\" \/><\/a><figcaption class=\"caption wp-caption-text\">UNO DE LOS PRIMEROS IDE\u00d3LOGS DEL LIBERALISMO. PORTRAIT OF JOHN LOCKE. GOTTFRIED KNILLER. Hermitage Museum. San Petersburgo (1697)<\/figcaption><\/figure>\n<\/div>\n<\/div>\n<div class=\"row\">\n<div class=\"col-lg-6 col-md-12 col-sm-12 col-12\">\n<figure id=\"attachment_5258\" class=\"thumbnail wp-caption aligncenter\" style=\"width: 658px\"><a href=\"https:\/\/auladeclio.com\/auladeclio\/wp-content\/uploads\/2019\/06\/THE-BIRTH-OF-OLD-GLORY.-FROM-PAINTING-BY-PERCY-MORAN.-Editado-por-Thos.-D.-Murphy-Co.-En-Red-Oak-Iowa-1917.jpg\" target=\"_blank\" rel=\"noopener noreferrer\"><img loading=\"lazy\" decoding=\"async\" class=\"wp-image-5258 size-large\" src=\"https:\/\/auladeclio.com\/auladeclio\/wp-content\/uploads\/2019\/06\/THE-BIRTH-OF-OLD-GLORY.-FROM-PAINTING-BY-PERCY-MORAN.-Editado-por-Thos.-D.-Murphy-Co.-En-Red-Oak-Iowa-1917-1024x771.jpg\" alt=\"\" width=\"648\" height=\"488\" srcset=\"https:\/\/auladeclio.com\/auladeclio\/wp-content\/uploads\/2019\/06\/THE-BIRTH-OF-OLD-GLORY.-FROM-PAINTING-BY-PERCY-MORAN.-Editado-por-Thos.-D.-Murphy-Co.-En-Red-Oak-Iowa-1917-1024x771.jpg 1024w, https:\/\/auladeclio.com\/auladeclio\/wp-content\/uploads\/2019\/06\/THE-BIRTH-OF-OLD-GLORY.-FROM-PAINTING-BY-PERCY-MORAN.-Editado-por-Thos.-D.-Murphy-Co.-En-Red-Oak-Iowa-1917-300x226.jpg 300w, https:\/\/auladeclio.com\/auladeclio\/wp-content\/uploads\/2019\/06\/THE-BIRTH-OF-OLD-GLORY.-FROM-PAINTING-BY-PERCY-MORAN.-Editado-por-Thos.-D.-Murphy-Co.-En-Red-Oak-Iowa-1917-768x579.jpg 768w, https:\/\/auladeclio.com\/auladeclio\/wp-content\/uploads\/2019\/06\/THE-BIRTH-OF-OLD-GLORY.-FROM-PAINTING-BY-PERCY-MORAN.-Editado-por-Thos.-D.-Murphy-Co.-En-Red-Oak-Iowa-1917.jpg 1200w\" sizes=\"auto, (max-width: 648px) 100vw, 648px\" \/><\/a><figcaption class=\"caption wp-caption-text\">THE BIRTH OF OLD GLORY. FROM PAINTING BY PERCY MORAN. Editado por Thos. D. Murphy Co. En Red Oak, Iowa (1917)<\/figcaption><\/figure>\n<\/div>\n<div class=\"col-lg-6 col-md-12 col-sm-12 col-12\">\n<figure id=\"attachment_5257\" class=\"thumbnail wp-caption aligncenter\" style=\"width: 658px\"><a href=\"https:\/\/auladeclio.com\/auladeclio\/wp-content\/uploads\/2019\/06\/EJECUCI\u00d3N-DE-LUIS-XVI-EL-21-DE-ENERO-DE-1793.-AUTOR-DESCONOCIDO.-Grabado-en-color-s.-XIX.jpg\" target=\"_blank\" rel=\"noopener noreferrer\"><img loading=\"lazy\" decoding=\"async\" class=\"wp-image-5257 size-large\" src=\"https:\/\/auladeclio.com\/auladeclio\/wp-content\/uploads\/2019\/06\/EJECUCI\u00d3N-DE-LUIS-XVI-EL-21-DE-ENERO-DE-1793.-AUTOR-DESCONOCIDO.-Grabado-en-color-s.-XIX-1024x767.jpg\" alt=\"\" width=\"648\" height=\"485\" srcset=\"https:\/\/auladeclio.com\/auladeclio\/wp-content\/uploads\/2019\/06\/EJECUCI\u00d3N-DE-LUIS-XVI-EL-21-DE-ENERO-DE-1793.-AUTOR-DESCONOCIDO.-Grabado-en-color-s.-XIX.jpg 1024w, https:\/\/auladeclio.com\/auladeclio\/wp-content\/uploads\/2019\/06\/EJECUCI\u00d3N-DE-LUIS-XVI-EL-21-DE-ENERO-DE-1793.-AUTOR-DESCONOCIDO.-Grabado-en-color-s.-XIX-300x225.jpg 300w, https:\/\/auladeclio.com\/auladeclio\/wp-content\/uploads\/2019\/06\/EJECUCI\u00d3N-DE-LUIS-XVI-EL-21-DE-ENERO-DE-1793.-AUTOR-DESCONOCIDO.-Grabado-en-color-s.-XIX-768x575.jpg 768w\" sizes=\"auto, (max-width: 648px) 100vw, 648px\" \/><\/a><figcaption class=\"caption wp-caption-text\">EJECUCI\u00d3N DE LUIS XVI EL 21 DE ENERO DE 1793. AUTOR DESCONOCIDO. Grabado en color (s. XIX)<\/figcaption><\/figure>\n<\/div>\n<\/div>[\/vc_wp_text][\/vc_column][\/vc_row]\n<\/div>","protected":false},"excerpt":{"rendered":"<p>[vc_row][vc_column width=&#8221;1\/3&#8243; offset=&#8221;vc_col-lg-offset-0 vc_col-md-offset-0 vc_col-sm-offset-0 vc_col-xs-3&#8243;][vc_icon icon_fontawesome=&#8221;fa fa-chevron-left&#8221; color=&#8221;sky&#8221; link=&#8221;url:http%3A%2F%2Fauladeclio.com%2Fauladeclio%2F2-5-la-expansion-de-la-industrializacion-y-el-capitalismo%2F|title:TEMA%20ANTERIOR|target:%20_blank|&#8221;][\/vc_column][vc_column width=&#8221;1\/3&#8243; offset=&#8221;vc_col-lg-offset-0 vc_col-md-offset-0 vc_col-sm-offset-0 vc_col-xs-offset-1 vc_col-xs-3&#8243;][\/vc_column][vc_column width=&#8221;1\/3&#8243; offset=&#8221;vc_col-lg-offset-0 vc_col-md-offset-0 vc_col-sm-offset-0 vc_col-xs-offset-1 vc_col-xs-3&#8243;][vc_icon icon_fontawesome=&#8221;fa fa-chevron-right&#8221; color=&#8221;sky&#8221; align=&#8221;right&#8221; link=&#8221;url:http%3A%2F%2Fauladeclio.com%2Fauladeclio%2F3-1-las-excepciones-al-antiguo-regimen%2F|title:EP%C3%8DGRAFE%20SIGUIENTE|target:%20_blank|&#8221;][\/vc_column][\/vc_row][vc_row][vc_column][vc_column_text]EN EL PRESENTE TEMA VEREMOS LOS SIGUIENTES EP\u00cdGRAFES:[\/vc_column_text][\/vc_column][\/vc_row][vc_row][vc_column][vc_separator][vc_custom_heading text=&#8221;3.1 Las excepciones al Antiguo R\u00e9gimen&#8221; google_fonts=&#8221;font_family:Ubuntu%3A300%2C300italic%2Cregular%2Citalic%2C500%2C500italic%2C700%2C700italic|font_style:400%20regular%3A400%3Anormal&#8221; link=&#8221;url:http%3A%2F%2Fauladeclio.com%2Fauladeclio%2F3-1-las-excepciones-al-antiguo-regimen%2F||target:%20_blank|&#8221;][vc_custom_heading text=&#8221;3.2 Sapere aude. La Ilustraci\u00f3n y la Enciclopedia&#8221; google_fonts=&#8221;font_family:Ubuntu%3A300%2C300italic%2Cregular%2Citalic%2C500%2C500italic%2C700%2C700italic|font_style:400%20regular%3A400%3Anormal&#8221; link=&#8221;url:http%3A%2F%2Fauladeclio.com%2Fauladeclio%2F3-2-sapere-aude%2F||target:%20_blank|&#8221;][vc_custom_heading text=&#8221;3.3 El liberalismo&#8221; [&hellip;]<\/p>\n","protected":false},"author":1,"featured_media":0,"parent":0,"menu_order":0,"comment_status":"closed","ping_status":"closed","template":"","meta":{"nf_dc_page":"","footnotes":""},"categories":[14,13],"tags":[],"class_list":["post-1334","page","type-page","status-publish","hentry","category-1o-de-bachillerato","category-historia-del-mundo-contemporaneo"],"_links":{"self":[{"href":"https:\/\/auladeclio.com\/auladeclio\/wp-json\/wp\/v2\/pages\/1334","targetHints":{"allow":["GET"]}}],"collection":[{"href":"https:\/\/auladeclio.com\/auladeclio\/wp-json\/wp\/v2\/pages"}],"about":[{"href":"https:\/\/auladeclio.com\/auladeclio\/wp-json\/wp\/v2\/types\/page"}],"author":[{"embeddable":true,"href":"https:\/\/auladeclio.com\/auladeclio\/wp-json\/wp\/v2\/users\/1"}],"replies":[{"embeddable":true,"href":"https:\/\/auladeclio.com\/auladeclio\/wp-json\/wp\/v2\/comments?post=1334"}],"version-history":[{"count":8,"href":"https:\/\/auladeclio.com\/auladeclio\/wp-json\/wp\/v2\/pages\/1334\/revisions"}],"predecessor-version":[{"id":7826,"href":"https:\/\/auladeclio.com\/auladeclio\/wp-json\/wp\/v2\/pages\/1334\/revisions\/7826"}],"wp:attachment":[{"href":"https:\/\/auladeclio.com\/auladeclio\/wp-json\/wp\/v2\/media?parent=1334"}],"wp:term":[{"taxonomy":"category","embeddable":true,"href":"https:\/\/auladeclio.com\/auladeclio\/wp-json\/wp\/v2\/categories?post=1334"},{"taxonomy":"post_tag","embeddable":true,"href":"https:\/\/auladeclio.com\/auladeclio\/wp-json\/wp\/v2\/tags?post=1334"}],"curies":[{"name":"wp","href":"https:\/\/api.w.org\/{rel}","templated":true}]}}