{"id":1320,"date":"2017-11-09T18:35:30","date_gmt":"2017-11-09T18:35:30","guid":{"rendered":"http:\/\/auladeclio.com\/auladeclio\/?page_id=1320"},"modified":"2021-06-24T08:50:37","modified_gmt":"2021-06-24T08:50:37","slug":"2-la-primera-revolucion-industrial-2","status":"publish","type":"page","link":"https:\/\/auladeclio.com\/auladeclio\/2-la-primera-revolucion-industrial-2\/","title":{"rendered":"2 LA PRIMERA REVOLUCI\u00d3N INDUSTRIAL"},"content":{"rendered":"<div class=\"wpb-content-wrapper\">[vc_row][vc_column width=&#8221;1\/3&#8243; offset=&#8221;vc_col-lg-offset-0 vc_col-md-offset-0 vc_col-sm-offset-0 vc_col-xs-3&#8243;][vc_icon icon_fontawesome=&#8221;fa fa-chevron-left&#8221; color=&#8221;sky&#8221; link=&#8221;url:http%3A%2F%2Fauladeclio.com%2Fauladeclio%2F1-6-el-fin-del-barroco%2F|title:TEMA%20ANTERIOR|target:%20_blank|&#8221;][\/vc_column][vc_column width=&#8221;1\/3&#8243; offset=&#8221;vc_col-lg-offset-0 vc_col-md-offset-0 vc_col-sm-offset-0 vc_col-xs-offset-1 vc_col-xs-3&#8243;][\/vc_column][vc_column width=&#8221;1\/3&#8243; offset=&#8221;vc_col-lg-offset-0 vc_col-md-offset-0 vc_col-sm-offset-0 vc_col-xs-offset-1 vc_col-xs-3&#8243;][vc_icon icon_fontawesome=&#8221;fa fa-chevron-right&#8221; color=&#8221;sky&#8221; align=&#8221;right&#8221; link=&#8221;url:http%3A%2F%2Fauladeclio.com%2Fauladeclio%2F2-1-tiempos-de-grandes-cambios%2F|title:EP%C3%8DGRAFE%20SIGUIENTE|target:%20_blank|&#8221;][\/vc_column][\/vc_row][vc_row][vc_column][vc_column_text]<span style=\"font-size: 18pt;\"><strong>EN EL PRESENTE TEMA VEREMOS LOS SIGUIENTES EP\u00cdGRAFES:<\/strong><\/span>[\/vc_column_text][\/vc_column][\/vc_row][vc_row][vc_column][vc_separator][vc_custom_heading text=&#8221;2.1 Tiempos de grandes cambios&#8221; google_fonts=&#8221;font_family:Ubuntu%3A300%2C300italic%2Cregular%2Citalic%2C500%2C500italic%2C700%2C700italic|font_style:400%20regular%3A400%3Anormal&#8221; link=&#8221;url:http%3A%2F%2Fauladeclio.com%2Fauladeclio%2F2-1-tiempos-de-grandes-cambios%2F||target:%20_blank|&#8221;][vc_custom_heading text=&#8221;2.2 \u00bfPor qu\u00e9 estalla la Revoluci\u00f3n Industrial?&#8221; google_fonts=&#8221;font_family:Ubuntu%3A300%2C300italic%2Cregular%2Citalic%2C500%2C500italic%2C700%2C700italic|font_style:400%20regular%3A400%3Anormal&#8221; link=&#8221;url:http%3A%2F%2Fauladeclio.com%2Fauladeclio%2F2-2-por-que-estalla-la-revolucion-industrial%2F||target:%20_blank|&#8221;][vc_custom_heading text=&#8221;2.3 Las industrias pioneras&#8221; google_fonts=&#8221;font_family:Ubuntu%3A300%2C300italic%2Cregular%2Citalic%2C500%2C500italic%2C700%2C700italic|font_style:400%20regular%3A400%3Anormal&#8221; link=&#8221;url:http%3A%2F%2Fauladeclio.com%2Fauladeclio%2F2-3-las-industrias-pioneras%2F||target:%20_blank|&#8221;][vc_custom_heading text=&#8221;2.4 La transformaci\u00f3n de la civilizaci\u00f3n occidental&#8221; google_fonts=&#8221;font_family:Ubuntu%3A300%2C300italic%2Cregular%2Citalic%2C500%2C500italic%2C700%2C700italic|font_style:400%20regular%3A400%3Anormal&#8221; link=&#8221;url:http%3A%2F%2Fauladeclio.com%2Fauladeclio%2F2-4-la-transformacion-de-la-civilizacion-occidental%2F||target:%20_blank|&#8221;][vc_custom_heading text=&#8221;2.5 La expansi\u00f3n de la industrializaci\u00f3n y del capitalismo&#8221; google_fonts=&#8221;font_family:Ubuntu%3A300%2C300italic%2Cregular%2Citalic%2C500%2C500italic%2C700%2C700italic|font_style:400%20regular%3A400%3Anormal&#8221; link=&#8221;url:http%3A%2F%2Fauladeclio.com%2Fauladeclio%2F2-5-la-expansion-de-la-industrializacion-y-el-capitalismo%2F||target:%20_blank|&#8221;][\/vc_column][\/vc_row][vc_row][vc_column][vc_btn title=&#8221;DESCARGA EL TEMA EN PDF&#8221; shape=&#8221;square&#8221; color=&#8221;pink&#8221; align=&#8221;center&#8221; i_icon_fontawesome=&#8221;fa fa-file-pdf-o&#8221; button_block=&#8221;true&#8221; add_icon=&#8221;true&#8221; link=&#8221;url:https%3A%2F%2F1drv.ms%2Fw%2Fs!Ao1W-z3Sn3gdgf9ZIKeUYA_7gJlntQ|title:DESCARGA%20EL%20TEMA%20EN%20PDF|target:%20_blank|&#8221;][vc_btn title=&#8221;DESCARGA EL CUADERNO DE ACTIVIDADES EN .DOCX&#8221; shape=&#8221;square&#8221; color=&#8221;primary&#8221; align=&#8221;center&#8221; i_icon_fontawesome=&#8221;&#8221; button_block=&#8221;true&#8221; add_icon=&#8221;true&#8221; link=&#8221;url:https%3A%2F%2F1drv.ms%2Fw%2Fs!Ao1W-z3Sn3gdgqxdFVLzNEf6FhBaCw%3Fe%3DMMEYCE|title:DESCARGA%20EL%20TEMA%20EN%20PDF|target:_blank&#8221;][vc_separator][vc_cta h2=&#8221;10.000 A\u00d1OS DESPU\u00c9S OTRA GRAN TRANSFORMACI\u00d3N REVOLUCIONAR\u00c1 LA SOCIEDAD&#8221; h4=&#8221;TANTO LA REVOLUCI\u00d3N NEOL\u00cdTICA, COMO LA REVOLUCI\u00d3N INDUSTRIAL SUPUSIERON UN CAMBIO TOTAL DE LA HUMANIDAD&#8221;]\n<p style=\"text-align: justify;\"><strong>Los cambios y avances que se hab\u00edan producido desde que la agricultura y la ganader\u00eda se inventaron, hac\u00eda ya m\u00e1s de 10.000 a\u00f1os, hab\u00edan sido menores en comparaci\u00f3n con lo que estaba a punto de suceder en Inglaterra a finales del siglo XVIII.<\/strong> Ni el Antiguo Egipto, ni la Grecia Antigua, tampoco el Imperio romano, ni los grandes reinos e imperios asi\u00e1ticos\u00a0 o precolombinos fueron capaces de llevar a cabo un cambio tan profundo como el que se iba a producirse en Europa a finales del siglo XVIII y principios del XIX.<\/p>\n<p style=\"text-align: justify;\"><strong>Durante los siglos XVI y XVII<\/strong> una serie de cient\u00edficos comenzaron a allanar el camino para lo que estaba por llegar, <strong>se comenzaron a poner en duda las tesis de los antiguos y el empirismo y el m\u00e9todo cient\u00edfico comenzaron a asentarse.<\/strong> Ya no era suficiente con que la Iglesia o antiguos fil\u00f3sofos dijeran como era el mundo, hab\u00eda que demostrarlo cient\u00edficamente.<\/p>\n<p style=\"text-align: justify;\"><strong>El aumento demogr\u00e1fico del siglo XVIII oblig\u00f3 a la agricultura y a las manufacturas a aumentar su producci\u00f3n<\/strong>, diversas leyes en Inglaterra arrastraron, de manera involuntaria, a parte de la poblaci\u00f3n a las <strong>ciudades, en torno a las cuales comenzaron a aparecer f\u00e1bricas textiles<\/strong>. Toda esta producci\u00f3n necesitaba ser transportada y <strong>comenzaron a desarrollarse nuevos m\u00e9todos de transporte<\/strong>, al mismo tiempo estas f\u00e1bricas necesitaban grandes cantidades de dinero para ser construidas y <strong>el dinero comenz\u00f3 a moverse de unas manos a otras muy r\u00e1pidamente, estaba apareciendo el capitalismo.<\/strong><\/p>\n<p style=\"text-align: justify;\"><strong>El \u00e9xito de la industrializaci\u00f3n inglesa fue copiado en el continente europeo<\/strong> y r\u00e1pidamente se extendi\u00f3 por B\u00e9lgica, Francia y los estados alemanes.<\/p>\n<p style=\"text-align: justify;\"><strong>La industrializaci\u00f3n ya no pod\u00eda pararse y sus consecuencias ser\u00edan imprevisibles para los habitantes de la Europa de finales del siglo XVIII y principios del XIX. La humanidad nuca volver\u00eda a ser la misma.<\/strong><\/p>\n[\/vc_cta][vc_custom_heading text=&#8221;LA REVOLUCI\u00d3N CIENT\u00cdFICA PREVIA A LA REVOLUCI\u00d3N INDUSTRIAL&#8221; use_theme_fonts=&#8221;yes&#8221;][vc_media_grid element_width=&#8221;2&#8243; grid_id=&#8221;vc_gid:1624524563988-448e55de651a51b237efa8245fac69cd-9&#8243; include=&#8221;3286,3288,3291,3290,3289,3292,3298,3293,3295,3296,3294,3297&#8243;][vc_custom_heading text=&#8221;UNO DE LOS CAMBIOS M\u00c1S LLAMATIVOS DE LA REVOLUCI\u00d3N INDUSTRIAL&#8221; use_theme_fonts=&#8221;yes&#8221;][vc_video link=&#8221;https:\/\/www.youtube.com\/watch?v=MT-70ni4Ddo&#8221;][vc_custom_heading text=&#8221;PROGRAMA SOBRE LA REVOLUCI\u00d3N INDUSTRIAL EN LA 2&#8243; use_theme_fonts=&#8221;yes&#8221;][vc_raw_html]JTIwJTIwJTIwJTIwJTIwJTIwJTIwJTIwJTIwJTIwJTIwJTIwJTIwJTIwJTIwJTIwJTIwJTIwJTIwJTIwJTIwJTIwJTIwJTIwJTNDZGl2JTIwc3R5bGUlM0QlMjJ3aWR0aCUzQTEwMCUyNSUzQnBhZGRpbmctdG9wJTNBNjQlMjUlM0Jwb3NpdGlvbiUzQXJlbGF0aXZlJTNCYm9yZGVyLWJvdHRvbSUzQTFweCUyMHNvbGlkJTIwJTIzYWFhJTNCZGlzcGxheSUzQWlubGluZS1ibG9jayUzQmJhY2tncm91bmQlM0ElMjNlZWUlM0JiYWNrZ3JvdW5kJTNBcmdiYSUyODI1NSUyQzI1NSUyQzI1NSUyQzAuOSUyOSUzQiUyMiUzRSUwQSUyMCUyMCUyMCUyMCUzQ2lmcmFtZSUyMGZyYW1lYm9yZGVyJTNEJTIyMCUyMiUyMHNyYyUzRCUyMmh0dHAlM0ElMkYlMkZ3d3cucnR2ZS5lcyUyRmRybW4lMkZlbWJlZCUyRnZpZGVvJTJGMjQ5NzQzMSUyMiUyMG5hbWUlM0QlMjJMYSUyMHJldm9sdWNpJUMzJUIzbiUyMGluZHVzdHJpYWwlMjIlMjBzY3JvbGxpbmclM0QlMjJubyUyMiUyMHN0eWxlJTNEJTIyd2lkdGglM0ExMDAlMjUlM0JoZWlnaHQlM0E5MCUyNSUzQnBvc2l0aW9uJTNBYWJzb2x1dGUlM0JsZWZ0JTNBMCUzQnRvcCUzQTAlM0JvdmVyZmxvdyUzQWhpZGRlbiUzQiUyMiUyMGFsbG93ZnVsbHNjcmVlbiUzRSUzQyUyRmlmcmFtZSUzRSUwQSUyMCUyMCUyMCUyMCUzQ2RpdiUyMHN0eWxlJTNEJTIycG9zaXRpb24lM0FhYnNvbHV0ZSUzQmJvdHRvbSUzQTAlM0JsZWZ0JTNBMCUzQmZvbnQtZmFtaWx5JTNBYXJpYWwlMkNoZWx2ZXRpY2ElMkNzYW5zLXNlcmlmJTNCZm9udC1zaXplJTNBMTJweCUzQmxpbmUtaGVpZ2h0JTNBMS44MzMlM0JkaXNwbGF5JTNBaW5saW5lLWJsb2NrJTNCcGFkZGluZyUzQTVweCUyMDAlMjA1cHglMjAxMHB4JTNCJTIyJTNFJTBBJTIwJTIwJTIwJTIwJTIwJTIwJTIwJTIwJTNDc3BhbiUyMHN0eWxlJTNEJTIyZmxvYXQlM0FsZWZ0JTNCbWFyZ2luLXJpZ2h0JTNBMTBweCUzQiUyMiUzRSUwQSUyMCUyMCUyMCUyMCUyMCUyMCUyMCUyMCUwOSUzQ2ltZyUyMHN0eWxlJTNEJTIyaGVpZ2h0JTNBMjBweCUzQndpZHRoJTNBYXV0byUzQmJhY2tncm91bmQlM0ElMjB0cmFuc3BhcmVudCUzQnBhZGRpbmclM0EwJTNCbWFyZ2luJTNBMCUzQiUyMiUyMHNyYyUzRCUyMmh0dHAlM0ElMkYlMkZpbWcuaXJ0dmUuZXMlMkZjc3MlMkZydHZlLmNvbW1vbnMlMkZydHZlLmhlYWRlci5mb290ZXIlMkZpJTJGbG9nb1JUVkVlcy5wbmclMjIlM0UlMEElMjAlMjAlMjAlMjAlMjAlMjAlMjAlMjAlM0MlMkZzcGFuJTNFJTBBJTIwJTIwJTIwJTIwJTIwJTIwJTIwJTA5JTNDYSUyMHN0eWxlJTNEJTIyY29sb3IlM0ElMjMzMzMlM0Jmb250LXdlaWdodCUzQWJvbGQlM0IlMjIlMjB0aXRsZSUzRCUyMkxhJTIwcmV2b2x1Y2klQzMlQjNuJTIwaW5kdXN0cmlhbCUyMiUyMGhyZWYlM0QlMjJodHRwJTNBJTJGJTJGd3d3LnJ0dmUuZXMlMkZhbGFjYXJ0YSUyRnZpZGVvcyUyRnBhcmEtdG9kb3MtbGEtMiUyRnBhcmEtdG9kb3MtMi1kZWJhdGUtcmV2b2x1Y2lvbi1pbmR1c3RyaWFsJTJGMjQ5NzQzMSUyRiUyMiUzRSUwQSUyMCUyMCUyMCUyMCUyMCUyMCUyMCUyMCUyMCUyMCUyMCUyMCUzQ3N0cm9uZyUzRUxhJTIwcmV2b2x1Y2klQzMlQjNuJTIwaW5kdXN0cmlhbCUzQyUyRnN0cm9uZyUzRSUwQSUwOSUwOSUzQyUyRmElM0UlMEElMDklM0MlMkZkaXYlM0UlMEElM0MlMkZkaXYlM0UlMEElMEE=[\/vc_raw_html][\/vc_column][\/vc_row]\n<\/div>","protected":false},"excerpt":{"rendered":"<p>[vc_row][vc_column width=&#8221;1\/3&#8243; offset=&#8221;vc_col-lg-offset-0 vc_col-md-offset-0 vc_col-sm-offset-0 vc_col-xs-3&#8243;][vc_icon icon_fontawesome=&#8221;fa fa-chevron-left&#8221; color=&#8221;sky&#8221; link=&#8221;url:http%3A%2F%2Fauladeclio.com%2Fauladeclio%2F1-6-el-fin-del-barroco%2F|title:TEMA%20ANTERIOR|target:%20_blank|&#8221;][\/vc_column][vc_column width=&#8221;1\/3&#8243; offset=&#8221;vc_col-lg-offset-0 vc_col-md-offset-0 vc_col-sm-offset-0 vc_col-xs-offset-1 vc_col-xs-3&#8243;][\/vc_column][vc_column width=&#8221;1\/3&#8243; offset=&#8221;vc_col-lg-offset-0 vc_col-md-offset-0 vc_col-sm-offset-0 vc_col-xs-offset-1 vc_col-xs-3&#8243;][vc_icon icon_fontawesome=&#8221;fa fa-chevron-right&#8221; color=&#8221;sky&#8221; align=&#8221;right&#8221; link=&#8221;url:http%3A%2F%2Fauladeclio.com%2Fauladeclio%2F2-1-tiempos-de-grandes-cambios%2F|title:EP%C3%8DGRAFE%20SIGUIENTE|target:%20_blank|&#8221;][\/vc_column][\/vc_row][vc_row][vc_column][vc_column_text]EN EL PRESENTE TEMA VEREMOS LOS SIGUIENTES EP\u00cdGRAFES:[\/vc_column_text][\/vc_column][\/vc_row][vc_row][vc_column][vc_separator][vc_custom_heading text=&#8221;2.1 Tiempos de grandes cambios&#8221; google_fonts=&#8221;font_family:Ubuntu%3A300%2C300italic%2Cregular%2Citalic%2C500%2C500italic%2C700%2C700italic|font_style:400%20regular%3A400%3Anormal&#8221; link=&#8221;url:http%3A%2F%2Fauladeclio.com%2Fauladeclio%2F2-1-tiempos-de-grandes-cambios%2F||target:%20_blank|&#8221;][vc_custom_heading text=&#8221;2.2 \u00bfPor qu\u00e9 estalla la Revoluci\u00f3n Industrial?&#8221; google_fonts=&#8221;font_family:Ubuntu%3A300%2C300italic%2Cregular%2Citalic%2C500%2C500italic%2C700%2C700italic|font_style:400%20regular%3A400%3Anormal&#8221; link=&#8221;url:http%3A%2F%2Fauladeclio.com%2Fauladeclio%2F2-2-por-que-estalla-la-revolucion-industrial%2F||target:%20_blank|&#8221;][vc_custom_heading text=&#8221;2.3 Las industrias pioneras&#8221; google_fonts=&#8221;font_family:Ubuntu%3A300%2C300italic%2Cregular%2Citalic%2C500%2C500italic%2C700%2C700italic|font_style:400%20regular%3A400%3Anormal&#8221; [&hellip;]<\/p>\n","protected":false},"author":1,"featured_media":0,"parent":0,"menu_order":0,"comment_status":"closed","ping_status":"closed","template":"","meta":{"nf_dc_page":"","footnotes":""},"categories":[14,13],"tags":[],"class_list":["post-1320","page","type-page","status-publish","hentry","category-1o-de-bachillerato","category-historia-del-mundo-contemporaneo"],"_links":{"self":[{"href":"https:\/\/auladeclio.com\/auladeclio\/wp-json\/wp\/v2\/pages\/1320","targetHints":{"allow":["GET"]}}],"collection":[{"href":"https:\/\/auladeclio.com\/auladeclio\/wp-json\/wp\/v2\/pages"}],"about":[{"href":"https:\/\/auladeclio.com\/auladeclio\/wp-json\/wp\/v2\/types\/page"}],"author":[{"embeddable":true,"href":"https:\/\/auladeclio.com\/auladeclio\/wp-json\/wp\/v2\/users\/1"}],"replies":[{"embeddable":true,"href":"https:\/\/auladeclio.com\/auladeclio\/wp-json\/wp\/v2\/comments?post=1320"}],"version-history":[{"count":5,"href":"https:\/\/auladeclio.com\/auladeclio\/wp-json\/wp\/v2\/pages\/1320\/revisions"}],"predecessor-version":[{"id":9548,"href":"https:\/\/auladeclio.com\/auladeclio\/wp-json\/wp\/v2\/pages\/1320\/revisions\/9548"}],"wp:attachment":[{"href":"https:\/\/auladeclio.com\/auladeclio\/wp-json\/wp\/v2\/media?parent=1320"}],"wp:term":[{"taxonomy":"category","embeddable":true,"href":"https:\/\/auladeclio.com\/auladeclio\/wp-json\/wp\/v2\/categories?post=1320"},{"taxonomy":"post_tag","embeddable":true,"href":"https:\/\/auladeclio.com\/auladeclio\/wp-json\/wp\/v2\/tags?post=1320"}],"curies":[{"name":"wp","href":"https:\/\/api.w.org\/{rel}","templated":true}]}}