{"id":1306,"date":"2017-11-09T18:30:11","date_gmt":"2017-11-09T18:30:11","guid":{"rendered":"http:\/\/auladeclio.com\/auladeclio\/?page_id=1306"},"modified":"2020-11-27T12:34:11","modified_gmt":"2020-11-27T12:34:11","slug":"el-antiguo-regimen-1700-1776","status":"publish","type":"page","link":"https:\/\/auladeclio.com\/auladeclio\/el-antiguo-regimen-1700-1776\/","title":{"rendered":"1 EL ANTIGUO R\u00c9GIMEN (1700-1776)"},"content":{"rendered":"<div class=\"wpb-content-wrapper\">[vc_row][vc_column width=&#8221;1\/3&#8243; offset=&#8221;vc_col-lg-offset-0 vc_col-md-offset-0 vc_col-sm-offset-0 vc_col-xs-3&#8243;][\/vc_column][vc_column width=&#8221;1\/3&#8243; offset=&#8221;vc_col-lg-offset-0 vc_col-md-offset-0 vc_col-sm-offset-0 vc_col-xs-offset-1 vc_col-xs-3&#8243;][vc_icon icon_fontawesome=&#8221;fa fa-list&#8221; color=&#8221;white&#8221; align=&#8221;center&#8221; link=&#8221;|title:%C3%8DNDICE%20DE%20EP%C3%8DGRAFES||&#8221;][\/vc_column][vc_column width=&#8221;1\/3&#8243; offset=&#8221;vc_col-lg-offset-0 vc_col-md-offset-0 vc_col-sm-offset-0 vc_col-xs-offset-1 vc_col-xs-3&#8243;][vc_icon icon_fontawesome=&#8221;fa fa-chevron-right&#8221; color=&#8221;sky&#8221; align=&#8221;right&#8221; link=&#8221;url:http%3A%2F%2Fauladeclio.com%2Fauladeclio%2F1-1-el-estado-soy-yo%2F|title:EP%C3%8DGRAFE%20SIGUIENTE|target:%20_blank|&#8221;][\/vc_column][\/vc_row][vc_row][vc_column][vc_column_text]<span style=\"font-size: 18pt;\"><strong>EN EL PRESENTE TEMA VEREMOS LOS SIGUIENTES EP\u00cdGRAFES:<\/strong><\/span>[\/vc_column_text][\/vc_column][\/vc_row][vc_row][vc_column][vc_separator][vc_custom_heading text=&#8221;1.1 &#8220;El Estado soy yo&#8220;&#8221; google_fonts=&#8221;font_family:Ubuntu%3A300%2C300italic%2Cregular%2Citalic%2C500%2C500italic%2C700%2C700italic|font_style:400%20regular%3A400%3Anormal&#8221; link=&#8221;url:http%3A%2F%2Fauladeclio.com%2Fauladeclio%2F1-1-el-estado-soy-yo%2F||target:%20_blank|&#8221;][vc_custom_heading text=&#8221;1.2 La sociedad del Antiguo R\u00e9gimen&#8221; google_fonts=&#8221;font_family:Ubuntu%3A300%2C300italic%2Cregular%2Citalic%2C500%2C500italic%2C700%2C700italic|font_style:400%20regular%3A400%3Anormal&#8221; link=&#8221;url:http%3A%2F%2Fauladeclio.com%2Fauladeclio%2F1-2-la-sociedad-del-antiguo-regimen%2F||target:%20_blank|&#8221;][vc_custom_heading text=&#8221;1.3 La econom\u00eda del Antiguo R\u00e9gimen&#8221; google_fonts=&#8221;font_family:Ubuntu%3A300%2C300italic%2Cregular%2Citalic%2C500%2C500italic%2C700%2C700italic|font_style:400%20regular%3A400%3Anormal&#8221; link=&#8221;url:http%3A%2F%2Fauladeclio.com%2Fauladeclio%2F1-3-la-economia-del-antiguo-regimen%2F||target:%20_blank|&#8221;][vc_custom_heading text=&#8221;1.4 Las relaciones internacionales en el s. XVIII: el equilibrio europeo&#8221; google_fonts=&#8221;font_family:Ubuntu%3A300%2C300italic%2Cregular%2Citalic%2C500%2C500italic%2C700%2C700italic|font_style:400%20regular%3A400%3Anormal&#8221; link=&#8221;url:http%3A%2F%2Fauladeclio.com%2Fauladeclio%2F1-4-las-relaciones-internacionales-en-el-s-xviii-el-equilibrio-europeo%2F||target:%20_blank|&#8221;][vc_custom_heading text=&#8221;1.5 El fin del barroco&#8221; google_fonts=&#8221;font_family:Ubuntu%3A300%2C300italic%2Cregular%2Citalic%2C500%2C500italic%2C700%2C700italic|font_style:400%20regular%3A400%3Anormal&#8221; link=&#8221;url:http%3A%2F%2Fauladeclio.com%2Fauladeclio%2F1-6-el-fin-del-barroco%2F||target:%20_blank|&#8221;][\/vc_column][\/vc_row][vc_row][vc_column][vc_btn title=&#8221;DESCARGA EL TEMA EN PDF&#8221; shape=&#8221;square&#8221; color=&#8221;pink&#8221; align=&#8221;center&#8221; i_icon_fontawesome=&#8221;fa fa-file-pdf-o&#8221; button_block=&#8221;true&#8221; add_icon=&#8221;true&#8221; link=&#8221;url:https%3A%2F%2F1drv.ms%2Fw%2Fs!Ao1W-z3Sn3gdgf9YbRC3jvEUcV_wMQ|title:DESCARGA%20EL%20TEMA%20EN%20PDF|target:%20_blank|&#8221;][vc_btn title=&#8221;DESCARGA EL CUADERNO DE ACTIVIDADES EN .DOCX&#8221; shape=&#8221;square&#8221; color=&#8221;primary&#8221; align=&#8221;center&#8221; i_icon_fontawesome=&#8221;fa fa-file-word-o&#8221; button_block=&#8221;true&#8221; add_icon=&#8221;true&#8221; link=&#8221;url:https%3A%2F%2F1drv.ms%2Fw%2Fs!Ao1W-z3Sn3gdgf9o0Ff5knBQinpUhw|title:DESCARGA%20EL%20TEMA%20EN%20PDF|target:%20_blank|&#8221;][vc_separator][vc_cta h2=&#8221;EL SIGLO XVIII COMENZABA CON LA CONSOLIDACI\u00d3N DE FRANCIA COMO PRIMERA POTENCIA EUROPEA Y LA CA\u00cdDA DE LOS HABSBURGO EN ESPA\u00d1A&#8221; h4=&#8221;Luis XIV se convert\u00eda en el monarca m\u00e1s poderoso de Europa y centralizaba todo el poder del estado en su imponente palacio: Versailles&#8221;]\n<p style=\"text-align: justify;\">Durante el silgo XVIII van a producirse algunos de los cambios m\u00e1s impresionantes de la historia de la humanidad, pero nada hac\u00eda pensar que semejantes cambios fueran a tener lugar antes de 1776.<\/p>\n<p style=\"text-align: justify;\">A principios del siglo XVIII el poder de los monarcas era absoluto y de origen divino, la sociedad estamental estaba m\u00e1s que asentada y el mercantilismo organizaba a la perfecci\u00f3n la econom\u00eda europea. Esta forma de organizar la sociedad fue denominada &#8220;Antiguo R\u00e9gimen&#8221; por los intelectuales y l\u00edderes que lucharon contra este sistema de gobierno a finales del siglo XVIII, en contraposici\u00f3n a sus nuevas propuestas de organizaci\u00f3n social.<\/p>\n<p style=\"text-align: justify;\">Por lo tanto, <strong>&#8220;Antiguo R\u00e9gimen&#8221; designa el conjunto de normas, estructuras sociales y formas de gobierno y propiedad que se dieron en Europa hasta las revoluciones liberales iniciadas a fines del siglo XVIII.<\/strong><\/p>\n<p style=\"text-align: justify;\">La <strong>sociedad<\/strong> del Antiguo R\u00e9gimen se <strong>basaba en la desigualdad<\/strong>. Estaba dividida en<strong> tres estamentos<\/strong>: el <strong>clero<\/strong>, la <strong>nobleza<\/strong> y el <strong>pueblo llano<\/strong>, <strong>cada uno con un r\u00e9gimen jur\u00eddico y fiscal propio.<\/strong><\/p>\n<p style=\"text-align: justify;\">El <strong>r\u00e9gimen<\/strong> <strong>demogr\u00e1fico<\/strong> se caracterizaba por unas <strong>altas tasas de natalidad y mortalidad<\/strong> y un crecimiento vegetativo muy lento.<\/p>\n<p style=\"text-align: justify;\">La<strong> econom\u00eda<\/strong> era <strong>de base agraria<\/strong>. La industria y <strong>el comercio<\/strong> eran sectores minoritarios, aunque este \u00faltimo<strong> comenzaba a desarrollarse gracias al intercambio<\/strong>, cada vez m\u00e1s fluido, de mercanc\u00edas <strong>con Am\u00e9rica y Asia.<\/strong><\/p>\n<p style=\"text-align: justify;\">El<strong> sistema pol\u00edtico<\/strong> predominante era la<strong> monarqu\u00eda absoluta y la legitimidad de este sistema era de origen divino.<\/strong><\/p>\n[\/vc_cta][vc_single_image image=&#8221;2668&#8243; img_size=&#8221;large&#8221; alignment=&#8221;center&#8221; onclick=&#8221;link_image&#8221; title=&#8221;LA FAMILIA DE FELIPE V. LOUIS MICHEL VAN LOO. Museo del Prado. Madrid. (1743)&#8221;][\/vc_column][\/vc_row]\n<\/div>","protected":false},"excerpt":{"rendered":"<p>[vc_row][vc_column width=&#8221;1\/3&#8243; offset=&#8221;vc_col-lg-offset-0 vc_col-md-offset-0 vc_col-sm-offset-0 vc_col-xs-3&#8243;][\/vc_column][vc_column width=&#8221;1\/3&#8243; offset=&#8221;vc_col-lg-offset-0 vc_col-md-offset-0 vc_col-sm-offset-0 vc_col-xs-offset-1 vc_col-xs-3&#8243;][vc_icon icon_fontawesome=&#8221;fa fa-list&#8221; color=&#8221;white&#8221; align=&#8221;center&#8221; link=&#8221;|title:%C3%8DNDICE%20DE%20EP%C3%8DGRAFES||&#8221;][\/vc_column][vc_column width=&#8221;1\/3&#8243; offset=&#8221;vc_col-lg-offset-0 vc_col-md-offset-0 vc_col-sm-offset-0 vc_col-xs-offset-1 vc_col-xs-3&#8243;][vc_icon icon_fontawesome=&#8221;fa fa-chevron-right&#8221; color=&#8221;sky&#8221; align=&#8221;right&#8221; link=&#8221;url:http%3A%2F%2Fauladeclio.com%2Fauladeclio%2F1-1-el-estado-soy-yo%2F|title:EP%C3%8DGRAFE%20SIGUIENTE|target:%20_blank|&#8221;][\/vc_column][\/vc_row][vc_row][vc_column][vc_column_text]EN EL PRESENTE TEMA VEREMOS LOS SIGUIENTES EP\u00cdGRAFES:[\/vc_column_text][\/vc_column][\/vc_row][vc_row][vc_column][vc_separator][vc_custom_heading text=&#8221;1.1 &#8220;El Estado soy yo&#8220;&#8221; google_fonts=&#8221;font_family:Ubuntu%3A300%2C300italic%2Cregular%2Citalic%2C500%2C500italic%2C700%2C700italic|font_style:400%20regular%3A400%3Anormal&#8221; link=&#8221;url:http%3A%2F%2Fauladeclio.com%2Fauladeclio%2F1-1-el-estado-soy-yo%2F||target:%20_blank|&#8221;][vc_custom_heading text=&#8221;1.2 La sociedad del Antiguo R\u00e9gimen&#8221; google_fonts=&#8221;font_family:Ubuntu%3A300%2C300italic%2Cregular%2Citalic%2C500%2C500italic%2C700%2C700italic|font_style:400%20regular%3A400%3Anormal&#8221; link=&#8221;url:http%3A%2F%2Fauladeclio.com%2Fauladeclio%2F1-2-la-sociedad-del-antiguo-regimen%2F||target:%20_blank|&#8221;][vc_custom_heading text=&#8221;1.3 La econom\u00eda del Antiguo [&hellip;]<\/p>\n","protected":false},"author":1,"featured_media":0,"parent":0,"menu_order":0,"comment_status":"closed","ping_status":"closed","template":"","meta":{"nf_dc_page":"","footnotes":""},"categories":[14,13],"tags":[],"class_list":["post-1306","page","type-page","status-publish","hentry","category-1o-de-bachillerato","category-historia-del-mundo-contemporaneo"],"_links":{"self":[{"href":"https:\/\/auladeclio.com\/auladeclio\/wp-json\/wp\/v2\/pages\/1306","targetHints":{"allow":["GET"]}}],"collection":[{"href":"https:\/\/auladeclio.com\/auladeclio\/wp-json\/wp\/v2\/pages"}],"about":[{"href":"https:\/\/auladeclio.com\/auladeclio\/wp-json\/wp\/v2\/types\/page"}],"author":[{"embeddable":true,"href":"https:\/\/auladeclio.com\/auladeclio\/wp-json\/wp\/v2\/users\/1"}],"replies":[{"embeddable":true,"href":"https:\/\/auladeclio.com\/auladeclio\/wp-json\/wp\/v2\/comments?post=1306"}],"version-history":[{"count":3,"href":"https:\/\/auladeclio.com\/auladeclio\/wp-json\/wp\/v2\/pages\/1306\/revisions"}],"predecessor-version":[{"id":7799,"href":"https:\/\/auladeclio.com\/auladeclio\/wp-json\/wp\/v2\/pages\/1306\/revisions\/7799"}],"wp:attachment":[{"href":"https:\/\/auladeclio.com\/auladeclio\/wp-json\/wp\/v2\/media?parent=1306"}],"wp:term":[{"taxonomy":"category","embeddable":true,"href":"https:\/\/auladeclio.com\/auladeclio\/wp-json\/wp\/v2\/categories?post=1306"},{"taxonomy":"post_tag","embeddable":true,"href":"https:\/\/auladeclio.com\/auladeclio\/wp-json\/wp\/v2\/tags?post=1306"}],"curies":[{"name":"wp","href":"https:\/\/api.w.org\/{rel}","templated":true}]}}