{"id":1073,"date":"2017-10-21T16:39:12","date_gmt":"2017-10-21T16:39:12","guid":{"rendered":"http:\/\/auladeclio.com\/auladeclio\/?page_id=1073"},"modified":"2018-12-14T11:25:24","modified_gmt":"2018-12-14T11:25:24","slug":"1-1-el-paleolitico-y-el-neolitico-en-la-peninsula-iberica","status":"publish","type":"page","link":"https:\/\/auladeclio.com\/auladeclio\/1-1-el-paleolitico-y-el-neolitico-en-la-peninsula-iberica\/","title":{"rendered":"1.1 El Paleol\u00edtico y el Neol\u00edtico en la Pen\u00ednsula Ib\u00e9rica"},"content":{"rendered":"<div class=\"wpb-content-wrapper\">[vc_row][vc_column width=&#8221;1\/3&#8243; offset=&#8221;vc_col-lg-offset-0 vc_col-md-offset-0 vc_col-sm-offset-0 vc_col-xs-3&#8243;][vc_icon icon_fontawesome=&#8221;fa fa-chevron-left&#8221; color=&#8221;violet&#8221; link=&#8221;url:http%3A%2F%2Fauladeclio.com%2Fauladeclio%2F1-las-raices-historicas-de-espana-i%2F|title:EP%C3%8DGRAFE%20ANTERIOR|target:%20_blank|&#8221;][\/vc_column][vc_column width=&#8221;1\/3&#8243; offset=&#8221;vc_col-lg-offset-0 vc_col-md-offset-0 vc_col-sm-offset-0 vc_col-xs-offset-1 vc_col-xs-3&#8243;][vc_icon icon_fontawesome=&#8221;fa fa-list&#8221; color=&#8221;violet&#8221; align=&#8221;center&#8221; link=&#8221;url:http%3A%2F%2Fauladeclio.com%2Fauladeclio%2F1-las-raices-historicas-de-espana-i%2F|title:%C3%8DNDICE%20DE%20EP%C3%8DGRAFES|target:%20_blank|&#8221;][\/vc_column][vc_column width=&#8221;1\/3&#8243; offset=&#8221;vc_col-lg-offset-0 vc_col-md-offset-0 vc_col-sm-offset-0 vc_col-xs-offset-1 vc_col-xs-3&#8243;][vc_icon icon_fontawesome=&#8221;fa fa-chevron-right&#8221; color=&#8221;violet&#8221; align=&#8221;right&#8221; link=&#8221;url:http%3A%2F%2Fauladeclio.com%2Fauladeclio%2F1-2-la-peninsula-iberica-antes-de-la-conquista-de-roma%2F|title:EP%C3%8DGRAFE%20SIGUIENTE|target:%20_blank|&#8221;][\/vc_column][\/vc_row][vc_row][vc_column][vc_tta_tabs style=&#8221;outline&#8221; shape=&#8221;square&#8221; color=&#8221;violet&#8221; active_section=&#8221;1&#8243; pagination_style=&#8221;flat-rounded&#8221; pagination_color=&#8221;violet&#8221;][vc_tta_section i_icon_fontawesome=&#8221;fa fa-book&#8221; add_icon=&#8221;true&#8221; title=&#8221;TEMA&#8221; tab_id=&#8221;1509006569048-f59e903e-56d1&#8243;][vc_column_text]CONTENIDOS Y EST\u00c1NDARES RELACIONADOS CON LA UNIDAD[\/vc_column_text][vc_toggle title=&#8221;LOS PRIMEROS HOMININOS DE LA PEN\u00cdNSULA IB\u00c9RICA&#8221; custom_font_container=&#8221;tag:h4|text_align:left|color:%238224e3&#8243; custom_google_fonts=&#8221;font_family:Bitter%3Aregular%2Citalic%2C700|font_style:400%20regular%3A400%3Anormal&#8221; use_custom_heading=&#8221;true&#8221;]El contenido a alternar va aqu\u00ed, pulsa el bot\u00f3n editar para cambiar este texto.[\/vc_toggle][vc_toggle title=&#8221;LA \u00daLTIMA GLACIACI\u00d3N Y LA EXTINCI\u00d3N DE LOS NEANDERTALES&#8221; custom_font_container=&#8221;tag:h4|text_align:left|color:%238224e3&#8243; custom_google_fonts=&#8221;font_family:Bitter%3Aregular%2Citalic%2C700|font_style:400%20regular%3A400%3Anormal&#8221; use_custom_heading=&#8221;true&#8221;]El contenido a alternar va aqu\u00ed, pulsa el bot\u00f3n editar para cambiar este texto.[\/vc_toggle][vc_toggle title=&#8221;LA REVOLUCI\u00d3N NEOL\u00cdTICA EN LA PEN\u00cdNSULA IB\u00c9RICA&#8221; custom_font_container=&#8221;tag:h4|text_align:left|color:%238224e3&#8243; custom_google_fonts=&#8221;font_family:Bitter%3Aregular%2Citalic%2C700|font_style:400%20regular%3A400%3Anormal&#8221; use_custom_heading=&#8221;true&#8221;]El contenido a alternar va aqu\u00ed, pulsa el bot\u00f3n editar para cambiar este texto.[\/vc_toggle][vc_toggle title=&#8221;LA EDAD DE LOS METALES Y EL MEGALITISMO&#8221; custom_font_container=&#8221;tag:h4|text_align:left|color:%238224e3&#8243; custom_google_fonts=&#8221;font_family:Bitter%3Aregular%2Citalic%2C700|font_style:400%20regular%3A400%3Anormal&#8221; use_custom_heading=&#8221;true&#8221;]El contenido a alternar va aqu\u00ed, pulsa el bot\u00f3n editar para cambiar este texto.[\/vc_toggle][\/vc_tta_section][vc_tta_section i_icon_fontawesome=&#8221;fa fa-pencil&#8221; add_icon=&#8221;true&#8221; title=&#8221;EJERCICIOS&#8221; tab_id=&#8221;1509006569048-69f0d63d-3f36&#8243;][vc_column_text]<strong>COMPLETA EL SIGUIENTE FORMULARIO CON PREGUNTAS SOBRE XXXXXXXXXXXXXXX:<\/strong>[\/vc_column_text][\/vc_tta_section][vc_tta_section i_icon_fontawesome=&#8221;fa fa-puzzle-piece&#8221; add_icon=&#8221;true&#8221; title=&#8221;ACTIVIDADES&#8221; tab_id=&#8221;1509006579146-16897097-dde9&#8243;][vc_column_text]ACTIVIDAD RELACIONADA CON UNO O VARIOS EST\u00c1NDARES DE APRENDIZAJE[\/vc_column_text][\/vc_tta_section][vc_tta_section i_icon_fontawesome=&#8221;fa fa-lightbulb-o&#8221; add_icon=&#8221;true&#8221; title=&#8221;TAREAS&#8221; tab_id=&#8221;1520438215273-bfb2598c-dd88&#8243;][vc_column_text]TAREA DE S\u00cdNTESIS. NORMALMENTE UN MAPA CONCEPTUAL O UN EJE CRONOL\u00d3GICO[\/vc_column_text][vc_toggle title=&#8221;PROPUESTA PARA EL TRABAJO INDIVIDUAL RELACIONADO CON LOS DERECHOS HUMANOS&#8221;]El contenido a alternar va aqu\u00ed, pulsa el bot\u00f3n editar para cambiar este texto.[\/vc_toggle][\/vc_tta_section][vc_tta_section i_icon_fontawesome=&#8221;fa fa-plus-circle&#8221; add_icon=&#8221;true&#8221; title=&#8221;CONSOLIDA&#8221; tab_id=&#8221;1524164322459-38712b94-b327&#8243;][vc_column_text]EJERCICIOS O ACTIVIDADES DESTINADAS A AYUDAR CON LAS ACTIVIDADES RELACIONADAS CON LOS EST\u00c1NDARES[\/vc_column_text][\/vc_tta_section][vc_tta_section i_icon_fontawesome=&#8221;fa fa-question-circle&#8221; add_icon=&#8221;true&#8221; title=&#8221;PROFUNDIZA&#8221; tab_id=&#8221;1524164499297-d8938bdf-1969&#8243;][vc_column_text]ACTIVIDAD DE AMPLIACI\u00d3N CON ALGUNA CURIOSIDAD[\/vc_column_text][\/vc_tta_section][\/vc_tta_tabs][\/vc_column][\/vc_row]\n<\/div>","protected":false},"excerpt":{"rendered":"<p>[vc_row][vc_column width=&#8221;1\/3&#8243; offset=&#8221;vc_col-lg-offset-0 vc_col-md-offset-0 vc_col-sm-offset-0 vc_col-xs-3&#8243;][vc_icon icon_fontawesome=&#8221;fa fa-chevron-left&#8221; color=&#8221;violet&#8221; link=&#8221;url:http%3A%2F%2Fauladeclio.com%2Fauladeclio%2F1-las-raices-historicas-de-espana-i%2F|title:EP%C3%8DGRAFE%20ANTERIOR|target:%20_blank|&#8221;][\/vc_column][vc_column width=&#8221;1\/3&#8243; offset=&#8221;vc_col-lg-offset-0 vc_col-md-offset-0 vc_col-sm-offset-0 vc_col-xs-offset-1 vc_col-xs-3&#8243;][vc_icon icon_fontawesome=&#8221;fa fa-list&#8221; color=&#8221;violet&#8221; align=&#8221;center&#8221; link=&#8221;url:http%3A%2F%2Fauladeclio.com%2Fauladeclio%2F1-las-raices-historicas-de-espana-i%2F|title:%C3%8DNDICE%20DE%20EP%C3%8DGRAFES|target:%20_blank|&#8221;][\/vc_column][vc_column width=&#8221;1\/3&#8243; offset=&#8221;vc_col-lg-offset-0 vc_col-md-offset-0 vc_col-sm-offset-0 vc_col-xs-offset-1 vc_col-xs-3&#8243;][vc_icon icon_fontawesome=&#8221;fa fa-chevron-right&#8221; color=&#8221;violet&#8221; align=&#8221;right&#8221; link=&#8221;url:http%3A%2F%2Fauladeclio.com%2Fauladeclio%2F1-2-la-peninsula-iberica-antes-de-la-conquista-de-roma%2F|title:EP%C3%8DGRAFE%20SIGUIENTE|target:%20_blank|&#8221;][\/vc_column][\/vc_row][vc_row][vc_column][vc_tta_tabs style=&#8221;outline&#8221; shape=&#8221;square&#8221; color=&#8221;violet&#8221; active_section=&#8221;1&#8243; pagination_style=&#8221;flat-rounded&#8221; pagination_color=&#8221;violet&#8221;][vc_tta_section i_icon_fontawesome=&#8221;fa fa-book&#8221; add_icon=&#8221;true&#8221; title=&#8221;TEMA&#8221; tab_id=&#8221;1509006569048-f59e903e-56d1&#8243;][vc_column_text]CONTENIDOS Y EST\u00c1NDARES RELACIONADOS CON LA UNIDAD[\/vc_column_text][vc_toggle title=&#8221;LOS PRIMEROS HOMININOS DE LA PEN\u00cdNSULA [&hellip;]<\/p>\n","protected":false},"author":1,"featured_media":0,"parent":0,"menu_order":0,"comment_status":"closed","ping_status":"closed","template":"","meta":{"nf_dc_page":"","footnotes":""},"categories":[101,102],"tags":[],"class_list":["post-1073","page","type-page","status-publish","hentry","category-2o-bachillerato","category-ha-de-espana"],"_links":{"self":[{"href":"https:\/\/auladeclio.com\/auladeclio\/wp-json\/wp\/v2\/pages\/1073","targetHints":{"allow":["GET"]}}],"collection":[{"href":"https:\/\/auladeclio.com\/auladeclio\/wp-json\/wp\/v2\/pages"}],"about":[{"href":"https:\/\/auladeclio.com\/auladeclio\/wp-json\/wp\/v2\/types\/page"}],"author":[{"embeddable":true,"href":"https:\/\/auladeclio.com\/auladeclio\/wp-json\/wp\/v2\/users\/1"}],"replies":[{"embeddable":true,"href":"https:\/\/auladeclio.com\/auladeclio\/wp-json\/wp\/v2\/comments?post=1073"}],"version-history":[{"count":7,"href":"https:\/\/auladeclio.com\/auladeclio\/wp-json\/wp\/v2\/pages\/1073\/revisions"}],"predecessor-version":[{"id":4611,"href":"https:\/\/auladeclio.com\/auladeclio\/wp-json\/wp\/v2\/pages\/1073\/revisions\/4611"}],"wp:attachment":[{"href":"https:\/\/auladeclio.com\/auladeclio\/wp-json\/wp\/v2\/media?parent=1073"}],"wp:term":[{"taxonomy":"category","embeddable":true,"href":"https:\/\/auladeclio.com\/auladeclio\/wp-json\/wp\/v2\/categories?post=1073"},{"taxonomy":"post_tag","embeddable":true,"href":"https:\/\/auladeclio.com\/auladeclio\/wp-json\/wp\/v2\/tags?post=1073"}],"curies":[{"name":"wp","href":"https:\/\/api.w.org\/{rel}","templated":true}]}}